{"id":28360,"date":"2024-12-22T13:28:42","date_gmt":"2024-12-22T11:28:42","guid":{"rendered":"https:\/\/mosesexport.com\/su-mualic%c9%99si-ucun-duz\/"},"modified":"2026-02-03T13:44:23","modified_gmt":"2026-02-03T11:44:23","slug":"su-mualic%c9%99si-ucun-duz","status":"publish","type":"page","link":"https:\/\/mosesexport.com\/az\/duz\/su-mualic%c9%99si-ucun-duz\/","title":{"rendered":"Suyun t\u0259mizl\u0259nm\u0259si \u00fc\u00e7\u00fcn duz"},"content":{"rendered":"\t\t<div data-elementor-type=\"wp-page\" data-elementor-id=\"28360\" class=\"elementor elementor-28360 elementor-16574\">\n\t\t\t\t<div class=\"elementor-element elementor-element-41bee14 e-flex e-con-boxed e-con e-parent\" data-id=\"41bee14\" data-element_type=\"container\" data-e-type=\"container\" data-settings=\"{&quot;background_background&quot;:&quot;classic&quot;}\">\n\t\t\t\t\t<div class=\"e-con-inner\">\n\t\t\t\t<div class=\"elementor-element elementor-element-0272542 elementor-widget elementor-widget-heading\" data-id=\"0272542\" data-element_type=\"widget\" data-e-type=\"widget\" data-settings=\"{&quot;wdt_animation_effect&quot;:&quot;none&quot;}\" data-widget_type=\"heading.default\">\n\t\t\t\t<div class=\"elementor-widget-container\">\n\t\t\t\t\t<h3 class=\"elementor-heading-title elementor-size-default\">Suyun t\u0259mizl\u0259nm\u0259si \u00fc\u00e7\u00fcn duz Kateqoriyalar<\/h3>\t\t\t\t<\/div>\n\t\t\t\t<\/div>\n\t\t\t\t<div class=\"elementor-element elementor-element-4adc56e elementor-widget elementor-widget-text-editor\" data-id=\"4adc56e\" data-element_type=\"widget\" data-e-type=\"widget\" data-settings=\"{&quot;wdt_animation_effect&quot;:&quot;none&quot;}\" data-widget_type=\"text-editor.default\">\n\t\t\t\t<div class=\"elementor-widget-container\">\n\t\t\t\t\t\t\t\t\t<p>Suyun t\u0259mizl\u0259nm\u0259si \u00fc\u00e7\u00fcn duz, duzsuz su yum\u015fald\u0131c\u0131s\u0131 v\u0259 duzsuz su kondisioner sisteml\u0259ri \u00fc\u00e7\u00fcn vacibdir v\u0259 kalsium v\u0259 maqnezium kimi s\u0259rtliy\u0259 s\u0259b\u0259b olan minerallar\u0131 effektiv \u015f\u0259kild\u0259 azald\u0131r. B\u00fct\u00fcn ev duzlu su filtrasiya sisteml\u0259ri, duzlu su filtr sisteml\u0259ri v\u0259 duzlu suyun t\u0259rs osmoz sisteml\u0259ri \u00fc\u00e7\u00fcn ideald\u0131r.<\/p>\t\t\t\t\t\t\t\t<\/div>\n\t\t\t\t<\/div>\n\t\t\t\t\t<\/div>\n\t\t\t\t<\/div>\n\t\t<div class=\"elementor-element elementor-element-e5ae213 e-flex e-con-boxed e-con e-parent\" data-id=\"e5ae213\" data-element_type=\"container\" data-e-type=\"container\">\n\t\t\t\t\t<div class=\"e-con-inner\">\n\t\t\t\t<div class=\"elementor-element elementor-element-1d42109 start start elementor-widget-mobile__width-inherit wdt-cus-service-style-01 elementor-widget elementor-widget-wdt-image-box\" data-id=\"1d42109\" data-element_type=\"widget\" data-e-type=\"widget\" data-settings=\"{&quot;button_normal_background_background&quot;:&quot;classic&quot;,&quot;button_normal_background_color&quot;:&quot;#FFC52700&quot;,&quot;button_hover_background_background&quot;:&quot;classic&quot;,&quot;button_hover_background_color&quot;:&quot;#FFC52700&quot;,&quot;columns&quot;:&quot;3&quot;,&quot;item_normal_background_background&quot;:&quot;gradient&quot;,&quot;item_normal_background_color&quot;:&quot;#003057&quot;,&quot;item_hover_background_background&quot;:&quot;gradient&quot;,&quot;_animation&quot;:&quot;none&quot;,&quot;columns_tablet&quot;:2,&quot;columns_mobile&quot;:1,&quot;carousel_arrows_prev_arrow_vertical_top_indent&quot;:{&quot;unit&quot;:&quot;%&quot;,&quot;size&quot;:&quot;&quot;,&quot;sizes&quot;:[]},&quot;carousel_arrows_prev_arrow_vertical_top_indent_tablet&quot;:{&quot;unit&quot;:&quot;%&quot;,&quot;size&quot;:&quot;&quot;,&quot;sizes&quot;:[]},&quot;carousel_arrows_prev_arrow_vertical_top_indent_mobile&quot;:{&quot;unit&quot;:&quot;%&quot;,&quot;size&quot;:&quot;&quot;,&quot;sizes&quot;:[]},&quot;carousel_arrows_prev_arrow_horizontal_left_indent&quot;:{&quot;unit&quot;:&quot;%&quot;,&quot;size&quot;:&quot;&quot;,&quot;sizes&quot;:[]},&quot;carousel_arrows_prev_arrow_horizontal_left_indent_tablet&quot;:{&quot;unit&quot;:&quot;%&quot;,&quot;size&quot;:&quot;&quot;,&quot;sizes&quot;:[]},&quot;carousel_arrows_prev_arrow_horizontal_left_indent_mobile&quot;:{&quot;unit&quot;:&quot;%&quot;,&quot;size&quot;:&quot;&quot;,&quot;sizes&quot;:[]},&quot;carousel_arrows_next_arrow_vertical_top_indent&quot;:{&quot;unit&quot;:&quot;%&quot;,&quot;size&quot;:&quot;&quot;,&quot;sizes&quot;:[]},&quot;carousel_arrows_next_arrow_vertical_top_indent_tablet&quot;:{&quot;unit&quot;:&quot;%&quot;,&quot;size&quot;:&quot;&quot;,&quot;sizes&quot;:[]},&quot;carousel_arrows_next_arrow_vertical_top_indent_mobile&quot;:{&quot;unit&quot;:&quot;%&quot;,&quot;size&quot;:&quot;&quot;,&quot;sizes&quot;:[]},&quot;carousel_arrows_next_arrow_horizontal_left_indent&quot;:{&quot;unit&quot;:&quot;%&quot;,&quot;size&quot;:&quot;&quot;,&quot;sizes&quot;:[]},&quot;carousel_arrows_next_arrow_horizontal_left_indent_tablet&quot;:{&quot;unit&quot;:&quot;%&quot;,&quot;size&quot;:&quot;&quot;,&quot;sizes&quot;:[]},&quot;carousel_arrows_next_arrow_horizontal_left_indent_mobile&quot;:{&quot;unit&quot;:&quot;%&quot;,&quot;size&quot;:&quot;&quot;,&quot;sizes&quot;:[]},&quot;wdt_animation_effect&quot;:&quot;none&quot;}\" data-widget_type=\"wdt-image-box.default\">\n\t\t\t\t<div class=\"elementor-widget-container\">\n\t\t\t\t\t<div class=\"wdt-image-box-holder wdt-content-item-holder wdt-column-holder wdt-rc-template-custom-template wdt-image-lightbox-popup wdt-image-active-class\" id=\"wdt-image-box-1d42109\" data-settings=\"{&quot;enable_popup&quot;:&quot;yes&quot;,&quot;enable_hover_class&quot;:&quot;yes&quot;}\"><div class=\"wdt-column-wrapper wdt-column-gap-wide wdt-snap-scroll-enabled\" data-column-settings=\"{&quot;columnDevices&quot;:[&quot;tablet&quot;,&quot;mobile&quot;]}\" data-module-id=\"wdt-module-id-1d42109\" id=\"wdt-module-id-1d42109\"><div class=\"wdt-column\"><div class=\"wdt-content-item\"><div class=\"wdt-content-media-group\"><div class=\"wdt-content-elements-group wdt-media-group wdt-media-image-cover\"><div class=\"wdt-content-image-wrapper \"><div class=\"wdt-content-image\"><a href=\"https:\/\/mosesexport.com\/az\/suyun-yumsaldilmasi-ucun-duz\/\"><img fetchpriority=\"high\" decoding=\"async\" width=\"800\" height=\"433\" src=\"https:\/\/mosesexport.com\/wp-content\/uploads\/2026\/01\/Untitled-design.png\" class=\"attachment-full size-full wp-image-33106\" alt=\"Salt For Water Softening\" srcset=\"https:\/\/mosesexport.com\/wp-content\/uploads\/2026\/01\/Untitled-design.png 800w, https:\/\/mosesexport.com\/wp-content\/uploads\/2026\/01\/Untitled-design-600x325.png 600w, https:\/\/mosesexport.com\/wp-content\/uploads\/2026\/01\/Untitled-design-300x162.png 300w, https:\/\/mosesexport.com\/wp-content\/uploads\/2026\/01\/Untitled-design-768x416.png 768w\" sizes=\"(max-width: 800px) 100vw, 800px\" title=\"\"><\/a><\/div><\/div><div class=\"wdt-media-image-cover-container\"><div class=\"wdt-content-button wdt-button-clone\"><a href=\"https:\/\/mosesexport.com\/az\/suyun-yumsaldilmasi-ucun-duz\/\"><div class=\"wdt-button-text\"><span>View<\/span><\/div><\/a><\/div><\/div><\/div><\/div><div class=\"wdt-content-detail-group\"><div class=\"wdt-content-title\"><h5><a href=\"https:\/\/mosesexport.com\/az\/suyun-yumsaldilmasi-ucun-duz\/\">Suyun Yum\u015fald\u0131lmas\u0131 \u00dc\u00e7\u00fcn Duz<\/a><\/h5><\/div><div class=\"wdt-content-description\">Suyu yum\u015faltmaq \u00fc\u00e7\u00fcn duz suyun s\u0259rtliyini azald\u0131r v\u0259 cihazlarda \u0259h\u0259ng y\u0131\u011f\u0131lmas\u0131n\u0131n qar\u015f\u0131s\u0131n\u0131 al\u0131r. Morton su yum\u015fald\u0131c\u0131s\u0131, bwt duzu, nuvo su yum\u015fald\u0131c\u0131s\u0131, aquasana su yum\u015fald\u0131c\u0131s\u0131 v\u0259 ya duz sistemi olmayan su yum\u015fald\u0131c\u0131s\u0131 \u00fc\u00e7\u00fcn yum\u015fald\u0131c\u0131 duz kimi ideald\u0131r.<\/div><\/div><\/div><\/div><div class=\"wdt-column\"><div class=\"wdt-content-item\"><div class=\"wdt-content-media-group\"><div class=\"wdt-content-elements-group wdt-media-group wdt-media-image-cover\"><div class=\"wdt-content-image-wrapper \"><div class=\"wdt-content-image\"><a href=\"https:\/\/mosesexport.com\/az\/%d5%bd%d5%ba%d5%a1%d5%bd%d6%84-%d5%ac%d5%be%d5%a1%d6%81%d5%b8%d5%b2-%d5%b4%d5%a5%d6%84%d5%a5%d5%b6%d5%a1%d5%b5%d5%ab-%d5%a1%d5%b2\/\"><img decoding=\"async\" width=\"600\" height=\"402\" src=\"https:\/\/mosesexport.com\/wp-content\/uploads\/2026\/01\/Dishwasher-Salt.png\" class=\"attachment-full size-full wp-image-33107\" alt=\"Dishwasher Salt\" srcset=\"https:\/\/mosesexport.com\/wp-content\/uploads\/2026\/01\/Dishwasher-Salt.png 600w, https:\/\/mosesexport.com\/wp-content\/uploads\/2026\/01\/Dishwasher-Salt-300x201.png 300w\" sizes=\"(max-width: 600px) 100vw, 600px\" title=\"\"><\/a><\/div><\/div><div class=\"wdt-media-image-cover-container\"><div class=\"wdt-content-button wdt-button-clone\"><a href=\"https:\/\/mosesexport.com\/az\/%d5%bd%d5%ba%d5%a1%d5%bd%d6%84-%d5%ac%d5%be%d5%a1%d6%81%d5%b8%d5%b2-%d5%b4%d5%a5%d6%84%d5%a5%d5%b6%d5%a1%d5%b5%d5%ab-%d5%a1%d5%b2\/\"><div class=\"wdt-button-text\"><span>View<\/span><\/div><\/a><\/div><\/div><\/div><\/div><div class=\"wdt-content-detail-group\"><div class=\"wdt-content-title\"><h5><a href=\"https:\/\/mosesexport.com\/az\/%d5%bd%d5%ba%d5%a1%d5%bd%d6%84-%d5%ac%d5%be%d5%a1%d6%81%d5%b8%d5%b2-%d5%b4%d5%a5%d6%84%d5%a5%d5%b6%d5%a1%d5%b5%d5%ab-%d5%a1%d5%b2\/\">Qabyuyan ma\u015f\u0131n duzu<\/a><\/h5><\/div><div class=\"wdt-content-description\">Qabyuyan ma\u015f\u0131n duzu, qabyuyan ma\u015f\u0131n\u0131n\u0131zda \u0259h\u0259ng y\u0131\u011f\u0131lmas\u0131n\u0131n qar\u015f\u0131s\u0131n\u0131 almaq \u00fc\u00e7\u00fcn x\u00fcsusi olaraq haz\u0131rlanm\u0131\u015fd\u0131r v\u0259 optimal i\u015fl\u0259m\u0259 v\u0259 uzun\u00f6m\u00fcrl\u00fcl\u00fck t\u0259min edir. Miele qabyuyan ma\u015f\u0131n duzu, Finish qabyuyan ma\u015f\u0131n duzu v\u0259 Bosch qabyuyan ma\u015f\u0131n duz sisteml\u0259ri il\u0259 m\u00fck\u0259mm\u0259l i\u015fl\u0259yir.<\/div><\/div><\/div><\/div><div class=\"wdt-column\"><div class=\"wdt-content-item\"><div class=\"wdt-content-media-group\"><div class=\"wdt-content-elements-group wdt-media-group wdt-media-image-cover\"><div class=\"wdt-content-image-wrapper \"><div class=\"wdt-content-image\"><a href=\"https:\/\/mosesexport.com\/az\/hovuz-duzu\/\"><img decoding=\"async\" width=\"750\" height=\"500\" src=\"https:\/\/mosesexport.com\/wp-content\/uploads\/2026\/01\/Swimming-Pool-Salt.png\" class=\"attachment-full size-full wp-image-33108\" alt=\"Swimming Pool Salt\" srcset=\"https:\/\/mosesexport.com\/wp-content\/uploads\/2026\/01\/Swimming-Pool-Salt.png 750w, https:\/\/mosesexport.com\/wp-content\/uploads\/2026\/01\/Swimming-Pool-Salt-600x400.png 600w, https:\/\/mosesexport.com\/wp-content\/uploads\/2026\/01\/Swimming-Pool-Salt-300x200.png 300w\" sizes=\"(max-width: 750px) 100vw, 750px\" title=\"\"><\/a><\/div><\/div><div class=\"wdt-media-image-cover-container\"><div class=\"wdt-content-button wdt-button-clone\"><a href=\"https:\/\/mosesexport.com\/az\/hovuz-duzu\/\"><div class=\"wdt-button-text\"><span>View<\/span><\/div><\/a><\/div><\/div><\/div><\/div><div class=\"wdt-content-detail-group\"><div class=\"wdt-content-title\"><h5><a href=\"https:\/\/mosesexport.com\/az\/hovuz-duzu\/\">\u00dczg\u00fc\u00e7\u00fcl\u00fck Hovuzu Duzu<\/a><\/h5><\/div><div class=\"wdt-content-description\">Moses \u015firk\u0259tinin Swimming Pool Salt \u015firk\u0259ti duzlu su hovuzlar\u0131 \u00fc\u00e7\u00fcn \u0259n yax\u015f\u0131 se\u00e7imdir v\u0259 \u00fcst\u00fcn keyfiyy\u0259t v\u0259 t\u0259hl\u00fck\u0259sizlik t\u0259klif edir. Bazar lideri kimi etibarl\u0131 olan bu m\u0259hsul t\u0259miz v\u0259 rahat \u00fczg\u00fc\u00e7\u00fcl\u00fck t\u0259cr\u00fcb\u0259si \u00fc\u00e7\u00fcn \u0259n s\u0259rt standartlara cavab verir.<\/div><\/div><\/div><\/div><\/div><div class=\"wdt-column-pagination wdt-snap-scroll-pagination\">\n\t\t\t\t\t\t<button class=\"wdt-pagination-prev wdt-module-id-1d42109\">Previous<\/button>\n\t\t\t\t\t\t<button class=\"wdt-pagination-next wdt-module-id-1d42109\">Next<\/button><\/div><\/div>\t\t\t\t<\/div>\n\t\t\t\t<\/div>\n\t\t\t\t\t<\/div>\n\t\t\t\t<\/div>\n\t\t<div class=\"elementor-element elementor-element-03aff1b e-flex e-con-boxed e-con e-parent\" data-id=\"03aff1b\" data-element_type=\"container\" data-e-type=\"container\">\n\t\t\t\t\t<div class=\"e-con-inner\">\n\t\t\t\t<div class=\"elementor-element elementor-element-378fc33 wdt-cus-accordion1 elementor-widget elementor-widget-wdt-accordion-and-toggle\" data-id=\"378fc33\" data-element_type=\"widget\" data-e-type=\"widget\" data-settings=\"{&quot;wdt_animation_effect&quot;:&quot;none&quot;}\" data-widget_type=\"wdt-accordion-and-toggle.default\">\n\t\t\t\t<div class=\"elementor-widget-container\">\n\t\t\t\t\t<div class=\"wdt-accordion-toggle-holder wdt-module-toggle wdt-template-classic wdt-expand-collapse-position-end\" id=\"wdt-accordion-and-toggle-378fc33\"><div class=\"wdt-accordion-toggle-wrapper\"><div class=\"wdt-accordion-toggle-title-holder\"><div class=\"wdt-accordion-toggle-title\"><div class=\"wdt-accordion-toggle-title-prefix number\">1<\/div>Su T\u0259mizl\u0259yici Duz v\u0259 ya Su Yum\u015fald\u0131c\u0131 Duz n\u0259dir?<\/div><div class=\"wdt-accordion-toggle-icon\"><div class=\"wdt-accordion-toggle-icon-expand\"><svg aria-hidden=\"true\" class=\"e-font-icon-svg e-fas-chevron-down\" viewBox=\"0 0 448 512\" xmlns=\"http:\/\/www.w3.org\/2000\/svg\"><path d=\"M207.029 381.476L12.686 187.132c-9.373-9.373-9.373-24.569 0-33.941l22.667-22.667c9.357-9.357 24.522-9.375 33.901-.04L224 284.505l154.745-154.021c9.379-9.335 24.544-9.317 33.901.04l22.667 22.667c9.373 9.373 9.373 24.569 0 33.941L240.971 381.476c-9.373 9.372-24.569 9.372-33.942 0z\"><\/path><\/svg><\/div><div class=\"wdt-accordion-toggle-icon-collapse\"><svg aria-hidden=\"true\" class=\"e-font-icon-svg e-fas-chevron-right\" viewBox=\"0 0 320 512\" xmlns=\"http:\/\/www.w3.org\/2000\/svg\"><path d=\"M285.476 272.971L91.132 467.314c-9.373 9.373-24.569 9.373-33.941 0l-22.667-22.667c-9.357-9.357-9.375-24.522-.04-33.901L188.505 256 34.484 101.255c-9.335-9.379-9.317-24.544.04-33.901l22.667-22.667c9.373-9.373 24.569-9.373 33.941 0L285.475 239.03c9.373 9.372 9.373 24.568.001 33.941z\"><\/path><\/svg><\/div><\/div><\/div><div class=\"wdt-accordion-toggle-description\">Suyun t\u0259mizl\u0259nm\u0259si duzu, ion m\u00fcbadil\u0259si q\u0259tran\u0131n\u0131n b\u0259rpas\u0131 prosesind\u0259 su yum\u015fald\u0131c\u0131lar\u0131 \u00fc\u00e7\u00fcn istifad\u0259 olunan bir madd\u0259dir. T\u0259rkibind\u0259 kalsium v\u0259 maqnezium kimi art\u0131q minerallar\u0131n \u00e7\u0131xar\u0131lmas\u0131na k\u00f6m\u0259k ed\u0259n kimy\u0259vi birl\u0259\u015fm\u0259l\u0259r var ki, bu da suyu s\u0259rtl\u0259\u015fdirir. \u0130on m\u00fcbadil\u0259si q\u0259tran\u0131n\u0131n b\u0259rpas\u0131 prosesi, duzla yaxalamaqla kalsium v\u0259 maqnezium ionlar\u0131n\u0131n natrium ionlar\u0131 il\u0259 \u0259v\u0259z edilm\u0259sini \u0259hat\u0259 edir. Su yum\u015fald\u0131c\u0131 duz suyun s\u0259rtliyini effektiv \u015f\u0259kild\u0259 azaltma\u011fa imkan verir, dad\u0131n yax\u015f\u0131la\u015fmas\u0131na v\u0259 borularda v\u0259 cihazlarda \u0259rp y\u0131\u011f\u0131lmas\u0131n\u0131n qar\u015f\u0131s\u0131n\u0131 al\u0131r. Bu, x\u00fcsusil\u0259 s\u0259rt suyun problem oldu\u011fu \u0259razil\u0259rd\u0259 suyun t\u0259mizl\u0259nm\u0259si prosesind\u0259 \u0259sas komponentdir. Suyun t\u0259mizl\u0259nm\u0259si duzunun istifad\u0259si il\u0259 i\u00e7m\u0259k, yem\u0259k bi\u015firm\u0259k v\u0259 m\u0259i\u015f\u0259t istifad\u0259si \u00fc\u00e7\u00fcn t\u0259miz v\u0259 yum\u015fald\u0131lm\u0131\u015f sudan istifad\u0259 ed\u0259 bil\u0259rik.<\/div><\/div><div class=\"wdt-accordion-toggle-wrapper\"><div class=\"wdt-accordion-toggle-title-holder\"><div class=\"wdt-accordion-toggle-title\"><div class=\"wdt-accordion-toggle-title-prefix number\">2<\/div>Su yum\u015fald\u0131c\u0131 duz nec\u0259 \u0259ld\u0259 edilir?<\/div><div class=\"wdt-accordion-toggle-icon\"><div class=\"wdt-accordion-toggle-icon-expand\"><svg aria-hidden=\"true\" class=\"e-font-icon-svg e-fas-chevron-down\" viewBox=\"0 0 448 512\" xmlns=\"http:\/\/www.w3.org\/2000\/svg\"><path d=\"M207.029 381.476L12.686 187.132c-9.373-9.373-9.373-24.569 0-33.941l22.667-22.667c9.357-9.357 24.522-9.375 33.901-.04L224 284.505l154.745-154.021c9.379-9.335 24.544-9.317 33.901.04l22.667 22.667c9.373 9.373 9.373 24.569 0 33.941L240.971 381.476c-9.373 9.372-24.569 9.372-33.942 0z\"><\/path><\/svg><\/div><div class=\"wdt-accordion-toggle-icon-collapse\"><svg aria-hidden=\"true\" class=\"e-font-icon-svg e-fas-chevron-right\" viewBox=\"0 0 320 512\" xmlns=\"http:\/\/www.w3.org\/2000\/svg\"><path d=\"M285.476 272.971L91.132 467.314c-9.373 9.373-24.569 9.373-33.941 0l-22.667-22.667c-9.357-9.357-9.375-24.522-.04-33.901L188.505 256 34.484 101.255c-9.335-9.379-9.317-24.544.04-33.901l22.667-22.667c9.373-9.373 24.569-9.373 33.941 0L285.475 239.03c9.373 9.372 9.373 24.568.001 33.941z\"><\/path><\/svg><\/div><\/div><\/div><div class=\"wdt-accordion-toggle-description\">Su yum\u015fald\u0131c\u0131 duz \u0259sas\u0259n qaya duzu yataqlar\u0131ndan v\u0259 ya d\u0259niz v\u0259 okeanlardan \u0259ld\u0259 edilir. Duzun \u0259ld\u0259 edilm\u0259si prosesi xammal\u0131n duz m\u0259d\u0259nl\u0259rind\u0259n \u00e7\u0131xar\u0131lmas\u0131 v\u0259 ya d\u0259niz suyunun x\u00fcsusi duz qablar\u0131nda buxarlanmas\u0131 il\u0259 ba\u015flay\u0131r. Daha sonra duz ist\u0259nil\u0259n t\u0259mizliy\u0259 v\u0259 keyfiyy\u0259t\u0259 nail olmaq \u00fc\u00e7\u00fcn t\u0259mizl\u0259m\u0259 v\u0259 safla\u015fd\u0131rma prosesind\u0259n ke\u00e7ir. Suyun yum\u015fald\u0131lmas\u0131 prosesinin s\u0259m\u0259r\u0259liliyini art\u0131rmaq \u00fc\u00e7\u00fcn tez-tez \u0259lav\u0259 madd\u0259l\u0259r, m\u0259s\u0259l\u0259n, yap\u0131\u015fma \u0259leyhin\u0259 madd\u0259l\u0259r \u0259lav\u0259 olunur. Su yum\u015fald\u0131c\u0131 duz t\u0259l\u0259bl\u0259rd\u0259n as\u0131l\u0131 olaraq tablet, kristal v\u0259 ya qranul \u015f\u0259klind\u0259 m\u00f6vcud ola bil\u0259r. N\u0259tic\u0259d\u0259, bu duz x\u00fcsusi su yum\u015fald\u0131c\u0131 filtrl\u0259rd\u0259 istifad\u0259 olunur.<\/div><\/div><div class=\"wdt-accordion-toggle-wrapper\"><div class=\"wdt-accordion-toggle-title-holder\"><div class=\"wdt-accordion-toggle-title\"><div class=\"wdt-accordion-toggle-title-prefix number\">3<\/div>Suyun t\u0259mizl\u0259nm\u0259si \u00fc\u00e7\u00fcn duz nec\u0259 i\u015fl\u0259yir?<\/div><div class=\"wdt-accordion-toggle-icon\"><div class=\"wdt-accordion-toggle-icon-expand\"><svg aria-hidden=\"true\" class=\"e-font-icon-svg e-fas-chevron-down\" viewBox=\"0 0 448 512\" xmlns=\"http:\/\/www.w3.org\/2000\/svg\"><path d=\"M207.029 381.476L12.686 187.132c-9.373-9.373-9.373-24.569 0-33.941l22.667-22.667c9.357-9.357 24.522-9.375 33.901-.04L224 284.505l154.745-154.021c9.379-9.335 24.544-9.317 33.901.04l22.667 22.667c9.373 9.373 9.373 24.569 0 33.941L240.971 381.476c-9.373 9.372-24.569 9.372-33.942 0z\"><\/path><\/svg><\/div><div class=\"wdt-accordion-toggle-icon-collapse\"><svg aria-hidden=\"true\" class=\"e-font-icon-svg e-fas-chevron-right\" viewBox=\"0 0 320 512\" xmlns=\"http:\/\/www.w3.org\/2000\/svg\"><path d=\"M285.476 272.971L91.132 467.314c-9.373 9.373-24.569 9.373-33.941 0l-22.667-22.667c-9.357-9.357-9.375-24.522-.04-33.901L188.505 256 34.484 101.255c-9.335-9.379-9.317-24.544.04-33.901l22.667-22.667c9.373-9.373 24.569-9.373 33.941 0L285.475 239.03c9.373 9.372 9.373 24.568.001 33.941z\"><\/path><\/svg><\/div><\/div><\/div><div class=\"wdt-accordion-toggle-description\">Suyun t\u0259mizl\u0259nm\u0259si \u00fc\u00e7\u00fcn duz \u0259sas\u0259n ion m\u00fcbadil\u0259si prosesind\u0259n ke\u00e7ir. \u00dczvi v\u0259 ya qeyri-\u00fczvi formada m\u00f6vcud olan ion m\u00fcbadil\u0259si q\u0259tran\u0131ndan ke\u00e7\u0259n su q\u0259trandan natrium ionlar\u0131n\u0131n ayr\u0131lmas\u0131na s\u0259b\u0259b olur. Daha sonra ion m\u00fcbadil\u0259si q\u0259tran\u0131 maqnezium v\u0259 ya kalsium ionlar\u0131 kimi ist\u0259nm\u0259y\u0259n ionlar\u0131 udur. N\u0259tic\u0259d\u0259, t\u0259bii \u00e7irkl\u0259r v\u0259 mineral duzlar q\u0259tranda saxlan\u0131l\u0131r v\u0259 natrium ionlar\u0131 il\u0259 \u0259laq\u0259li kation ionlar\u0131 istehlak \u00fc\u00e7\u00fcn n\u0259z\u0259rd\u0259 tutulan suya burax\u0131l\u0131r. Bu proses vasit\u0259sil\u0259 su t\u0259mizl\u0259nm\u0259si \u00fc\u00e7\u00fcn duz z\u0259r\u0259rli madd\u0259l\u0259rin \u00e7\u0131xar\u0131lmas\u0131na v\u0259 suyun yum\u015falmas\u0131na, dad\u0131n\u0131n yax\u015f\u0131la\u015fd\u0131r\u0131lmas\u0131na v\u0259 santexnika qur\u011fular\u0131nda \u0259rp y\u0131\u011f\u0131lmas\u0131n\u0131n qar\u015f\u0131s\u0131n\u0131 alma\u011fa imkan verir. Bu, h\u0259m f\u0259rdi ev t\u0259s\u0259rr\u00fcfatlar\u0131nda, h\u0259m d\u0259 s\u0259nayed\u0259 v\u0259 ya k\u0259nd t\u0259s\u0259rr\u00fcfat\u0131nda istifad\u0259 edil\u0259n effektiv su t\u0259mizl\u0259nm\u0259si \u00fcsuludur.<\/div><\/div><div class=\"wdt-accordion-toggle-wrapper\"><div class=\"wdt-accordion-toggle-title-holder\"><div class=\"wdt-accordion-toggle-title\"><div class=\"wdt-accordion-toggle-title-prefix number\">4<\/div>Suyun t\u0259mizl\u0259nm\u0259si v\u0259 yum\u015fald\u0131lmas\u0131 \u00fc\u00e7\u00fcn duz harada istifad\u0259 olunur?<\/div><div class=\"wdt-accordion-toggle-icon\"><div class=\"wdt-accordion-toggle-icon-expand\"><svg aria-hidden=\"true\" class=\"e-font-icon-svg e-fas-chevron-down\" viewBox=\"0 0 448 512\" xmlns=\"http:\/\/www.w3.org\/2000\/svg\"><path d=\"M207.029 381.476L12.686 187.132c-9.373-9.373-9.373-24.569 0-33.941l22.667-22.667c9.357-9.357 24.522-9.375 33.901-.04L224 284.505l154.745-154.021c9.379-9.335 24.544-9.317 33.901.04l22.667 22.667c9.373 9.373 9.373 24.569 0 33.941L240.971 381.476c-9.373 9.372-24.569 9.372-33.942 0z\"><\/path><\/svg><\/div><div class=\"wdt-accordion-toggle-icon-collapse\"><svg aria-hidden=\"true\" class=\"e-font-icon-svg e-fas-chevron-right\" viewBox=\"0 0 320 512\" xmlns=\"http:\/\/www.w3.org\/2000\/svg\"><path d=\"M285.476 272.971L91.132 467.314c-9.373 9.373-24.569 9.373-33.941 0l-22.667-22.667c-9.357-9.357-9.375-24.522-.04-33.901L188.505 256 34.484 101.255c-9.335-9.379-9.317-24.544.04-33.901l22.667-22.667c9.373-9.373 24.569-9.373 33.941 0L285.475 239.03c9.373 9.372 9.373 24.568.001 33.941z\"><\/path><\/svg><\/div><\/div><\/div><div class=\"wdt-accordion-toggle-description\">Suyun t\u0259mizl\u0259nm\u0259si v\u0259 yum\u015fald\u0131lmas\u0131 \u00fc\u00e7\u00fcn duz t\u0259miz v\u0259 yum\u015fald\u0131lm\u0131\u015f suyun saxlan\u0131lmas\u0131n\u0131n vacib oldu\u011fu bir \u00e7ox m\u00fcxt\u0259lif yerl\u0259rd\u0259 istifad\u0259 olunur. \u018fsas\u0259n, suyun s\u0259rtliyi probleminin geni\u015f yay\u0131ld\u0131\u011f\u0131 evl\u0259rd\u0259 v\u0259 m\u0259nzill\u0259rd\u0259 istifad\u0259 olunur. Suyun t\u0259mizl\u0259nm\u0259si \u00fc\u00e7\u00fcn duz s\u0259nayed\u0259, x\u00fcsus\u0259n d\u0259 d\u00fczg\u00fcn s\u0259rtliy\u0259 malik t\u0259miz suyun istehsal \u00fc\u00e7\u00fcn vacib oldu\u011fu kimya v\u0259 qida s\u0259nayesind\u0259 geni\u015f istifad\u0259 olunur. H\u0259m\u00e7inin, cama\u015f\u0131rxana, avtomobil yuma v\u0259 ya otel kimi istehsal m\u00fc\u0259ssis\u0259l\u0259rind\u0259 su yum\u015fald\u0131c\u0131 duz y\u00fcks\u0259k keyfiyy\u0259tli xidm\u0259tl\u0259rin t\u0259min edilm\u0259sind\u0259 m\u00fch\u00fcm rol oynay\u0131r. Bundan \u0259lav\u0259, h\u0259m \u00e7irkab sular\u0131n\u0131n t\u0259mizl\u0259nm\u0259si zavodlar\u0131nda, h\u0259m d\u0259 i\u00e7m\u0259li suyun t\u0259mizl\u0259nm\u0259si sisteml\u0259rind\u0259 suyun t\u0259mizl\u0259nm\u0259si v\u0259 dezinfeksiya prosesl\u0259rind\u0259 istifad\u0259 olunur. N\u0259hay\u0259t, su yum\u015fald\u0131c\u0131 duz k\u0259nd t\u0259s\u0259rr\u00fcfat\u0131nda \u0259v\u0259zolunmazd\u0131r, burada yum\u015faq suyun suvarma, torpa\u011f\u0131n g\u00fcbr\u0259l\u0259nm\u0259si v\u0259 heyvandarl\u0131q \u00fc\u00e7\u00fcn uy\u011fun \u015f\u0259raitin qorunmas\u0131 \u00fc\u00e7\u00fcn istifad\u0259 olunur. Buna g\u00f6r\u0259 d\u0259, su t\u0259mizl\u0259nm\u0259si \u00fc\u00e7\u00fcn duz insan h\u0259yat\u0131n\u0131n v\u0259 f\u0259aliyy\u0259tinin m\u00fcxt\u0259lif sah\u0259l\u0259rind\u0259 suyun laz\u0131mi keyfiyy\u0259tinin qorunmas\u0131nda inan\u0131lmaz d\u0259r\u0259c\u0259d\u0259 vacib bir komponentdir.<\/div><\/div><\/div>\t\t\t\t<\/div>\n\t\t\t\t<\/div>\n\t\t\t\t\t<\/div>\n\t\t\t\t<\/div>\n\t\t\t\t<\/div>\n\t\t","protected":false},"excerpt":{"rendered":"<p>Suyun t\u0259mizl\u0259nm\u0259si \u00fc\u00e7\u00fcn duz Kateqoriyalar Suyun t\u0259mizl\u0259nm\u0259si \u00fc\u00e7\u00fcn duz, duzsuz su yum\u015fald\u0131c\u0131s\u0131 v\u0259 duzsuz su kondisioner sisteml\u0259ri \u00fc\u00e7\u00fcn vacibdir v\u0259 kalsium v\u0259 maqnezium kimi s\u0259rtliy\u0259 s\u0259b\u0259b olan minerallar\u0131 effektiv \u015f\u0259kild\u0259 azald\u0131r. B\u00fct\u00fcn ev duzlu su filtrasiya sisteml\u0259ri, duzlu su filtr sisteml\u0259ri v\u0259 duzlu suyun t\u0259rs osmoz sisteml\u0259ri \u00fc\u00e7\u00fcn ideald\u0131r. View Suyun Yum\u015fald\u0131lmas\u0131 \u00dc\u00e7\u00fcn Duz Suyu [&hellip;]<\/p>\n","protected":false},"author":1,"featured_media":32102,"parent":28341,"menu_order":0,"comment_status":"closed","ping_status":"closed","template":"","meta":{"footnotes":""},"class_list":["post-28360","page","type-page","status-publish","has-post-thumbnail","hentry"],"_links":{"self":[{"href":"https:\/\/mosesexport.com\/az\/wp-json\/wp\/v2\/pages\/28360","targetHints":{"allow":["GET"]}}],"collection":[{"href":"https:\/\/mosesexport.com\/az\/wp-json\/wp\/v2\/pages"}],"about":[{"href":"https:\/\/mosesexport.com\/az\/wp-json\/wp\/v2\/types\/page"}],"author":[{"embeddable":true,"href":"https:\/\/mosesexport.com\/az\/wp-json\/wp\/v2\/users\/1"}],"replies":[{"embeddable":true,"href":"https:\/\/mosesexport.com\/az\/wp-json\/wp\/v2\/comments?post=28360"}],"version-history":[{"count":0,"href":"https:\/\/mosesexport.com\/az\/wp-json\/wp\/v2\/pages\/28360\/revisions"}],"up":[{"embeddable":true,"href":"https:\/\/mosesexport.com\/az\/wp-json\/wp\/v2\/pages\/28341"}],"wp:featuredmedia":[{"embeddable":true,"href":"https:\/\/mosesexport.com\/az\/wp-json\/wp\/v2\/media\/32102"}],"wp:attachment":[{"href":"https:\/\/mosesexport.com\/az\/wp-json\/wp\/v2\/media?parent=28360"}],"curies":[{"name":"wp","href":"https:\/\/api.w.org\/{rel}","templated":true}]}}