{"id":22037,"date":"2024-12-24T13:52:20","date_gmt":"2024-12-24T11:52:20","guid":{"rendered":"https:\/\/mosesexport.com\/moses-6-15-extra-grobes-technisches-salz\/"},"modified":"2026-02-03T14:11:33","modified_gmt":"2026-02-03T12:11:33","slug":"moses-6-15-extra-grobes-technisches-salz","status":"publish","type":"page","link":"https:\/\/mosesexport.com\/de\/salz\/industriesalz\/moses-6-15-extra-grobes-technisches-salz\/","title":{"rendered":"MOSES 6-15, extra grobes technisches Salz"},"content":{"rendered":"\t\t<div data-elementor-type=\"wp-page\" data-elementor-id=\"22037\" class=\"elementor elementor-22037 elementor-16708\">\n\t\t\t\t<div class=\"elementor-element elementor-element-427c88cf e-flex e-con-boxed e-con e-parent\" data-id=\"427c88cf\" data-element_type=\"container\" data-e-type=\"container\">\n\t\t\t\t\t<div class=\"e-con-inner\">\n\t\t\t\t<div class=\"elementor-element elementor-element-309f0e3d elementor-widget elementor-widget-text-editor\" data-id=\"309f0e3d\" data-element_type=\"widget\" data-e-type=\"widget\" data-settings=\"{&quot;wdt_animation_effect&quot;:&quot;none&quot;}\" data-widget_type=\"text-editor.default\">\n\t\t\t\t<div class=\"elementor-widget-container\">\n\t\t\t\t\t\t\t\t\t<p>MOSES 6-15, extra grobes technisches Salz<br \/><img fetchpriority=\"high\" decoding=\"async\" src=\"https:\/\/mosesexport.com\/wp-content\/uploads\/2024\/12\/f5c203e90310baa988191b2713ffa14dea5ecfe5_Korrel_MARSEL_SS_CRYSTALS_SALCO_5_15_1440x952px-1.png\" sizes=\"(max-width: 800px) 100vw, 800px\" srcset=\"https:\/\/mosesexport.com\/wp-content\/uploads\/2024\/12\/f5c203e90310baa988191b2713ffa14dea5ecfe5_Korrel_MARSEL_SS_CRYSTALS_SALCO_5_15_1440x952px-1.png 800w, https:\/\/mosesexport.com\/wp-content\/uploads\/2024\/12\/f5c203e90310baa988191b2713ffa14dea5ecfe5_Korrel_MARSEL_SS_CRYSTALS_SALCO_5_15_1440x952px-1-300x225.png 300w, https:\/\/mosesexport.com\/wp-content\/uploads\/2024\/12\/f5c203e90310baa988191b2713ffa14dea5ecfe5_Korrel_MARSEL_SS_CRYSTALS_SALCO_5_15_1440x952px-1-768x576.png 768w\" alt=\"\" width=\"800\" height=\"600\" title=\"\"><br \/>Getrocknetes und extra grobes Reinsalz f\u00fcr technische Anwendungen.<br \/>MOSES, unser technisches oder Industriesalz, hat vielf\u00e4ltige Anwendungsm\u00f6glichkeiten. Es wird unter anderem als Bohrsalz auf \u00d6lplattformen oder zur Raffination in \u00d6lraffinerien eingesetzt. Industriesalz wird auch in der Fischverarbeitung, Fischerei und zur H\u00e4utebehandlung verwendet. In der Fischerei wird das Salz zum P\u00f6keln von Fisch verwendet. Bei der H\u00e4utebehandlung werden die H\u00e4ute mit mehreren Kilogramm Salz bestreut, um die Feuchtigkeit zu entfernen und Bakterien abzut\u00f6ten.<\/p><h5>Basierend auf sehr reinem Salz<\/h5><p>H\u00f6chste N\u00e4hrstoffqualit\u00e4t.<\/p><h5>Naturprodukt<\/h5><p>Heben Sie in Ihrer Kundenkommunikation die nat\u00fcrlichen Eigenschaften von Meersalz hervor.<\/p><h5>Getrocknet und kalibriert<\/h5><p>Neueste Maschinen und Experten<\/p><h5>Salz ohne E-Nummern<\/h5><p>Perfekt f\u00fcr Ihre konventionellen und biologischen Produktionslinien.<\/p><h5>K\u00f6rnung<\/h5><p>2000-4500 \u00b5m<\/p><h5>Arten von Rohstoffen<\/h5><p>Meersalz &#8211; Steinsalz<\/p><h5>Verpackung<\/h5><p>5 kg \u2013 10 kg \u2013 20 kg \u2013 25 kg (S\u00e4cke)<br \/>1000 kg \u2013 1250 kg \u2013 1500 kg (JAMBO)<\/p><h5>Zusatzstoffe<\/h5><p>Ohne Zusatzstoffe erh\u00e4ltlich<br \/>(Mit Kaliumiodat (Jod) erh\u00e4ltlich)<\/p><h5>Lagerung<\/h5><p>Trocken lagern<\/p><h5>Lieferung<\/h5><p>Anh\u00e4nger-LKW<br \/>\u00c4hnliche Artikel<br \/><a href=\"https:\/\/mosesexport.com\/de\/moses-0-1-feines-meersalz-2\/\"><img decoding=\"async\" src=\"https:\/\/mosesexport.com\/wp-content\/uploads\/2024\/12\/a2ec6995cd284aeb7318468f7dbc1eb24788a3bd_Korrel_MARSEL_SALCO_0_1_1440x952px.png\" sizes=\"(max-width: 450px) 100vw, 450px\" srcset=\"https:\/\/mosesexport.com\/wp-content\/uploads\/2024\/12\/a2ec6995cd284aeb7318468f7dbc1eb24788a3bd_Korrel_MARSEL_SALCO_0_1_1440x952px.png 450w, https:\/\/mosesexport.com\/wp-content\/uploads\/2024\/12\/a2ec6995cd284aeb7318468f7dbc1eb24788a3bd_Korrel_MARSEL_SALCO_0_1_1440x952px-300x227.png 300w\" alt=\"MOSES\u00ae 0-1, fine Coarse sea salt\" width=\"450\" height=\"340\" title=\"\"><\/a><\/p><h5><a href=\"https:\/\/mosesexport.com\/de\/moses-0-1-feines-meersalz-2\/\">Moses\u00ae 0-1, feines Meersalz<\/a><\/h5><p><a href=\"https:\/\/mosesexport.com\/de\/moses-1-3-mittelgrobes-meersalz-2\/\"><img decoding=\"async\" src=\"https:\/\/mosesexport.com\/wp-content\/uploads\/2024\/12\/f1663efdfb1064d7a7346f0c68dd4d0b3237f637_Korrel_MARSEL_SALCO_VAATWASZOUT_1_3_1440x952px.png\" sizes=\"(max-width: 450px) 100vw, 450px\" srcset=\"https:\/\/mosesexport.com\/wp-content\/uploads\/2024\/12\/f1663efdfb1064d7a7346f0c68dd4d0b3237f637_Korrel_MARSEL_SALCO_VAATWASZOUT_1_3_1440x952px.png 450w, https:\/\/mosesexport.com\/wp-content\/uploads\/2024\/12\/f1663efdfb1064d7a7346f0c68dd4d0b3237f637_Korrel_MARSEL_SALCO_VAATWASZOUT_1_3_1440x952px-300x227.png 300w\" alt=\"MOSES\u00ae 1-3, medium coarse sea salt\" width=\"450\" height=\"340\" title=\"\"><\/a><\/p><h5><a href=\"https:\/\/mosesexport.com\/de\/moses-1-3-mittelgrobes-meersalz-2\/\">MOSES\u00ae 1-3, mittelgrobes Meersalz<\/a><\/h5><p><a href=\"https:\/\/mosesexport.com\/de\/moses-2-4-grobes-meersalz-2\/\"><img loading=\"lazy\" decoding=\"async\" src=\"https:\/\/mosesexport.com\/wp-content\/uploads\/2024\/12\/d63eadae9f475324fc1e6510cb83aef2967549a3_Korrel_MARSEL_SALCO_VAATWASZOUT_2_4_1440x952px-1.png\" sizes=\"(max-width: 800px) 100vw, 800px\" srcset=\"https:\/\/mosesexport.com\/wp-content\/uploads\/2024\/12\/d63eadae9f475324fc1e6510cb83aef2967549a3_Korrel_MARSEL_SALCO_VAATWASZOUT_2_4_1440x952px-1.png 800w, https:\/\/mosesexport.com\/wp-content\/uploads\/2024\/12\/d63eadae9f475324fc1e6510cb83aef2967549a3_Korrel_MARSEL_SALCO_VAATWASZOUT_2_4_1440x952px-1-300x225.png 300w, https:\/\/mosesexport.com\/wp-content\/uploads\/2024\/12\/d63eadae9f475324fc1e6510cb83aef2967549a3_Korrel_MARSEL_SALCO_VAATWASZOUT_2_4_1440x952px-1-768x576.png 768w\" alt=\"\" width=\"800\" height=\"600\" title=\"\"><\/a><\/p><h5><a href=\"https:\/\/mosesexport.com\/de\/moses-2-4-grobes-meersalz-2\/\">MOSES\u00ae 2-4, grobes Meersalz<\/a><\/h5><p><a href=\"https:\/\/mosesexport.com\/de\/moses-4-6-extra-grobes-meersalz-2\/\"><img loading=\"lazy\" decoding=\"async\" src=\"https:\/\/mosesexport.com\/wp-content\/uploads\/2024\/12\/0d7a1d4d232cf44b3600e62f4070a522c14b0449_Korrel_MARSEL_SALCO_VAATWASZOUT_SS_GRANULAR_4_6_1440x952px.png\" sizes=\"(max-width: 450px) 100vw, 450px\" srcset=\"https:\/\/mosesexport.com\/wp-content\/uploads\/2024\/12\/0d7a1d4d232cf44b3600e62f4070a522c14b0449_Korrel_MARSEL_SALCO_VAATWASZOUT_SS_GRANULAR_4_6_1440x952px.png 450w, https:\/\/mosesexport.com\/wp-content\/uploads\/2024\/12\/0d7a1d4d232cf44b3600e62f4070a522c14b0449_Korrel_MARSEL_SALCO_VAATWASZOUT_SS_GRANULAR_4_6_1440x952px-300x227.png 300w\" alt=\"MOSES\u00ae 4-6, extra coarse sea salt\" width=\"450\" height=\"340\" title=\"\"><\/a><\/p><h5><a href=\"https:\/\/mosesexport.com\/de\/moses-4-6-extra-grobes-meersalz-2\/\">MOSES\u00ae 4-6, extra grobes Meersalz<\/a><\/h5><p><a href=\"https:\/\/mosesexport.com\/de\/moses-4-15-extra-grobes-meersalz-2\/\"><img loading=\"lazy\" decoding=\"async\" src=\"https:\/\/mosesexport.com\/wp-content\/uploads\/2024\/12\/aaafb1d6a58d37e1e96890dcc17c9e63707177d5_Korrel_MARSEL_SS_CRYSTALS_5_15_1440x952px.png\" sizes=\"(max-width: 450px) 100vw, 450px\" srcset=\"https:\/\/mosesexport.com\/wp-content\/uploads\/2024\/12\/aaafb1d6a58d37e1e96890dcc17c9e63707177d5_Korrel_MARSEL_SS_CRYSTALS_5_15_1440x952px.png 450w, https:\/\/mosesexport.com\/wp-content\/uploads\/2024\/12\/aaafb1d6a58d37e1e96890dcc17c9e63707177d5_Korrel_MARSEL_SS_CRYSTALS_5_15_1440x952px-300x227.png 300w\" alt=\"MOSES\u00ae 4-15, extra coarse sea salt\" width=\"450\" height=\"340\" title=\"\"><\/a><\/p><h5><a href=\"https:\/\/mosesexport.com\/de\/moses-4-15-extra-grobes-meersalz-2\/\">MOSES\u00ae 4-15, extra grobes Meersalz<\/a><\/h5><p><button>Previous<\/button><br \/><button>Next<\/button><\/p>\t\t\t\t\t\t\t\t<\/div>\n\t\t\t\t<\/div>\n\t\t\t\t\t<\/div>\n\t\t\t\t<\/div>\n\t\t\t\t<\/div>\n\t\t","protected":false},"excerpt":{"rendered":"<p>MOSES 6-15, extra grobes technisches Salz Getrocknetes und extra grobes Reinsalz f\u00fcr technische Anwendungen. MOSES, unser technisches oder Industriesalz, hat vielf\u00e4ltige Anwendungsm\u00f6glichkeiten. Es wird unter anderem als Bohrsalz auf \u00d6lplattformen oder zur Raffination in \u00d6lraffinerien eingesetzt. Industriesalz wird auch in der Fischverarbeitung, Fischerei und zur H\u00e4utebehandlung verwendet. In der Fischerei wird das Salz zum P\u00f6keln [&hellip;]<\/p>\n","protected":false},"author":2,"featured_media":32280,"parent":22094,"menu_order":0,"comment_status":"closed","ping_status":"closed","template":"","meta":{"footnotes":""},"class_list":["post-22037","page","type-page","status-publish","has-post-thumbnail","hentry"],"_links":{"self":[{"href":"https:\/\/mosesexport.com\/de\/wp-json\/wp\/v2\/pages\/22037","targetHints":{"allow":["GET"]}}],"collection":[{"href":"https:\/\/mosesexport.com\/de\/wp-json\/wp\/v2\/pages"}],"about":[{"href":"https:\/\/mosesexport.com\/de\/wp-json\/wp\/v2\/types\/page"}],"author":[{"embeddable":true,"href":"https:\/\/mosesexport.com\/de\/wp-json\/wp\/v2\/users\/2"}],"replies":[{"embeddable":true,"href":"https:\/\/mosesexport.com\/de\/wp-json\/wp\/v2\/comments?post=22037"}],"version-history":[{"count":0,"href":"https:\/\/mosesexport.com\/de\/wp-json\/wp\/v2\/pages\/22037\/revisions"}],"up":[{"embeddable":true,"href":"https:\/\/mosesexport.com\/de\/wp-json\/wp\/v2\/pages\/22094"}],"wp:featuredmedia":[{"embeddable":true,"href":"https:\/\/mosesexport.com\/de\/wp-json\/wp\/v2\/media\/32280"}],"wp:attachment":[{"href":"https:\/\/mosesexport.com\/de\/wp-json\/wp\/v2\/media?parent=22037"}],"curies":[{"name":"wp","href":"https:\/\/api.w.org\/{rel}","templated":true}]}}