{"id":28568,"date":"2024-12-26T15:04:27","date_gmt":"2024-12-26T13:04:27","guid":{"rendered":"https:\/\/mosesexport.com\/sool-vee-pehmendamiseks\/"},"modified":"2026-02-03T14:02:13","modified_gmt":"2026-02-03T12:02:13","slug":"sool-vee-pehmendamiseks","status":"publish","type":"page","link":"https:\/\/mosesexport.com\/et\/soola\/sool-vee-tootlemiseks\/sool-vee-pehmendamiseks\/","title":{"rendered":"Sool vee pehmendamiseks"},"content":{"rendered":"\t\t<div data-elementor-type=\"wp-page\" data-elementor-id=\"28568\" class=\"elementor elementor-28568 elementor-16866\">\n\t\t\t\t<div class=\"elementor-element elementor-element-f5593c4 e-flex e-con-boxed e-con e-parent\" data-id=\"f5593c4\" data-element_type=\"container\" data-e-type=\"container\" data-settings=\"{&quot;background_background&quot;:&quot;classic&quot;}\">\n\t\t\t\t\t<div class=\"e-con-inner\">\n\t\t\t\t<div class=\"elementor-element elementor-element-c145dc6 elementor-widget elementor-widget-heading\" data-id=\"c145dc6\" data-element_type=\"widget\" data-e-type=\"widget\" data-settings=\"{&quot;wdt_animation_effect&quot;:&quot;none&quot;}\" data-widget_type=\"heading.default\">\n\t\t\t\t<div class=\"elementor-widget-container\">\n\t\t\t\t\t<h3 class=\"elementor-heading-title elementor-size-default\">MOSES, sool vee pehmendamiseks<\/h3>\t\t\t\t<\/div>\n\t\t\t\t<\/div>\n\t\t\t\t<div class=\"elementor-element elementor-element-5800ac6 elementor-widget elementor-widget-heading\" data-id=\"5800ac6\" data-element_type=\"widget\" data-e-type=\"widget\" data-settings=\"{&quot;wdt_animation_effect&quot;:&quot;none&quot;}\" data-widget_type=\"heading.default\">\n\t\t\t\t<div class=\"elementor-widget-container\">\n\t\t\t\t\t<p class=\"elementor-heading-title elementor-size-default\">Mis teeb pehmema vee paremaks veeks? Ja kuidas veepehmendaja sool aitab? Veepehmendajaga pehmendatud vesi j\u00e4tab p\u00e4rast hommikust du\u0161\u0161i juuksed ja naha pehmeks ning v\u00f5ib parandada joogivee maitset. Veepehmendaja sool aitab hoida veepehmendajaid tippvormis, et need saaksid j\u00e4tkuvalt pehmet vett pakkuda.   <\/p>\t\t\t\t<\/div>\n\t\t\t\t<\/div>\n\t\t\t\t\t<\/div>\n\t\t\t\t<\/div>\n\t\t\t\t<section class=\"elementor-section elementor-top-section elementor-element elementor-element-73e3c6d wdt-no-full-section elementor-section-boxed elementor-section-height-default elementor-section-height-default\" data-id=\"73e3c6d\" data-element_type=\"section\" data-e-type=\"section\" data-settings=\"{&quot;background_background&quot;:&quot;classic&quot;,&quot;wdt_bg_image&quot;:{&quot;url&quot;:&quot;&quot;,&quot;id&quot;:&quot;&quot;,&quot;size&quot;:&quot;&quot;},&quot;wdt_bg_image_tablet&quot;:{&quot;url&quot;:&quot;&quot;,&quot;id&quot;:&quot;&quot;,&quot;size&quot;:&quot;&quot;},&quot;wdt_bg_image_mobile&quot;:{&quot;url&quot;:&quot;&quot;,&quot;id&quot;:&quot;&quot;,&quot;size&quot;:&quot;&quot;},&quot;wdt_bg_position&quot;:&quot;center center&quot;,&quot;wdt_animation_effect&quot;:&quot;none&quot;}\">\n\t\t\t\t\t\t<div class=\"elementor-container elementor-column-gap-no\">\n\t\t\t\t\t<div class=\"elementor-column elementor-col-50 elementor-top-column elementor-element elementor-element-5647eac animated-fast elementor-invisible\" data-id=\"5647eac\" data-element_type=\"column\" data-e-type=\"column\" data-settings=\"{&quot;animation&quot;:&quot;fadeInLeft&quot;,&quot;animation_delay&quot;:&quot;100&quot;}\">\n\t\t\t<div class=\"elementor-widget-wrap elementor-element-populated\">\n\t\t\t\t\t\t<div class=\"elementor-element elementor-element-9f85b57 start elementor-widget elementor-widget-wdt-heading\" data-id=\"9f85b57\" data-element_type=\"widget\" data-e-type=\"widget\" data-settings=\"{&quot;item_background_background&quot;:&quot;classic&quot;,&quot;wdt_animation_effect&quot;:&quot;none&quot;}\" data-widget_type=\"wdt-heading.default\">\n\t\t\t\t<div class=\"elementor-widget-container\">\n\t\t\t\t\t<div class=\"wdt-heading-holder \" id=\"wdt-heading-9f85b57\"><div class=\"wdt-heading-content-wrapper\">\u00c4rge valige vee pehmendamiseks suvalist soola. L\u00f5ppude l\u00f5puks s\u00f5ltub teie vee kvaliteet suuresti kasutatavast soolast. MOSES\u00ae on toidukvaliteediga sool. Annab teile igal ajal pehmet ja puhast vett. MOSES\u00ae k\u00f5rge puhtusaste tagab teie veepehmendaja parema t\u00f6\u00f6 ja pikema kasutusea.<\/div><\/div>\t\t\t\t<\/div>\n\t\t\t\t<\/div>\n\t\t\t\t\t<\/div>\n\t\t<\/div>\n\t\t\t\t<div class=\"wdt-sticky-column elementor-column elementor-col-50 elementor-top-column elementor-element elementor-element-796fc76 wdt-cus-grid-img-counter\" data-wdt-settings=\"{&quot;id&quot;:&quot;796fc76&quot;,&quot;sticky&quot;:true,&quot;topSpacing&quot;:50,&quot;bottomSpacing&quot;:50,&quot;stickyOn&quot;:[&quot;laptop&quot;,&quot;tablet_extra&quot;],&quot;overflowHidden&quot;:false}\" data-id=\"796fc76\" data-element_type=\"column\" data-e-type=\"column\">\n\t\t\t<div class=\"elementor-widget-wrap elementor-element-populated\">\n\t\t\t\t\t\t<div class=\"elementor-element elementor-element-3e2e91b elementor-widget elementor-widget-image\" data-id=\"3e2e91b\" data-element_type=\"widget\" data-e-type=\"widget\" data-settings=\"{&quot;wdt_animation_effect&quot;:&quot;none&quot;}\" data-widget_type=\"image.default\">\n\t\t\t\t<div class=\"elementor-widget-container\">\n\t\t\t\t\t\t\t\t\t\t\t\t\t\t\t<img fetchpriority=\"high\" decoding=\"async\" width=\"1138\" height=\"1200\" src=\"https:\/\/mosesexport.com\/wp-content\/uploads\/2024\/12\/\u0628\u062f\u0648\u0646-\u062e\u0644\u0641\u064a\u0629-\u062c\u0647\u0627\u0632-\u062a\u0646\u0642\u064a\u0629-\u0627\u0644\u0645\u064a\u0627\u06471.png\" class=\"attachment-full size-full wp-image-28570\" alt=\"soolavaba veepehmendaja\" srcset=\"https:\/\/mosesexport.com\/wp-content\/uploads\/2024\/12\/\u0628\u062f\u0648\u0646-\u062e\u0644\u0641\u064a\u0629-\u062c\u0647\u0627\u0632-\u062a\u0646\u0642\u064a\u0629-\u0627\u0644\u0645\u064a\u0627\u06471.png 1138w, https:\/\/mosesexport.com\/wp-content\/uploads\/2024\/12\/\u0628\u062f\u0648\u0646-\u062e\u0644\u0641\u064a\u0629-\u062c\u0647\u0627\u0632-\u062a\u0646\u0642\u064a\u0629-\u0627\u0644\u0645\u064a\u0627\u06471-1000x1054.png 1000w, https:\/\/mosesexport.com\/wp-content\/uploads\/2024\/12\/\u0628\u062f\u0648\u0646-\u062e\u0644\u0641\u064a\u0629-\u062c\u0647\u0627\u0632-\u062a\u0646\u0642\u064a\u0629-\u0627\u0644\u0645\u064a\u0627\u06471-285x300.png 285w, https:\/\/mosesexport.com\/wp-content\/uploads\/2024\/12\/\u0628\u062f\u0648\u0646-\u062e\u0644\u0641\u064a\u0629-\u062c\u0647\u0627\u0632-\u062a\u0646\u0642\u064a\u0629-\u0627\u0644\u0645\u064a\u0627\u06471-971x1024.png 971w, https:\/\/mosesexport.com\/wp-content\/uploads\/2024\/12\/\u0628\u062f\u0648\u0646-\u062e\u0644\u0641\u064a\u0629-\u062c\u0647\u0627\u0632-\u062a\u0646\u0642\u064a\u0629-\u0627\u0644\u0645\u064a\u0627\u06471-768x810.png 768w\" sizes=\"(max-width: 1138px) 100vw, 1138px\" title=\"\">\t\t\t\t\t\t\t\t\t\t\t\t\t\t\t<\/div>\n\t\t\t\t<\/div>\n\t\t\t\t\t<\/div>\n\t\t<\/div>\n\t\t\t\t\t<\/div>\n\t\t<\/section>\n\t\t<div class=\"elementor-element elementor-element-5e15de5 e-flex e-con-boxed e-con e-parent\" data-id=\"5e15de5\" data-element_type=\"container\" data-e-type=\"container\" data-settings=\"{&quot;background_background&quot;:&quot;classic&quot;}\">\n\t\t\t\t\t<div class=\"e-con-inner\">\n\t\t\t\t<div class=\"elementor-element elementor-element-6d94779 elementor-widget elementor-widget-heading\" data-id=\"6d94779\" data-element_type=\"widget\" data-e-type=\"widget\" data-settings=\"{&quot;wdt_animation_effect&quot;:&quot;none&quot;}\" data-widget_type=\"heading.default\">\n\t\t\t\t<div class=\"elementor-widget-container\">\n\t\t\t\t\t<h4 class=\"elementor-heading-title elementor-size-default\">pehmendaja sool<\/h4>\t\t\t\t<\/div>\n\t\t\t\t<\/div>\n\t\t\t\t<div class=\"elementor-element elementor-element-095208e elementor-widget elementor-widget-heading\" data-id=\"095208e\" data-element_type=\"widget\" data-e-type=\"widget\" data-settings=\"{&quot;wdt_animation_effect&quot;:&quot;none&quot;}\" data-widget_type=\"heading.default\">\n\t\t\t\t<div class=\"elementor-widget-container\">\n\t\t\t\t\t<p class=\"elementor-heading-title elementor-size-default\">Pehme ja kareda vee erinevus seisneb heledamas pesus, pehmemates r\u00e4tikutes, s\u00e4delevates n\u00f5udes ning v\u00e4iksemas koguses mustust torudes ja kodumasinates. Pehmema veega saate nautida hubasemat kodu.  <\/p>\t\t\t\t<\/div>\n\t\t\t\t<\/div>\n\t\t\t\t\t<\/div>\n\t\t\t\t<\/div>\n\t\t<div class=\"elementor-element elementor-element-5d13082 e-flex e-con-boxed e-con e-parent\" data-id=\"5d13082\" data-element_type=\"container\" data-e-type=\"container\">\n\t\t\t\t\t<div class=\"e-con-inner\">\n\t\t\t\t<div class=\"elementor-element elementor-element-8ae8894 start start wdt-cus-service-style-01 elementor-widget elementor-widget-wdt-image-box\" data-id=\"8ae8894\" data-element_type=\"widget\" data-e-type=\"widget\" data-settings=\"{&quot;button_normal_background_background&quot;:&quot;classic&quot;,&quot;button_normal_background_color&quot;:&quot;#FFC52700&quot;,&quot;button_hover_background_background&quot;:&quot;classic&quot;,&quot;button_hover_background_color&quot;:&quot;#FFC52700&quot;,&quot;columns&quot;:&quot;3&quot;,&quot;item_normal_background_background&quot;:&quot;classic&quot;,&quot;item_hover_background_background&quot;:&quot;gradient&quot;,&quot;_animation&quot;:&quot;none&quot;,&quot;columns_tablet&quot;:2,&quot;columns_mobile&quot;:1,&quot;carousel_arrows_prev_arrow_vertical_top_indent&quot;:{&quot;unit&quot;:&quot;%&quot;,&quot;size&quot;:&quot;&quot;,&quot;sizes&quot;:[]},&quot;carousel_arrows_prev_arrow_vertical_top_indent_tablet&quot;:{&quot;unit&quot;:&quot;%&quot;,&quot;size&quot;:&quot;&quot;,&quot;sizes&quot;:[]},&quot;carousel_arrows_prev_arrow_vertical_top_indent_mobile&quot;:{&quot;unit&quot;:&quot;%&quot;,&quot;size&quot;:&quot;&quot;,&quot;sizes&quot;:[]},&quot;carousel_arrows_prev_arrow_horizontal_left_indent&quot;:{&quot;unit&quot;:&quot;%&quot;,&quot;size&quot;:&quot;&quot;,&quot;sizes&quot;:[]},&quot;carousel_arrows_prev_arrow_horizontal_left_indent_tablet&quot;:{&quot;unit&quot;:&quot;%&quot;,&quot;size&quot;:&quot;&quot;,&quot;sizes&quot;:[]},&quot;carousel_arrows_prev_arrow_horizontal_left_indent_mobile&quot;:{&quot;unit&quot;:&quot;%&quot;,&quot;size&quot;:&quot;&quot;,&quot;sizes&quot;:[]},&quot;carousel_arrows_next_arrow_vertical_top_indent&quot;:{&quot;unit&quot;:&quot;%&quot;,&quot;size&quot;:&quot;&quot;,&quot;sizes&quot;:[]},&quot;carousel_arrows_next_arrow_vertical_top_indent_tablet&quot;:{&quot;unit&quot;:&quot;%&quot;,&quot;size&quot;:&quot;&quot;,&quot;sizes&quot;:[]},&quot;carousel_arrows_next_arrow_vertical_top_indent_mobile&quot;:{&quot;unit&quot;:&quot;%&quot;,&quot;size&quot;:&quot;&quot;,&quot;sizes&quot;:[]},&quot;carousel_arrows_next_arrow_horizontal_left_indent&quot;:{&quot;unit&quot;:&quot;%&quot;,&quot;size&quot;:&quot;&quot;,&quot;sizes&quot;:[]},&quot;carousel_arrows_next_arrow_horizontal_left_indent_tablet&quot;:{&quot;unit&quot;:&quot;%&quot;,&quot;size&quot;:&quot;&quot;,&quot;sizes&quot;:[]},&quot;carousel_arrows_next_arrow_horizontal_left_indent_mobile&quot;:{&quot;unit&quot;:&quot;%&quot;,&quot;size&quot;:&quot;&quot;,&quot;sizes&quot;:[]},&quot;wdt_animation_effect&quot;:&quot;none&quot;}\" data-widget_type=\"wdt-image-box.default\">\n\t\t\t\t<div class=\"elementor-widget-container\">\n\t\t\t\t\t<div class=\"wdt-image-box-holder wdt-content-item-holder wdt-column-holder wdt-rc-template-custom-template\" id=\"wdt-image-box-8ae8894\" data-settings=\"{&quot;enable_popup&quot;:&quot;&quot;,&quot;enable_hover_class&quot;:&quot;&quot;}\"><div class=\"wdt-column-wrapper wdt-column-gap-wide wdt-snap-scroll-enabled\" data-column-settings=\"{&quot;columnDevices&quot;:[&quot;tablet&quot;,&quot;mobile&quot;]}\" data-module-id=\"wdt-module-id-8ae8894\" id=\"wdt-module-id-8ae8894\"><div class=\"wdt-column\"><div class=\"wdt-content-item\"><div class=\"wdt-content-media-group\"><div class=\"wdt-content-elements-group wdt-media-group wdt-media-image-cover\"><div class=\"wdt-content-image-wrapper \"><div class=\"wdt-content-image\"><a href=\"https:\/\/mosesexport.com\/et\/moses-regular-soolatabletid\/\"><img decoding=\"async\" width=\"800\" height=\"600\" src=\"https:\/\/mosesexport.com\/wp-content\/uploads\/2024\/12\/\u0627\u0642\u0631\u0627\u0635.png\" class=\"attachment-full size-full wp-image-15943\" alt=\"MOSES\u00ae REGULAR, Salt Tablets\" srcset=\"https:\/\/mosesexport.com\/wp-content\/uploads\/2024\/12\/\u0627\u0642\u0631\u0627\u0635.png 800w, https:\/\/mosesexport.com\/wp-content\/uploads\/2024\/12\/\u0627\u0642\u0631\u0627\u0635-600x450.png 600w, https:\/\/mosesexport.com\/wp-content\/uploads\/2024\/12\/\u0627\u0642\u0631\u0627\u0635-300x225.png 300w, https:\/\/mosesexport.com\/wp-content\/uploads\/2024\/12\/\u0627\u0642\u0631\u0627\u0635-768x576.png 768w\" sizes=\"(max-width: 800px) 100vw, 800px\" title=\"\"><\/a><\/div><\/div><div class=\"wdt-media-image-cover-container\"><div class=\"wdt-content-button wdt-button-clone\"><a href=\"https:\/\/mosesexport.com\/et\/moses-regular-soolatabletid\/\"><div class=\"wdt-button-text\"><span>View<\/span><\/div><\/a><\/div><\/div><\/div><\/div><div class=\"wdt-content-detail-group\"><div class=\"wdt-content-title\"><h5><a href=\"https:\/\/mosesexport.com\/et\/moses-regular-soolatabletid\/\">MOSES\u00ae REGULAR, soolatabletid<\/a><\/h5><\/div><div class=\"wdt-content-description\">Kvaliteetsed soolatabletid igat t\u00fc\u00fcpi veepehmendajatele.<\/div><\/div><\/div><\/div><div class=\"wdt-column\"><div class=\"wdt-content-item\"><div class=\"wdt-content-media-group\"><div class=\"wdt-content-elements-group wdt-media-group wdt-media-image-cover\"><div class=\"wdt-content-image-wrapper \"><div class=\"wdt-content-image\"><a href=\"https:\/\/mosesexport.com\/et\/moses-kristallid-soolakristallid\/\"><img decoding=\"async\" width=\"800\" height=\"600\" src=\"https:\/\/mosesexport.com\/wp-content\/uploads\/2024\/12\/\u0645\u0644\u062d-\u0628\u062d\u0631.png\" class=\"attachment-full size-full wp-image-16308\" alt=\"\" srcset=\"https:\/\/mosesexport.com\/wp-content\/uploads\/2024\/12\/\u0645\u0644\u062d-\u0628\u062d\u0631.png 800w, https:\/\/mosesexport.com\/wp-content\/uploads\/2024\/12\/\u0645\u0644\u062d-\u0628\u062d\u0631-600x450.png 600w, https:\/\/mosesexport.com\/wp-content\/uploads\/2024\/12\/\u0645\u0644\u062d-\u0628\u062d\u0631-300x225.png 300w, https:\/\/mosesexport.com\/wp-content\/uploads\/2024\/12\/\u0645\u0644\u062d-\u0628\u062d\u0631-768x576.png 768w\" sizes=\"(max-width: 800px) 100vw, 800px\" title=\"\"><\/a><\/div><\/div><div class=\"wdt-media-image-cover-container\"><div class=\"wdt-content-button wdt-button-clone\"><a href=\"https:\/\/mosesexport.com\/et\/moses-kristallid-soolakristallid\/\"><div class=\"wdt-button-text\"><span>View<\/span><\/div><\/a><\/div><\/div><\/div><\/div><div class=\"wdt-content-detail-group\"><div class=\"wdt-content-title\"><h5><a href=\"https:\/\/mosesexport.com\/et\/moses-kristallid-soolakristallid\/\">MOSES\u00ae KRISTALLID, soolakristallid<\/a><\/h5><\/div><div class=\"wdt-content-description\">100% looduslikud soolakristallid. Vee pehmendamise soola parim etalon.<\/div><\/div><\/div><\/div><\/div><div class=\"wdt-column-pagination wdt-snap-scroll-pagination\">\n\t\t\t\t\t\t<button class=\"wdt-pagination-prev wdt-module-id-8ae8894\">Previous<\/button>\n\t\t\t\t\t\t<button class=\"wdt-pagination-next wdt-module-id-8ae8894\">Next<\/button><\/div><\/div>\t\t\t\t<\/div>\n\t\t\t\t<\/div>\n\t\t\t\t\t<\/div>\n\t\t\t\t<\/div>\n\t\t<div class=\"elementor-element elementor-element-5496e84 e-flex e-con-boxed e-con e-parent\" data-id=\"5496e84\" data-element_type=\"container\" data-e-type=\"container\">\n\t\t\t\t\t<div class=\"e-con-inner\">\n\t\t\t\t<div class=\"elementor-element elementor-element-125031a wdt-cus-accordion1 elementor-widget elementor-widget-wdt-accordion-and-toggle\" data-id=\"125031a\" data-element_type=\"widget\" data-e-type=\"widget\" data-settings=\"{&quot;wdt_animation_effect&quot;:&quot;none&quot;}\" data-widget_type=\"wdt-accordion-and-toggle.default\">\n\t\t\t\t<div class=\"elementor-widget-container\">\n\t\t\t\t\t<div class=\"wdt-accordion-toggle-holder wdt-module-toggle wdt-template-classic wdt-expand-collapse-position-end\" id=\"wdt-accordion-and-toggle-125031a\"><div class=\"wdt-accordion-toggle-wrapper\"><div class=\"wdt-accordion-toggle-title-holder\"><div class=\"wdt-accordion-toggle-title\"><div class=\"wdt-accordion-toggle-title-prefix number\">1<\/div>Miks sool?<\/div><div class=\"wdt-accordion-toggle-icon\"><div class=\"wdt-accordion-toggle-icon-expand\"><svg aria-hidden=\"true\" class=\"e-font-icon-svg e-fas-chevron-down\" viewBox=\"0 0 448 512\" xmlns=\"http:\/\/www.w3.org\/2000\/svg\"><path d=\"M207.029 381.476L12.686 187.132c-9.373-9.373-9.373-24.569 0-33.941l22.667-22.667c9.357-9.357 24.522-9.375 33.901-.04L224 284.505l154.745-154.021c9.379-9.335 24.544-9.317 33.901.04l22.667 22.667c9.373 9.373 9.373 24.569 0 33.941L240.971 381.476c-9.373 9.372-24.569 9.372-33.942 0z\"><\/path><\/svg><\/div><div class=\"wdt-accordion-toggle-icon-collapse\"><svg aria-hidden=\"true\" class=\"e-font-icon-svg e-fas-chevron-right\" viewBox=\"0 0 320 512\" xmlns=\"http:\/\/www.w3.org\/2000\/svg\"><path d=\"M285.476 272.971L91.132 467.314c-9.373 9.373-24.569 9.373-33.941 0l-22.667-22.667c-9.357-9.357-9.375-24.522-.04-33.901L188.505 256 34.484 101.255c-9.335-9.379-9.317-24.544.04-33.901l22.667-22.667c9.373-9.373 24.569-9.373 33.941 0L285.475 239.03c9.373 9.372 9.373 24.568.001 33.941z\"><\/path><\/svg><\/div><\/div><\/div><div class=\"wdt-accordion-toggle-description\">Soola kasutatakse soolvee valmistamiseks, et loputada puhtaks v\u00f5i \u201etaastada\u201c vaiguhelmesi.\n\nKasutage alati spetsiaalselt veepehmendajates kasutamiseks m\u00f5eldud k\u00f5rge puhtusastmega soolatoodet. Peen toidu- v\u00f5i lauasool v\u00f5ib pehmendaja toimivust h\u00e4irida, samas kui j\u00e4me mere- v\u00f5i kivisool v\u00f5ib sisaldada lisandeid.\n\nEriti oluline on kasutada ioonvahetusega veepehmendajat \u2013 sellist, mis puhastab vaiku soola abil, mis p\u00fc\u00fcab kinni k\u00f5vaduse mineraalid. Seadmed, mis v\u00e4idavad, et kasutavad magnetilisi v\u00f5i elektrilisi j\u00f5ude, v\u00f5ivad olla odavamad, kuid ei eemalda k\u00f5vadust.<\/div><\/div><div class=\"wdt-accordion-toggle-wrapper\"><div class=\"wdt-accordion-toggle-title-holder\"><div class=\"wdt-accordion-toggle-title\"><div class=\"wdt-accordion-toggle-title-prefix number\">2<\/div>Mis teeb vee k\u00f5vaks?<\/div><div class=\"wdt-accordion-toggle-icon\"><div class=\"wdt-accordion-toggle-icon-expand\"><svg aria-hidden=\"true\" class=\"e-font-icon-svg e-fas-chevron-down\" viewBox=\"0 0 448 512\" xmlns=\"http:\/\/www.w3.org\/2000\/svg\"><path d=\"M207.029 381.476L12.686 187.132c-9.373-9.373-9.373-24.569 0-33.941l22.667-22.667c9.357-9.357 24.522-9.375 33.901-.04L224 284.505l154.745-154.021c9.379-9.335 24.544-9.317 33.901.04l22.667 22.667c9.373 9.373 9.373 24.569 0 33.941L240.971 381.476c-9.373 9.372-24.569 9.372-33.942 0z\"><\/path><\/svg><\/div><div class=\"wdt-accordion-toggle-icon-collapse\"><svg aria-hidden=\"true\" class=\"e-font-icon-svg e-fas-chevron-right\" viewBox=\"0 0 320 512\" xmlns=\"http:\/\/www.w3.org\/2000\/svg\"><path d=\"M285.476 272.971L91.132 467.314c-9.373 9.373-24.569 9.373-33.941 0l-22.667-22.667c-9.357-9.357-9.375-24.522-.04-33.901L188.505 256 34.484 101.255c-9.335-9.379-9.317-24.544.04-33.901l22.667-22.667c9.373-9.373 24.569-9.373 33.941 0L285.475 239.03c9.373 9.372 9.373 24.568.001 33.941z\"><\/path><\/svg><\/div><\/div><\/div><div class=\"wdt-accordion-toggle-description\">S\u00f5na \u201ek\u00f5va vesi\u201d kirjeldab vett, mis sisaldab kaltsiumi ja magneesiumi ehk karedusmineraale. Vihmavesi on algselt pehme ja nendest mineraalidest vaba ning voolates \u00fcle maa ja l\u00e4bi selle, j\u00e4rvedesse, j\u00f5gedesse, ojadesse ja p\u00f5hjavette, imab see endasse karedusmineraale. Kuigi need mineraalid ei ole tervisele kahjulikud, m\u00f5jutavad need vee omadusi ja selle t\u00f5husust pesemisel ja puhastamisel.<\/div><\/div><div class=\"wdt-accordion-toggle-wrapper\"><div class=\"wdt-accordion-toggle-title-holder\"><div class=\"wdt-accordion-toggle-title\"><div class=\"wdt-accordion-toggle-title-prefix number\">3<\/div>Mida teeb k\u00f5va vesi?<\/div><div class=\"wdt-accordion-toggle-icon\"><div class=\"wdt-accordion-toggle-icon-expand\"><svg aria-hidden=\"true\" class=\"e-font-icon-svg e-fas-chevron-down\" viewBox=\"0 0 448 512\" xmlns=\"http:\/\/www.w3.org\/2000\/svg\"><path d=\"M207.029 381.476L12.686 187.132c-9.373-9.373-9.373-24.569 0-33.941l22.667-22.667c9.357-9.357 24.522-9.375 33.901-.04L224 284.505l154.745-154.021c9.379-9.335 24.544-9.317 33.901.04l22.667 22.667c9.373 9.373 9.373 24.569 0 33.941L240.971 381.476c-9.373 9.372-24.569 9.372-33.942 0z\"><\/path><\/svg><\/div><div class=\"wdt-accordion-toggle-icon-collapse\"><svg aria-hidden=\"true\" class=\"e-font-icon-svg e-fas-chevron-right\" viewBox=\"0 0 320 512\" xmlns=\"http:\/\/www.w3.org\/2000\/svg\"><path d=\"M285.476 272.971L91.132 467.314c-9.373 9.373-24.569 9.373-33.941 0l-22.667-22.667c-9.357-9.357-9.375-24.522-.04-33.901L188.505 256 34.484 101.255c-9.335-9.379-9.317-24.544.04-33.901l22.667-22.667c9.373-9.373 24.569-9.373 33.941 0L285.475 239.03c9.373 9.372 9.373 24.568.001 33.941z\"><\/path><\/svg><\/div><\/div><\/div><div class=\"wdt-accordion-toggle-description\">K\u00f5va vesi v\u00f5ib muuta lihtsaimadki majapidamist\u00f6\u00f6d raskeks t\u00f6\u00f6ks. Klaasn\u00f5ud ja n\u00f5ud j\u00e4\u00e4vad plekkidega. Riided n\u00e4evad tuhmimad v\u00e4lja ja ei tundu nii pehmed. Vannitoa sisustusele tekib inetu kiht. Seebid ja pesuvahendid ei vahustu nii h\u00e4sti. Isegi nahk ja juuksed ei tundu nii puhtad. K\u00f5va vesi on karm ka kodumasinatele, eriti pesumasinatele, n\u00f5udepesumasinatele ja boileritele.<\/div><\/div><\/div>\t\t\t\t<\/div>\n\t\t\t\t<\/div>\n\t\t\t\t\t<\/div>\n\t\t\t\t<\/div>\n\t\t\t\t<\/div>\n\t\t","protected":false},"excerpt":{"rendered":"<p>MOSES, sool vee pehmendamiseks Mis teeb pehmema vee paremaks veeks? Ja kuidas veepehmendaja sool aitab? Veepehmendajaga pehmendatud vesi j\u00e4tab p\u00e4rast hommikust du\u0161\u0161i juuksed ja naha pehmeks ning v\u00f5ib parandada joogivee maitset. Veepehmendaja sool aitab hoida veepehmendajaid tippvormis, et need saaksid j\u00e4tkuvalt pehmet vett pakkuda. \u00c4rge valige vee pehmendamiseks suvalist soola. L\u00f5ppude l\u00f5puks s\u00f5ltub teie vee [&hellip;]<\/p>\n","protected":false},"author":1,"featured_media":32086,"parent":28557,"menu_order":0,"comment_status":"closed","ping_status":"closed","template":"","meta":{"footnotes":""},"class_list":["post-28568","page","type-page","status-publish","has-post-thumbnail","hentry"],"_links":{"self":[{"href":"https:\/\/mosesexport.com\/et\/wp-json\/wp\/v2\/pages\/28568","targetHints":{"allow":["GET"]}}],"collection":[{"href":"https:\/\/mosesexport.com\/et\/wp-json\/wp\/v2\/pages"}],"about":[{"href":"https:\/\/mosesexport.com\/et\/wp-json\/wp\/v2\/types\/page"}],"author":[{"embeddable":true,"href":"https:\/\/mosesexport.com\/et\/wp-json\/wp\/v2\/users\/1"}],"replies":[{"embeddable":true,"href":"https:\/\/mosesexport.com\/et\/wp-json\/wp\/v2\/comments?post=28568"}],"version-history":[{"count":0,"href":"https:\/\/mosesexport.com\/et\/wp-json\/wp\/v2\/pages\/28568\/revisions"}],"up":[{"embeddable":true,"href":"https:\/\/mosesexport.com\/et\/wp-json\/wp\/v2\/pages\/28557"}],"wp:featuredmedia":[{"embeddable":true,"href":"https:\/\/mosesexport.com\/et\/wp-json\/wp\/v2\/media\/32086"}],"wp:attachment":[{"href":"https:\/\/mosesexport.com\/et\/wp-json\/wp\/v2\/media?parent=28568"}],"curies":[{"name":"wp","href":"https:\/\/api.w.org\/{rel}","templated":true}]}}