{"id":22118,"date":"2024-12-19T12:54:26","date_gmt":"2024-12-19T10:54:26","guid":{"rendered":"https:\/\/mosesexport.com\/sel-de-deneigement\/"},"modified":"2026-02-03T14:05:44","modified_gmt":"2026-02-03T12:05:44","slug":"sel-de-deneigement","status":"publish","type":"page","link":"https:\/\/mosesexport.com\/fr\/sel\/sel-de-deneigement\/","title":{"rendered":"Sel de d\u00e9neigement"},"content":{"rendered":"\t\t<div data-elementor-type=\"wp-page\" data-elementor-id=\"22118\" class=\"elementor elementor-22118 elementor-16549\">\n\t\t\t\t<div class=\"elementor-element elementor-element-6048ffb e-flex e-con-boxed e-con e-parent\" data-id=\"6048ffb\" data-element_type=\"container\" data-e-type=\"container\" data-settings=\"{&quot;background_background&quot;:&quot;classic&quot;}\">\n\t\t\t\t\t<div class=\"e-con-inner\">\n\t\t\t\t<div class=\"elementor-element elementor-element-04c4b03 elementor-widget elementor-widget-heading\" data-id=\"04c4b03\" data-element_type=\"widget\" data-e-type=\"widget\" data-settings=\"{&quot;wdt_animation_effect&quot;:&quot;none&quot;}\" data-widget_type=\"heading.default\">\n\t\t\t\t<div class=\"elementor-widget-container\">\n\t\t\t\t\t<h2 class=\"elementor-heading-title elementor-size-default\"><a href=\"https:\/\/mosesexport.com\/fr\/sel-de-deneigement\/\">MOSES Sel de d\u00e9neigement<\/a><\/h2>\t\t\t\t<\/div>\n\t\t\t\t<\/div>\n\t\t\t\t\t<\/div>\n\t\t\t\t<\/div>\n\t\t\t\t<section class=\"elementor-section elementor-top-section elementor-element elementor-element-cd5d985 wdt-no-full-section elementor-section-boxed elementor-section-height-default elementor-section-height-default\" data-id=\"cd5d985\" data-element_type=\"section\" data-e-type=\"section\" data-settings=\"{&quot;background_background&quot;:&quot;classic&quot;,&quot;wdt_bg_image&quot;:{&quot;url&quot;:&quot;&quot;,&quot;id&quot;:&quot;&quot;,&quot;size&quot;:&quot;&quot;},&quot;wdt_bg_image_tablet&quot;:{&quot;url&quot;:&quot;&quot;,&quot;id&quot;:&quot;&quot;,&quot;size&quot;:&quot;&quot;},&quot;wdt_bg_image_mobile&quot;:{&quot;url&quot;:&quot;&quot;,&quot;id&quot;:&quot;&quot;,&quot;size&quot;:&quot;&quot;},&quot;wdt_bg_position&quot;:&quot;center center&quot;,&quot;wdt_animation_effect&quot;:&quot;none&quot;}\">\n\t\t\t\t\t\t<div class=\"elementor-container elementor-column-gap-no\">\n\t\t\t\t\t<div class=\"elementor-column elementor-col-50 elementor-top-column elementor-element elementor-element-0dc7431 animated-fast elementor-invisible\" data-id=\"0dc7431\" data-element_type=\"column\" data-e-type=\"column\" data-settings=\"{&quot;animation&quot;:&quot;fadeInLeft&quot;,&quot;animation_delay&quot;:&quot;100&quot;}\">\n\t\t\t<div class=\"elementor-widget-wrap elementor-element-populated\">\n\t\t\t\t\t\t<div class=\"elementor-element elementor-element-df96fc3 start elementor-widget elementor-widget-wdt-heading\" data-id=\"df96fc3\" data-element_type=\"widget\" data-e-type=\"widget\" data-settings=\"{&quot;item_background_background&quot;:&quot;classic&quot;,&quot;wdt_animation_effect&quot;:&quot;none&quot;}\" data-widget_type=\"wdt-heading.default\">\n\t\t\t\t<div class=\"elementor-widget-container\">\n\t\t\t\t\t<div class=\"wdt-heading-holder \" id=\"wdt-heading-df96fc3\"><div class=\"wdt-heading-content-wrapper\">D\u00e9neigement\u00a0: tous les sels de voirie ne sont pas de qualit\u00e9 \u00e9gale. La granulom\u00e9trie du sel varie consid\u00e9rablement, ce qui peut avoir un impact consid\u00e9rable sur le temps de d\u00e9neigement de vos locaux. Un sel compos\u00e9 de grains trop fins agit rapidement, mais perd rapidement son efficacit\u00e9. Dans ce cas, vous vous retrouverez avec une couche de neige et de glace non fondue d\u00e9sagr\u00e9able. Utiliser des grains de sel trop gros ralentira la fonte de la neige. De plus, vos locaux resteront d\u00e9gel\u00e9s plus longtemps. Un sel de qualit\u00e9, comme le sel de voirie MOSES, est un m\u00e9lange parfait de grains fins et grossiers, garantissant un d\u00e9gla\u00e7age rapide et durable de votre all\u00e9e et de vos locaux.<\/div><\/div>\t\t\t\t<\/div>\n\t\t\t\t<\/div>\n\t\t\t\t\t<\/div>\n\t\t<\/div>\n\t\t\t\t<div class=\"wdt-sticky-column elementor-column elementor-col-50 elementor-top-column elementor-element elementor-element-cc0e283 wdt-cus-grid-img-counter\" data-wdt-settings=\"{&quot;id&quot;:&quot;cc0e283&quot;,&quot;sticky&quot;:true,&quot;topSpacing&quot;:50,&quot;bottomSpacing&quot;:50,&quot;stickyOn&quot;:[&quot;laptop&quot;,&quot;tablet_extra&quot;],&quot;overflowHidden&quot;:false}\" data-id=\"cc0e283\" data-element_type=\"column\" data-e-type=\"column\">\n\t\t\t<div class=\"elementor-widget-wrap elementor-element-populated\">\n\t\t\t\t\t\t<div class=\"elementor-element elementor-element-4d681eb elementor-widget elementor-widget-image\" data-id=\"4d681eb\" data-element_type=\"widget\" data-e-type=\"widget\" data-settings=\"{&quot;wdt_animation_effect&quot;:&quot;none&quot;}\" data-widget_type=\"image.default\">\n\t\t\t\t<div class=\"elementor-widget-container\">\n\t\t\t\t\t\t\t\t\t\t\t\t\t\t\t<img fetchpriority=\"high\" decoding=\"async\" width=\"905\" height=\"573\" src=\"https:\/\/mosesexport.com\/wp-content\/uploads\/2024\/05\/82d8439aba70e804340636d6ac56fe49ebdf090b.jpeg\" class=\"attachment-full size-full wp-image-18954\" alt=\"road salt\" srcset=\"https:\/\/mosesexport.com\/wp-content\/uploads\/2024\/05\/82d8439aba70e804340636d6ac56fe49ebdf090b.jpeg.webp 905w, https:\/\/mosesexport.com\/wp-content\/uploads\/2024\/05\/82d8439aba70e804340636d6ac56fe49ebdf090b-600x380.jpeg 600w, https:\/\/mosesexport.com\/wp-content\/uploads\/2024\/05\/82d8439aba70e804340636d6ac56fe49ebdf090b-300x190.jpeg.webp 300w, https:\/\/mosesexport.com\/wp-content\/uploads\/2024\/05\/82d8439aba70e804340636d6ac56fe49ebdf090b-768x486.jpeg.webp 768w\" sizes=\"(max-width: 905px) 100vw, 905px\" title=\"\">\t\t\t\t\t\t\t\t\t\t\t\t\t\t\t<\/div>\n\t\t\t\t<\/div>\n\t\t\t\t\t<\/div>\n\t\t<\/div>\n\t\t\t\t\t<\/div>\n\t\t<\/section>\n\t\t<div class=\"elementor-element elementor-element-2663e42 e-flex e-con-boxed e-con e-parent\" data-id=\"2663e42\" data-element_type=\"container\" data-e-type=\"container\" data-settings=\"{&quot;background_background&quot;:&quot;classic&quot;}\">\n\t\t\t\t\t<div class=\"e-con-inner\">\n\t\t\t\t<div class=\"elementor-element elementor-element-99ade0e elementor-widget elementor-widget-heading\" data-id=\"99ade0e\" data-element_type=\"widget\" data-e-type=\"widget\" data-settings=\"{&quot;wdt_animation_effect&quot;:&quot;none&quot;}\" data-widget_type=\"heading.default\">\n\t\t\t\t<div class=\"elementor-widget-container\">\n\t\t\t\t\t<h3 class=\"elementor-heading-title elementor-size-default\"><a href=\"https:\/\/mosesexport.com\/fr\/sel-de-deneigement\/\">sel pour les routes<\/a><\/h3>\t\t\t\t<\/div>\n\t\t\t\t<\/div>\n\t\t\t\t\t<\/div>\n\t\t\t\t<\/div>\n\t\t<div class=\"elementor-element elementor-element-342fe50 e-flex e-con-boxed e-con e-parent\" data-id=\"342fe50\" data-element_type=\"container\" data-e-type=\"container\">\n\t\t\t\t\t<div class=\"e-con-inner\">\n\t\t\t\t<div class=\"elementor-element elementor-element-3a4367e start start elementor-widget-mobile__width-inherit wdt-cus-service-style-01 elementor-widget elementor-widget-wdt-image-box\" data-id=\"3a4367e\" data-element_type=\"widget\" data-e-type=\"widget\" data-settings=\"{&quot;button_normal_background_background&quot;:&quot;classic&quot;,&quot;button_normal_background_color&quot;:&quot;#FFC52700&quot;,&quot;button_hover_background_background&quot;:&quot;classic&quot;,&quot;button_hover_background_color&quot;:&quot;#FFC52700&quot;,&quot;columns&quot;:&quot;3&quot;,&quot;item_normal_background_background&quot;:&quot;gradient&quot;,&quot;item_normal_background_color&quot;:&quot;#003057&quot;,&quot;item_hover_background_background&quot;:&quot;gradient&quot;,&quot;_animation&quot;:&quot;none&quot;,&quot;columns_tablet&quot;:2,&quot;columns_mobile&quot;:1,&quot;carousel_arrows_prev_arrow_vertical_top_indent&quot;:{&quot;unit&quot;:&quot;%&quot;,&quot;size&quot;:&quot;&quot;,&quot;sizes&quot;:[]},&quot;carousel_arrows_prev_arrow_vertical_top_indent_tablet&quot;:{&quot;unit&quot;:&quot;%&quot;,&quot;size&quot;:&quot;&quot;,&quot;sizes&quot;:[]},&quot;carousel_arrows_prev_arrow_vertical_top_indent_mobile&quot;:{&quot;unit&quot;:&quot;%&quot;,&quot;size&quot;:&quot;&quot;,&quot;sizes&quot;:[]},&quot;carousel_arrows_prev_arrow_horizontal_left_indent&quot;:{&quot;unit&quot;:&quot;%&quot;,&quot;size&quot;:&quot;&quot;,&quot;sizes&quot;:[]},&quot;carousel_arrows_prev_arrow_horizontal_left_indent_tablet&quot;:{&quot;unit&quot;:&quot;%&quot;,&quot;size&quot;:&quot;&quot;,&quot;sizes&quot;:[]},&quot;carousel_arrows_prev_arrow_horizontal_left_indent_mobile&quot;:{&quot;unit&quot;:&quot;%&quot;,&quot;size&quot;:&quot;&quot;,&quot;sizes&quot;:[]},&quot;carousel_arrows_next_arrow_vertical_top_indent&quot;:{&quot;unit&quot;:&quot;%&quot;,&quot;size&quot;:&quot;&quot;,&quot;sizes&quot;:[]},&quot;carousel_arrows_next_arrow_vertical_top_indent_tablet&quot;:{&quot;unit&quot;:&quot;%&quot;,&quot;size&quot;:&quot;&quot;,&quot;sizes&quot;:[]},&quot;carousel_arrows_next_arrow_vertical_top_indent_mobile&quot;:{&quot;unit&quot;:&quot;%&quot;,&quot;size&quot;:&quot;&quot;,&quot;sizes&quot;:[]},&quot;carousel_arrows_next_arrow_horizontal_left_indent&quot;:{&quot;unit&quot;:&quot;%&quot;,&quot;size&quot;:&quot;&quot;,&quot;sizes&quot;:[]},&quot;carousel_arrows_next_arrow_horizontal_left_indent_tablet&quot;:{&quot;unit&quot;:&quot;%&quot;,&quot;size&quot;:&quot;&quot;,&quot;sizes&quot;:[]},&quot;carousel_arrows_next_arrow_horizontal_left_indent_mobile&quot;:{&quot;unit&quot;:&quot;%&quot;,&quot;size&quot;:&quot;&quot;,&quot;sizes&quot;:[]},&quot;wdt_animation_effect&quot;:&quot;none&quot;}\" data-widget_type=\"wdt-image-box.default\">\n\t\t\t\t<div class=\"elementor-widget-container\">\n\t\t\t\t\t<div class=\"wdt-image-box-holder wdt-content-item-holder wdt-column-holder wdt-rc-template-custom-template\" id=\"wdt-image-box-3a4367e\" data-settings=\"{&quot;enable_popup&quot;:&quot;&quot;,&quot;enable_hover_class&quot;:&quot;&quot;}\"><div class=\"wdt-column-wrapper wdt-column-gap-wide \" data-column-settings=\"\" data-module-id=\"wdt-module-id-3a4367e\" id=\"wdt-module-id-3a4367e\"><div class=\"wdt-column\"><div class=\"wdt-content-item\"><div class=\"wdt-content-media-group\"><div class=\"wdt-content-elements-group wdt-media-group wdt-media-image-cover\"><div class=\"wdt-content-image-wrapper \"><div class=\"wdt-content-image\"><a href=\"https:\/\/mosesexport.com\/fr\/moses-0-1-sel-de-voirie-fin\/\"><img decoding=\"async\" width=\"450\" height=\"340\" src=\"https:\/\/mosesexport.com\/wp-content\/uploads\/2024\/12\/f1663efdfb1064d7a7346f0c68dd4d0b3237f637_Korrel_MARSEL_SALCO_VAATWASZOUT_1_3_1440x952px.png\" class=\"attachment-full size-full wp-image-16624\" alt=\"MOSES\u00ae 1-3, medium coarse sea salt\" srcset=\"https:\/\/mosesexport.com\/wp-content\/uploads\/2024\/12\/f1663efdfb1064d7a7346f0c68dd4d0b3237f637_Korrel_MARSEL_SALCO_VAATWASZOUT_1_3_1440x952px.png 450w, https:\/\/mosesexport.com\/wp-content\/uploads\/2024\/12\/f1663efdfb1064d7a7346f0c68dd4d0b3237f637_Korrel_MARSEL_SALCO_VAATWASZOUT_1_3_1440x952px-300x227.png 300w\" sizes=\"(max-width: 450px) 100vw, 450px\" title=\"\"><\/a><\/div><\/div><div class=\"wdt-media-image-cover-container\"><div class=\"wdt-content-button wdt-button-clone\"><a href=\"https:\/\/mosesexport.com\/fr\/moses-0-1-sel-de-voirie-fin\/\"><div class=\"wdt-button-text\"><span>View<\/span><\/div><\/a><\/div><\/div><\/div><\/div><div class=\"wdt-content-detail-group\"><div class=\"wdt-content-title\"><h5><a href=\"https:\/\/mosesexport.com\/fr\/moses-0-1-sel-de-voirie-fin\/\">Moses\u00ae 0-1 Sel de voirie fin<\/a><\/h5><\/div><div class=\"wdt-content-description\">sel dont la granulom\u00e9trie est dure et pure et varie entre 0 et 1 mm<\/div><\/div><\/div><\/div><div class=\"wdt-column\"><div class=\"wdt-content-item\"><div class=\"wdt-content-media-group\"><div class=\"wdt-content-elements-group wdt-media-group wdt-media-image-cover\"><div class=\"wdt-content-image-wrapper \"><div class=\"wdt-content-image\"><a href=\"https:\/\/mosesexport.com\/fr\/moses-1-4-sel-de-deneigement-grossier\/\"><img decoding=\"async\" width=\"800\" height=\"600\" src=\"https:\/\/mosesexport.com\/wp-content\/uploads\/2025\/01\/1-4-RODE-SALT.png\" class=\"attachment-full size-full wp-image-17190\" alt=\"\" srcset=\"https:\/\/mosesexport.com\/wp-content\/uploads\/2025\/01\/1-4-RODE-SALT.png 800w, https:\/\/mosesexport.com\/wp-content\/uploads\/2025\/01\/1-4-RODE-SALT-600x450.png 600w, https:\/\/mosesexport.com\/wp-content\/uploads\/2025\/01\/1-4-RODE-SALT-300x225.png 300w, https:\/\/mosesexport.com\/wp-content\/uploads\/2025\/01\/1-4-RODE-SALT-768x576.png 768w\" sizes=\"(max-width: 800px) 100vw, 800px\" title=\"\"><\/a><\/div><\/div><div class=\"wdt-media-image-cover-container\"><div class=\"wdt-content-button wdt-button-clone\"><a href=\"https:\/\/mosesexport.com\/fr\/moses-1-4-sel-de-deneigement-grossier\/\"><div class=\"wdt-button-text\"><span>View<\/span><\/div><\/a><\/div><\/div><\/div><\/div><div class=\"wdt-content-detail-group\"><div class=\"wdt-content-title\"><h5><a href=\"https:\/\/mosesexport.com\/fr\/moses-1-4-sel-de-deneigement-grossier\/\">MOSES\u00ae 1-4, gros sel de voirie<\/a><\/h5><\/div><div class=\"wdt-content-description\">sel dont la granulom\u00e9trie est dure et pure et varie entre 1 et 4 mm<\/div><\/div><\/div><\/div><div class=\"wdt-column\"><div class=\"wdt-content-item\"><div class=\"wdt-content-media-group\"><div class=\"wdt-content-elements-group wdt-media-group wdt-media-image-cover\"><div class=\"wdt-content-image-wrapper \"><div class=\"wdt-content-image\"><a href=\"https:\/\/mosesexport.com\/fr\/sel-de-deglacage-moses-road-salt\/\"><img loading=\"lazy\" decoding=\"async\" width=\"800\" height=\"600\" src=\"https:\/\/mosesexport.com\/wp-content\/uploads\/2025\/01\/RODE-SALT-5MM.png\" class=\"attachment-full size-full wp-image-17206\" alt=\"RODE SALT 5MM\" srcset=\"https:\/\/mosesexport.com\/wp-content\/uploads\/2025\/01\/RODE-SALT-5MM.png 800w, https:\/\/mosesexport.com\/wp-content\/uploads\/2025\/01\/RODE-SALT-5MM-600x450.png 600w, https:\/\/mosesexport.com\/wp-content\/uploads\/2025\/01\/RODE-SALT-5MM-300x225.png 300w, https:\/\/mosesexport.com\/wp-content\/uploads\/2025\/01\/RODE-SALT-5MM-768x576.png 768w\" sizes=\"(max-width: 800px) 100vw, 800px\" title=\"\"><\/a><\/div><\/div><div class=\"wdt-media-image-cover-container\"><div class=\"wdt-content-button wdt-button-clone\"><a href=\"https:\/\/mosesexport.com\/fr\/sel-de-deglacage-moses-road-salt\/\"><div class=\"wdt-button-text\"><span>View<\/span><\/div><\/a><\/div><\/div><\/div><\/div><div class=\"wdt-content-detail-group\"><div class=\"wdt-content-title\"><h5><a href=\"https:\/\/mosesexport.com\/fr\/sel-de-deglacage-moses-road-salt\/\">MOSES ROAD SALT\u00ae Sel de d\u00e9gla\u00e7age<\/a><\/h5><\/div><div class=\"wdt-content-description\">Sel de d\u00e9neigement sec et facile \u00e0 \u00e9taler avec une granulom\u00e9trie allant jusqu'\u00e0 5 mm.<\/div><\/div><\/div><\/div><\/div><\/div>\t\t\t\t<\/div>\n\t\t\t\t<\/div>\n\t\t\t\t\t<\/div>\n\t\t\t\t<\/div>\n\t\t<div class=\"elementor-element elementor-element-280af6e e-flex e-con-boxed e-con e-parent\" data-id=\"280af6e\" data-element_type=\"container\" data-e-type=\"container\">\n\t\t\t\t\t<div class=\"e-con-inner\">\n\t\t\t\t<div class=\"elementor-element elementor-element-e368153 wdt-cus-accordion1 elementor-widget elementor-widget-wdt-accordion-and-toggle\" data-id=\"e368153\" data-element_type=\"widget\" data-e-type=\"widget\" data-settings=\"{&quot;wdt_animation_effect&quot;:&quot;none&quot;}\" data-widget_type=\"wdt-accordion-and-toggle.default\">\n\t\t\t\t<div class=\"elementor-widget-container\">\n\t\t\t\t\t<div class=\"wdt-accordion-toggle-holder wdt-module-accordion wdt-template-classic wdt-expand-collapse-position-end\" id=\"wdt-accordion-and-toggle-e368153\"><div class=\"wdt-accordion-toggle-wrapper\"><div class=\"wdt-accordion-toggle-title-holder\"><div class=\"wdt-accordion-toggle-title\">Comment est fabriqu\u00e9 le sel de voirie ?<\/div><div class=\"wdt-accordion-toggle-icon\"><div class=\"wdt-accordion-toggle-icon-expand\"><svg aria-hidden=\"true\" class=\"e-font-icon-svg e-fas-chevron-down\" viewBox=\"0 0 448 512\" xmlns=\"http:\/\/www.w3.org\/2000\/svg\"><path d=\"M207.029 381.476L12.686 187.132c-9.373-9.373-9.373-24.569 0-33.941l22.667-22.667c9.357-9.357 24.522-9.375 33.901-.04L224 284.505l154.745-154.021c9.379-9.335 24.544-9.317 33.901.04l22.667 22.667c9.373 9.373 9.373 24.569 0 33.941L240.971 381.476c-9.373 9.372-24.569 9.372-33.942 0z\"><\/path><\/svg><\/div><div class=\"wdt-accordion-toggle-icon-collapse\"><svg aria-hidden=\"true\" class=\"e-font-icon-svg e-fas-chevron-right\" viewBox=\"0 0 320 512\" xmlns=\"http:\/\/www.w3.org\/2000\/svg\"><path d=\"M285.476 272.971L91.132 467.314c-9.373 9.373-24.569 9.373-33.941 0l-22.667-22.667c-9.357-9.357-9.375-24.522-.04-33.901L188.505 256 34.484 101.255c-9.335-9.379-9.317-24.544.04-33.901l22.667-22.667c9.373-9.373 24.569-9.373 33.941 0L285.475 239.03c9.373 9.372 9.373 24.568.001 33.941z\"><\/path><\/svg><\/div><\/div><\/div><div class=\"wdt-accordion-toggle-description\">En \u00c9gypte, le sel de voirie est fabriqu\u00e9 \u00e0 partir de sel naturel, soit extrait de l'eau de mer par \u00e9vaporation solaire, soit extrait des gisements de sel locaux. Le sel, compos\u00e9 principalement de chlorure de sodium (NaCl), est collect\u00e9, lav\u00e9 pour \u00e9liminer les impuret\u00e9s, s\u00e9ch\u00e9, puis concass\u00e9 et tamis\u00e9 en grains uniformes. Des agents antiagglom\u00e9rants ou des additifs comme le chlorure de calcium sont parfois ajout\u00e9s pour am\u00e9liorer les performances par temps froid avant d'\u00eatre conditionn\u00e9 et distribu\u00e9 pour \u00eatre utilis\u00e9 sur les routes afin de pr\u00e9venir l'accumulation de glace et de neige.<\/div><\/div><div class=\"wdt-accordion-toggle-wrapper\"><div class=\"wdt-accordion-toggle-title-holder\"><div class=\"wdt-accordion-toggle-title\">\u00e0 quoi sert le sel de voirie ?<\/div><div class=\"wdt-accordion-toggle-icon\"><div class=\"wdt-accordion-toggle-icon-expand\"><svg aria-hidden=\"true\" class=\"e-font-icon-svg e-fas-chevron-down\" viewBox=\"0 0 448 512\" xmlns=\"http:\/\/www.w3.org\/2000\/svg\"><path d=\"M207.029 381.476L12.686 187.132c-9.373-9.373-9.373-24.569 0-33.941l22.667-22.667c9.357-9.357 24.522-9.375 33.901-.04L224 284.505l154.745-154.021c9.379-9.335 24.544-9.317 33.901.04l22.667 22.667c9.373 9.373 9.373 24.569 0 33.941L240.971 381.476c-9.373 9.372-24.569 9.372-33.942 0z\"><\/path><\/svg><\/div><div class=\"wdt-accordion-toggle-icon-collapse\"><svg aria-hidden=\"true\" class=\"e-font-icon-svg e-fas-chevron-right\" viewBox=\"0 0 320 512\" xmlns=\"http:\/\/www.w3.org\/2000\/svg\"><path d=\"M285.476 272.971L91.132 467.314c-9.373 9.373-24.569 9.373-33.941 0l-22.667-22.667c-9.357-9.357-9.375-24.522-.04-33.901L188.505 256 34.484 101.255c-9.335-9.379-9.317-24.544.04-33.901l22.667-22.667c9.373-9.373 24.569-9.373 33.941 0L285.475 239.03c9.373 9.372 9.373 24.568.001 33.941z\"><\/path><\/svg><\/div><\/div><\/div><div class=\"wdt-accordion-toggle-description\">Le sel de voirie, g\u00e9n\u00e9ralement du sel gemme (chlorure de sodium), est utilis\u00e9 en hiver pour d\u00e9givrer les routes et pr\u00e9venir la formation de glace en abaissant le point de cong\u00e9lation de l'eau. Il fait fondre la glace pour former une solution saline qui contribue \u00e0 d\u00e9gager les routes. Il est \u00e9pandu sur les rues et les autoroutes pour am\u00e9liorer l'adh\u00e9rence en cr\u00e9ant une surface granuleuse et emp\u00eacher la neige et la glace d'adh\u00e9rer \u00e0 la chauss\u00e9e.<\/div><\/div><div class=\"wdt-accordion-toggle-wrapper\"><div class=\"wdt-accordion-toggle-title-holder\"><div class=\"wdt-accordion-toggle-title\">Qui a du sel de voirie pr\u00e8s de chez moi ?<\/div><div class=\"wdt-accordion-toggle-icon\"><div class=\"wdt-accordion-toggle-icon-expand\"><svg aria-hidden=\"true\" class=\"e-font-icon-svg e-fas-chevron-down\" viewBox=\"0 0 448 512\" xmlns=\"http:\/\/www.w3.org\/2000\/svg\"><path d=\"M207.029 381.476L12.686 187.132c-9.373-9.373-9.373-24.569 0-33.941l22.667-22.667c9.357-9.357 24.522-9.375 33.901-.04L224 284.505l154.745-154.021c9.379-9.335 24.544-9.317 33.901.04l22.667 22.667c9.373 9.373 9.373 24.569 0 33.941L240.971 381.476c-9.373 9.372-24.569 9.372-33.942 0z\"><\/path><\/svg><\/div><div class=\"wdt-accordion-toggle-icon-collapse\"><svg aria-hidden=\"true\" class=\"e-font-icon-svg e-fas-chevron-right\" viewBox=\"0 0 320 512\" xmlns=\"http:\/\/www.w3.org\/2000\/svg\"><path d=\"M285.476 272.971L91.132 467.314c-9.373 9.373-24.569 9.373-33.941 0l-22.667-22.667c-9.357-9.357-9.375-24.522-.04-33.901L188.505 256 34.484 101.255c-9.335-9.379-9.317-24.544.04-33.901l22.667-22.667c9.373-9.373 24.569-9.373 33.941 0L285.475 239.03c9.373 9.372 9.373 24.568.001 33.941z\"><\/path><\/svg><\/div><\/div><\/div><div class=\"wdt-accordion-toggle-description\">Procurez-vous du sel de d\u00e9neigement de haute qualit\u00e9 directement d'\u00c9gypte. Disponible en vrac pour l'exportation, pr\u00eat \u00e0 \u00eatre exp\u00e9di\u00e9 pour r\u00e9pondre \u00e0 vos besoins de d\u00e9gla\u00e7age.<\/div><\/div><div class=\"wdt-accordion-toggle-wrapper\"><div class=\"wdt-accordion-toggle-title-holder\"><div class=\"wdt-accordion-toggle-title\">Le sel de voirie peut-il tuer les mauvaises herbes ?<\/div><div class=\"wdt-accordion-toggle-icon\"><div class=\"wdt-accordion-toggle-icon-expand\"><svg aria-hidden=\"true\" class=\"e-font-icon-svg e-fas-chevron-down\" viewBox=\"0 0 448 512\" xmlns=\"http:\/\/www.w3.org\/2000\/svg\"><path d=\"M207.029 381.476L12.686 187.132c-9.373-9.373-9.373-24.569 0-33.941l22.667-22.667c9.357-9.357 24.522-9.375 33.901-.04L224 284.505l154.745-154.021c9.379-9.335 24.544-9.317 33.901.04l22.667 22.667c9.373 9.373 9.373 24.569 0 33.941L240.971 381.476c-9.373 9.372-24.569 9.372-33.942 0z\"><\/path><\/svg><\/div><div class=\"wdt-accordion-toggle-icon-collapse\"><svg aria-hidden=\"true\" class=\"e-font-icon-svg e-fas-chevron-right\" viewBox=\"0 0 320 512\" xmlns=\"http:\/\/www.w3.org\/2000\/svg\"><path d=\"M285.476 272.971L91.132 467.314c-9.373 9.373-24.569 9.373-33.941 0l-22.667-22.667c-9.357-9.357-9.375-24.522-.04-33.901L188.505 256 34.484 101.255c-9.335-9.379-9.317-24.544.04-33.901l22.667-22.667c9.373-9.373 24.569-9.373 33.941 0L285.475 239.03c9.373 9.372 9.373 24.568.001 33.941z\"><\/path><\/svg><\/div><\/div><\/div><div class=\"wdt-accordion-toggle-description\">Oui, le sel de voirie, ou sel gemme, tue les mauvaises herbes en absorbant l'humidit\u00e9 de leurs cellules, mais il sale \u00e9galement le sol, emp\u00eachant toute croissance future de plantes \u00e0 cet endroit pendant une p\u00e9riode prolong\u00e9e. C'est un d\u00e9sherbant efficace pour les fissures dans les trottoirs ou les all\u00e9es en gravier, mais il ne doit pas \u00eatre utilis\u00e9 dans les jardins ou les pelouses o\u00f9 l'on souhaite planter de nouvelles plantes.<\/div><\/div><div class=\"wdt-accordion-toggle-wrapper\"><div class=\"wdt-accordion-toggle-title-holder\"><div class=\"wdt-accordion-toggle-title\">qui vend du sel de voirie ?<\/div><div class=\"wdt-accordion-toggle-icon\"><div class=\"wdt-accordion-toggle-icon-expand\"><svg aria-hidden=\"true\" class=\"e-font-icon-svg e-fas-chevron-down\" viewBox=\"0 0 448 512\" xmlns=\"http:\/\/www.w3.org\/2000\/svg\"><path d=\"M207.029 381.476L12.686 187.132c-9.373-9.373-9.373-24.569 0-33.941l22.667-22.667c9.357-9.357 24.522-9.375 33.901-.04L224 284.505l154.745-154.021c9.379-9.335 24.544-9.317 33.901.04l22.667 22.667c9.373 9.373 9.373 24.569 0 33.941L240.971 381.476c-9.373 9.372-24.569 9.372-33.942 0z\"><\/path><\/svg><\/div><div class=\"wdt-accordion-toggle-icon-collapse\"><svg aria-hidden=\"true\" class=\"e-font-icon-svg e-fas-chevron-right\" viewBox=\"0 0 320 512\" xmlns=\"http:\/\/www.w3.org\/2000\/svg\"><path d=\"M285.476 272.971L91.132 467.314c-9.373 9.373-24.569 9.373-33.941 0l-22.667-22.667c-9.357-9.357-9.375-24.522-.04-33.901L188.505 256 34.484 101.255c-9.335-9.379-9.317-24.544.04-33.901l22.667-22.667c9.373-9.373 24.569-9.373 33.941 0L285.475 239.03c9.373 9.372 9.373 24.568.001 33.941z\"><\/path><\/svg><\/div><\/div><\/div><div class=\"wdt-accordion-toggle-description\">Moses Company fournit et exporte du sel de haute qualit\u00e9 de tous types dans le monde entier.<\/div><\/div><\/div>\t\t\t\t<\/div>\n\t\t\t\t<\/div>\n\t\t\t\t\t<\/div>\n\t\t\t\t<\/div>\n\t\t\t\t<\/div>\n\t\t","protected":false},"excerpt":{"rendered":"<p>MOSES Sel de d\u00e9neigement D\u00e9neigement\u00a0: tous les sels de voirie ne sont pas de qualit\u00e9 \u00e9gale. La granulom\u00e9trie du sel varie consid\u00e9rablement, ce qui peut avoir un impact consid\u00e9rable sur le temps de d\u00e9neigement de vos locaux. Un sel compos\u00e9 de grains trop fins agit rapidement, mais perd rapidement son efficacit\u00e9. Dans ce cas, vous [&hellip;]<\/p>\n","protected":false},"author":2,"featured_media":32042,"parent":22113,"menu_order":0,"comment_status":"closed","ping_status":"closed","template":"","meta":{"footnotes":""},"class_list":["post-22118","page","type-page","status-publish","has-post-thumbnail","hentry"],"_links":{"self":[{"href":"https:\/\/mosesexport.com\/fr\/wp-json\/wp\/v2\/pages\/22118","targetHints":{"allow":["GET"]}}],"collection":[{"href":"https:\/\/mosesexport.com\/fr\/wp-json\/wp\/v2\/pages"}],"about":[{"href":"https:\/\/mosesexport.com\/fr\/wp-json\/wp\/v2\/types\/page"}],"author":[{"embeddable":true,"href":"https:\/\/mosesexport.com\/fr\/wp-json\/wp\/v2\/users\/2"}],"replies":[{"embeddable":true,"href":"https:\/\/mosesexport.com\/fr\/wp-json\/wp\/v2\/comments?post=22118"}],"version-history":[{"count":0,"href":"https:\/\/mosesexport.com\/fr\/wp-json\/wp\/v2\/pages\/22118\/revisions"}],"up":[{"embeddable":true,"href":"https:\/\/mosesexport.com\/fr\/wp-json\/wp\/v2\/pages\/22113"}],"wp:featuredmedia":[{"embeddable":true,"href":"https:\/\/mosesexport.com\/fr\/wp-json\/wp\/v2\/media\/32042"}],"wp:attachment":[{"href":"https:\/\/mosesexport.com\/fr\/wp-json\/wp\/v2\/media?parent=22118"}],"curies":[{"name":"wp","href":"https:\/\/api.w.org\/{rel}","templated":true}]}}