{"id":276,"date":"2026-04-26T13:30:38","date_gmt":"2026-04-26T10:30:38","guid":{"rendered":"https:\/\/abdo.elboshy.com\/mosesexport\/?page_id=276"},"modified":"2026-05-04T13:22:02","modified_gmt":"2026-05-04T10:22:02","slug":"about-us","status":"publish","type":"page","link":"https:\/\/mosesexport.com\/fr\/about-us\/","title":{"rendered":"\u00c0 propos de nous"},"content":{"rendered":"<h2>Qui sommes-nous ?<\/h2>\n<p>Nous sommes une entreprise \u00e9gyptienne leader dans la fabrication et la production de sels de toutes sortes et de la plus haute qualit\u00e9 depuis notre cr\u00e9ation en 2017. Nous proposons une large gamme de produits sal\u00e9s de qualit\u00e9 sup\u00e9rieure, notamment du sel gemme brut, du sel marin, du sel de table, du sel industriel, du sel pour la purification de l&#8217;eau, du sel d&#8217;hiver, du sel pour animaux, et bien d&#8217;autres produits sp\u00e9cialis\u00e9s.<\/p>\n","protected":false},"excerpt":{"rendered":"<p>Qui sommes-nous ? Nous sommes une entreprise \u00e9gyptienne leader dans la fabrication et la production de sels de toutes sortes et de la plus haute qualit\u00e9 depuis notre cr\u00e9ation en 2017. Nous proposons une large gamme de produits sal\u00e9s de qualit\u00e9 sup\u00e9rieure, notamment du sel gemme brut, du sel marin, du sel de table, du [&hellip;]<\/p>\n","protected":false},"author":5,"featured_media":0,"parent":0,"menu_order":0,"comment_status":"closed","ping_status":"closed","template":"","meta":{"footnotes":""},"class_list":["post-276","page","type-page","status-publish","hentry"],"_links":{"self":[{"href":"https:\/\/mosesexport.com\/fr\/wp-json\/wp\/v2\/pages\/276","targetHints":{"allow":["GET"]}}],"collection":[{"href":"https:\/\/mosesexport.com\/fr\/wp-json\/wp\/v2\/pages"}],"about":[{"href":"https:\/\/mosesexport.com\/fr\/wp-json\/wp\/v2\/types\/page"}],"author":[{"embeddable":true,"href":"https:\/\/mosesexport.com\/fr\/wp-json\/wp\/v2\/users\/5"}],"replies":[{"embeddable":true,"href":"https:\/\/mosesexport.com\/fr\/wp-json\/wp\/v2\/comments?post=276"}],"version-history":[{"count":4,"href":"https:\/\/mosesexport.com\/fr\/wp-json\/wp\/v2\/pages\/276\/revisions"}],"predecessor-version":[{"id":327,"href":"https:\/\/mosesexport.com\/fr\/wp-json\/wp\/v2\/pages\/276\/revisions\/327"}],"wp:attachment":[{"href":"https:\/\/mosesexport.com\/fr\/wp-json\/wp\/v2\/media?parent=276"}],"curies":[{"name":"wp","href":"https:\/\/api.w.org\/{rel}","templated":true}]}}