{"id":407,"date":"2026-05-06T13:13:05","date_gmt":"2026-05-06T10:13:05","guid":{"rendered":"https:\/\/mosesexport.com\/fr\/?post_type=product&#038;p=407"},"modified":"2026-05-09T13:47:09","modified_gmt":"2026-05-09T10:47:09","slug":"moses-sel-pour-piscines","status":"publish","type":"product","link":"https:\/\/mosesexport.com\/fr\/product\/moses-sel-pour-piscines\/","title":{"rendered":"MOSES\u00ae sel pour piscines"},"content":{"rendered":"<p>Le sel pour piscine est con\u00e7u pour la production de chlore par \u00e9lectrolyse, garantissant une baignade plus agr\u00e9able tout en limitant efficacement la prolif\u00e9ration des bact\u00e9ries et des algues. C&#8217;est un produit 100 % naturel, sans aucun additif, notamment sans agents anti-agglom\u00e9rants susceptibles d&#8217;endommager votre piscine.<\/p>\n","protected":false},"excerpt":{"rendered":"<p>Le sel pour piscine est con\u00e7u pour la production de chlore par \u00e9lectrolyse, garantissant une baignade plus agr\u00e9able tout en limitant efficacement la prolif\u00e9ration des bact\u00e9ries et des algues. C&#8217;est un produit 100 % naturel, sans aucun additif, notamment sans agents anti-agglom\u00e9rants susceptibles d&#8217;endommager votre piscine.<\/p>\n","protected":false},"featured_media":408,"comment_status":"open","ping_status":"closed","template":"","meta":[],"product_brand":[],"product_cat":[36,16],"product_tag":[],"class_list":{"0":"post-407","1":"product","2":"type-product","3":"status-publish","4":"has-post-thumbnail","6":"product_cat-sel-pour-piscines","7":"product_cat-sel-pour-traitement-deau","9":"first","10":"instock","11":"shipping-taxable","12":"purchasable","13":"product-type-simple"},"_links":{"self":[{"href":"https:\/\/mosesexport.com\/fr\/wp-json\/wp\/v2\/product\/407","targetHints":{"allow":["GET"]}}],"collection":[{"href":"https:\/\/mosesexport.com\/fr\/wp-json\/wp\/v2\/product"}],"about":[{"href":"https:\/\/mosesexport.com\/fr\/wp-json\/wp\/v2\/types\/product"}],"replies":[{"embeddable":true,"href":"https:\/\/mosesexport.com\/fr\/wp-json\/wp\/v2\/comments?post=407"}],"wp:featuredmedia":[{"embeddable":true,"href":"https:\/\/mosesexport.com\/fr\/wp-json\/wp\/v2\/media\/408"}],"wp:attachment":[{"href":"https:\/\/mosesexport.com\/fr\/wp-json\/wp\/v2\/media?parent=407"}],"wp:term":[{"taxonomy":"product_brand","embeddable":true,"href":"https:\/\/mosesexport.com\/fr\/wp-json\/wp\/v2\/product_brand?post=407"},{"taxonomy":"product_cat","embeddable":true,"href":"https:\/\/mosesexport.com\/fr\/wp-json\/wp\/v2\/product_cat?post=407"},{"taxonomy":"product_tag","embeddable":true,"href":"https:\/\/mosesexport.com\/fr\/wp-json\/wp\/v2\/product_tag?post=407"}],"curies":[{"name":"wp","href":"https:\/\/api.w.org\/{rel}","templated":true}]}}