{"id":482,"date":"2026-05-09T14:01:58","date_gmt":"2026-05-09T11:01:58","guid":{"rendered":"https:\/\/mosesexport.com\/fr\/?post_type=product&#038;p=482"},"modified":"2026-05-09T15:17:42","modified_gmt":"2026-05-09T12:17:42","slug":"moses-blocks-blocs-de-sel","status":"publish","type":"product","link":"https:\/\/mosesexport.com\/fr\/product\/moses-blocks-blocs-de-sel\/","title":{"rendered":"MOSES\u00ae BLOCKS, Blocs de sel"},"content":{"rendered":"<p>Blocs de sel de 4 kg con\u00e7us pour la r\u00e9g\u00e9n\u00e9ration efficace des r\u00e9sines \u00e9changeuses d&#8217;ions dans les syst\u00e8mes d&#8217;adoucissement d&#8217;eau industriels. Fabriqu\u00e9s \u00e0 partir de sel de haute puret\u00e9, ils conviennent au traitement de l&#8217;eau potable ainsi qu&#8217;\u00e0 celui de l&#8217;eau utilis\u00e9e dans l&#8217;industrie agroalimentaire. Enti\u00e8rement compatibles avec tous les syst\u00e8mes d&#8217;adoucissement d&#8217;eau fonctionnant avec des blocs de sel, ils garantissent des performances fiables et constantes.<\/p>\n","protected":false},"excerpt":{"rendered":"<p>Blocs de sel de 4 kg con\u00e7us pour la r\u00e9g\u00e9n\u00e9ration efficace des r\u00e9sines \u00e9changeuses d&#8217;ions dans les syst\u00e8mes d&#8217;adoucissement d&#8217;eau industriels. Fabriqu\u00e9s \u00e0 partir de sel de haute puret\u00e9, ils conviennent au traitement de l&#8217;eau potable ainsi qu&#8217;\u00e0 celui de l&#8217;eau utilis\u00e9e dans l&#8217;industrie agroalimentaire. Enti\u00e8rement compatibles avec tous les syst\u00e8mes d&#8217;adoucissement d&#8217;eau fonctionnant avec [&hellip;]<\/p>\n","protected":false},"featured_media":483,"comment_status":"open","ping_status":"closed","template":"","meta":[],"product_brand":[],"product_cat":[34,16],"product_tag":[],"class_list":{"0":"post-482","1":"product","2":"type-product","3":"status-publish","4":"has-post-thumbnail","6":"product_cat-sel-pour-adoucisseurs-deau","7":"product_cat-sel-pour-traitement-deau","9":"first","10":"instock","11":"shipping-taxable","12":"purchasable","13":"product-type-simple"},"_links":{"self":[{"href":"https:\/\/mosesexport.com\/fr\/wp-json\/wp\/v2\/product\/482","targetHints":{"allow":["GET"]}}],"collection":[{"href":"https:\/\/mosesexport.com\/fr\/wp-json\/wp\/v2\/product"}],"about":[{"href":"https:\/\/mosesexport.com\/fr\/wp-json\/wp\/v2\/types\/product"}],"replies":[{"embeddable":true,"href":"https:\/\/mosesexport.com\/fr\/wp-json\/wp\/v2\/comments?post=482"}],"wp:featuredmedia":[{"embeddable":true,"href":"https:\/\/mosesexport.com\/fr\/wp-json\/wp\/v2\/media\/483"}],"wp:attachment":[{"href":"https:\/\/mosesexport.com\/fr\/wp-json\/wp\/v2\/media?parent=482"}],"wp:term":[{"taxonomy":"product_brand","embeddable":true,"href":"https:\/\/mosesexport.com\/fr\/wp-json\/wp\/v2\/product_brand?post=482"},{"taxonomy":"product_cat","embeddable":true,"href":"https:\/\/mosesexport.com\/fr\/wp-json\/wp\/v2\/product_cat?post=482"},{"taxonomy":"product_tag","embeddable":true,"href":"https:\/\/mosesexport.com\/fr\/wp-json\/wp\/v2\/product_tag?post=482"}],"curies":[{"name":"wp","href":"https:\/\/api.w.org\/{rel}","templated":true}]}}