{"id":491,"date":"2026-05-09T16:00:11","date_gmt":"2026-05-09T13:00:11","guid":{"rendered":"https:\/\/mosesexport.com\/fr\/?post_type=product&#038;p=491"},"modified":"2026-05-09T16:12:32","modified_gmt":"2026-05-09T13:12:32","slug":"moses-sel-de-mer-fin","status":"publish","type":"product","link":"https:\/\/mosesexport.com\/fr\/product\/moses-sel-de-mer-fin\/","title":{"rendered":"MOSES\u00ae sel de mer fin"},"content":{"rendered":"<p>Le sel fin MOSES est un sel de qualit\u00e9 sup\u00e9rieure, d&#8217;origine naturelle et \u00e0 granulom\u00e9trie fine, parfaitement adapt\u00e9 au secteur de la restauration. Con\u00e7u pour un usage quotidien en cuisine, il garantit un assaisonnement constant et une performance fiable. Disponible en vrac \u00e9conomique et en sachets individuels pratiques pour r\u00e9pondre \u00e0 tous vos besoins.<\/p>\n","protected":false},"excerpt":{"rendered":"<p>Le sel fin MOSES est un sel de qualit\u00e9 sup\u00e9rieure, d&#8217;origine naturelle et \u00e0 granulom\u00e9trie fine, parfaitement adapt\u00e9 au secteur de la restauration. Con\u00e7u pour un usage quotidien en cuisine, il garantit un assaisonnement constant et une performance fiable. Disponible en vrac \u00e9conomique et en sachets individuels pratiques pour r\u00e9pondre \u00e0 tous vos besoins.<\/p>\n","protected":false},"featured_media":498,"comment_status":"open","ping_status":"closed","template":"","meta":[],"product_brand":[],"product_cat":[40,38,16],"product_tag":[],"class_list":{"0":"post-491","1":"product","2":"type-product","3":"status-publish","4":"has-post-thumbnail","6":"product_cat-sel-marin-pour-le-secteur-de-la-restauration","7":"product_cat-sel-alimentaire","8":"product_cat-sel-pour-traitement-deau","10":"first","11":"instock","12":"shipping-taxable","13":"purchasable","14":"product-type-simple"},"_links":{"self":[{"href":"https:\/\/mosesexport.com\/fr\/wp-json\/wp\/v2\/product\/491","targetHints":{"allow":["GET"]}}],"collection":[{"href":"https:\/\/mosesexport.com\/fr\/wp-json\/wp\/v2\/product"}],"about":[{"href":"https:\/\/mosesexport.com\/fr\/wp-json\/wp\/v2\/types\/product"}],"replies":[{"embeddable":true,"href":"https:\/\/mosesexport.com\/fr\/wp-json\/wp\/v2\/comments?post=491"}],"wp:featuredmedia":[{"embeddable":true,"href":"https:\/\/mosesexport.com\/fr\/wp-json\/wp\/v2\/media\/498"}],"wp:attachment":[{"href":"https:\/\/mosesexport.com\/fr\/wp-json\/wp\/v2\/media?parent=491"}],"wp:term":[{"taxonomy":"product_brand","embeddable":true,"href":"https:\/\/mosesexport.com\/fr\/wp-json\/wp\/v2\/product_brand?post=491"},{"taxonomy":"product_cat","embeddable":true,"href":"https:\/\/mosesexport.com\/fr\/wp-json\/wp\/v2\/product_cat?post=491"},{"taxonomy":"product_tag","embeddable":true,"href":"https:\/\/mosesexport.com\/fr\/wp-json\/wp\/v2\/product_tag?post=491"}],"curies":[{"name":"wp","href":"https:\/\/api.w.org\/{rel}","templated":true}]}}