{"id":521,"date":"2026-05-10T13:54:33","date_gmt":"2026-05-10T10:54:33","guid":{"rendered":"https:\/\/mosesexport.com\/fr\/?post_type=product&#038;p=521"},"modified":"2026-05-10T13:54:33","modified_gmt":"2026-05-10T10:54:33","slug":"moses-0-0-2-sel-de-mer-extra-fin","status":"publish","type":"product","link":"https:\/\/mosesexport.com\/fr\/product\/moses-0-0-2-sel-de-mer-extra-fin\/","title":{"rendered":"MOSES\u00ae 0-0.2, sel de mer extra fin"},"content":{"rendered":"<p>De plus en plus de fabricants de produits alimentaires choisissent MOSES 0\u20130,2, un sel ultrafin de qualit\u00e9 alimentaire dont la granulom\u00e9trie pr\u00e9cise est de 150 \u00e0 300 \u03bcm. Con\u00e7u pour r\u00e9pondre aux exigences \u00e9volutives de la production moderne, il offre une fluidit\u00e9 exceptionnelle, ce qui le rend id\u00e9al pour une utilisation fluide dans les syst\u00e8mes de traitement automatis\u00e9s, tout en garantissant des performances et une pr\u00e9cision constantes.<\/p>\n","protected":false},"excerpt":{"rendered":"<p>De plus en plus de fabricants de produits alimentaires choisissent MOSES 0\u20130,2, un sel ultrafin de qualit\u00e9 alimentaire dont la granulom\u00e9trie pr\u00e9cise est de 150 \u00e0 300 \u03bcm. Con\u00e7u pour r\u00e9pondre aux exigences \u00e9volutives de la production moderne, il offre une fluidit\u00e9 exceptionnelle, ce qui le rend id\u00e9al pour une utilisation fluide dans les syst\u00e8mes [&hellip;]<\/p>\n","protected":false},"featured_media":522,"comment_status":"open","ping_status":"closed","template":"","meta":[],"product_brand":[],"product_cat":[40,38],"product_tag":[],"class_list":{"0":"post-521","1":"product","2":"type-product","3":"status-publish","4":"has-post-thumbnail","6":"product_cat-sel-marin-pour-le-secteur-de-la-restauration","7":"product_cat-sel-alimentaire","9":"first","10":"instock","11":"shipping-taxable","12":"purchasable","13":"product-type-simple"},"_links":{"self":[{"href":"https:\/\/mosesexport.com\/fr\/wp-json\/wp\/v2\/product\/521","targetHints":{"allow":["GET"]}}],"collection":[{"href":"https:\/\/mosesexport.com\/fr\/wp-json\/wp\/v2\/product"}],"about":[{"href":"https:\/\/mosesexport.com\/fr\/wp-json\/wp\/v2\/types\/product"}],"replies":[{"embeddable":true,"href":"https:\/\/mosesexport.com\/fr\/wp-json\/wp\/v2\/comments?post=521"}],"wp:featuredmedia":[{"embeddable":true,"href":"https:\/\/mosesexport.com\/fr\/wp-json\/wp\/v2\/media\/522"}],"wp:attachment":[{"href":"https:\/\/mosesexport.com\/fr\/wp-json\/wp\/v2\/media?parent=521"}],"wp:term":[{"taxonomy":"product_brand","embeddable":true,"href":"https:\/\/mosesexport.com\/fr\/wp-json\/wp\/v2\/product_brand?post=521"},{"taxonomy":"product_cat","embeddable":true,"href":"https:\/\/mosesexport.com\/fr\/wp-json\/wp\/v2\/product_cat?post=521"},{"taxonomy":"product_tag","embeddable":true,"href":"https:\/\/mosesexport.com\/fr\/wp-json\/wp\/v2\/product_tag?post=521"}],"curies":[{"name":"wp","href":"https:\/\/api.w.org\/{rel}","templated":true}]}}