{"id":526,"date":"2026-05-10T14:20:18","date_gmt":"2026-05-10T11:20:18","guid":{"rendered":"https:\/\/mosesexport.com\/fr\/?post_type=product&#038;p=526"},"modified":"2026-05-10T14:20:18","modified_gmt":"2026-05-10T11:20:18","slug":"moses-0-2-0-8-sel-de-mer-fin","status":"publish","type":"product","link":"https:\/\/mosesexport.com\/fr\/product\/moses-0-2-0-8-sel-de-mer-fin\/","title":{"rendered":"MOSES\u00ae 0.2-0.8, sel de mer fin"},"content":{"rendered":"<p>Un sel polyvalent, con\u00e7u comme une alternative de haute qualit\u00e9 au sel sous vide. D&#8217;une blancheur \u00e9clatante, d&#8217;une puret\u00e9 exceptionnelle et d&#8217;une granulom\u00e9trie homog\u00e8ne, ce sel offre des performances fiables et des r\u00e9sultats remarquables en toutes circonstances. Il convient parfaitement \u00e0 une large gamme de produits alimentaires exigeant un sel de qualit\u00e9 sup\u00e9rieure, tels que les fromages, les conserves, les p\u00e2tes \u00e0 pain, la viande, le poisson, etc. Il assure une r\u00e9partition uniforme et am\u00e9liore la qualit\u00e9 et la consistance de vos pr\u00e9parations.\u2026<\/p>\n","protected":false},"excerpt":{"rendered":"<p>Un sel polyvalent, con\u00e7u comme une alternative de haute qualit\u00e9 au sel sous vide. D&#8217;une blancheur \u00e9clatante, d&#8217;une puret\u00e9 exceptionnelle et d&#8217;une granulom\u00e9trie homog\u00e8ne, ce sel offre des performances fiables et des r\u00e9sultats remarquables en toutes circonstances. Il convient parfaitement \u00e0 une large gamme de produits alimentaires exigeant un sel de qualit\u00e9 sup\u00e9rieure, tels que [&hellip;]<\/p>\n","protected":false},"featured_media":527,"comment_status":"open","ping_status":"closed","template":"","meta":[],"product_brand":[],"product_cat":[40,38],"product_tag":[],"class_list":{"0":"post-526","1":"product","2":"type-product","3":"status-publish","4":"has-post-thumbnail","6":"product_cat-sel-marin-pour-le-secteur-de-la-restauration","7":"product_cat-sel-alimentaire","9":"first","10":"instock","11":"shipping-taxable","12":"purchasable","13":"product-type-simple"},"_links":{"self":[{"href":"https:\/\/mosesexport.com\/fr\/wp-json\/wp\/v2\/product\/526","targetHints":{"allow":["GET"]}}],"collection":[{"href":"https:\/\/mosesexport.com\/fr\/wp-json\/wp\/v2\/product"}],"about":[{"href":"https:\/\/mosesexport.com\/fr\/wp-json\/wp\/v2\/types\/product"}],"replies":[{"embeddable":true,"href":"https:\/\/mosesexport.com\/fr\/wp-json\/wp\/v2\/comments?post=526"}],"wp:featuredmedia":[{"embeddable":true,"href":"https:\/\/mosesexport.com\/fr\/wp-json\/wp\/v2\/media\/527"}],"wp:attachment":[{"href":"https:\/\/mosesexport.com\/fr\/wp-json\/wp\/v2\/media?parent=526"}],"wp:term":[{"taxonomy":"product_brand","embeddable":true,"href":"https:\/\/mosesexport.com\/fr\/wp-json\/wp\/v2\/product_brand?post=526"},{"taxonomy":"product_cat","embeddable":true,"href":"https:\/\/mosesexport.com\/fr\/wp-json\/wp\/v2\/product_cat?post=526"},{"taxonomy":"product_tag","embeddable":true,"href":"https:\/\/mosesexport.com\/fr\/wp-json\/wp\/v2\/product_tag?post=526"}],"curies":[{"name":"wp","href":"https:\/\/api.w.org\/{rel}","templated":true}]}}