{"id":531,"date":"2026-05-10T14:40:56","date_gmt":"2026-05-10T11:40:56","guid":{"rendered":"https:\/\/mosesexport.com\/fr\/?post_type=product&#038;p=531"},"modified":"2026-05-10T14:40:56","modified_gmt":"2026-05-10T11:40:56","slug":"moses-0-1-sel-de-mer-fin","status":"publish","type":"product","link":"https:\/\/mosesexport.com\/fr\/product\/moses-0-1-sel-de-mer-fin\/","title":{"rendered":"MOSES\u00ae 0-1, sel de mer fin"},"content":{"rendered":"<p>Le sel MOSES 0\u20131 pr\u00e9sente une granulom\u00e9trie rigoureusement contr\u00f4l\u00e9e (0\u20131 mm), ce qui en fait une excellente alternative au sel gemme traditionnel ou au sel m\u00e9diterran\u00e9en. Gr\u00e2ce \u00e0 sa puret\u00e9 sup\u00e9rieure et \u00e0 sa production durable, il offre un niveau de qualit\u00e9 plus \u00e9lev\u00e9 pour l&#8217;industrie agroalimentaire moderne.<\/p>\n","protected":false},"excerpt":{"rendered":"<p>Le sel MOSES 0\u20131 pr\u00e9sente une granulom\u00e9trie rigoureusement contr\u00f4l\u00e9e (0\u20131 mm), ce qui en fait une excellente alternative au sel gemme traditionnel ou au sel m\u00e9diterran\u00e9en. Gr\u00e2ce \u00e0 sa puret\u00e9 sup\u00e9rieure et \u00e0 sa production durable, il offre un niveau de qualit\u00e9 plus \u00e9lev\u00e9 pour l&#8217;industrie agroalimentaire moderne.<\/p>\n","protected":false},"featured_media":532,"comment_status":"open","ping_status":"closed","template":"","meta":[],"product_brand":[],"product_cat":[40,38],"product_tag":[],"class_list":{"0":"post-531","1":"product","2":"type-product","3":"status-publish","4":"has-post-thumbnail","6":"product_cat-sel-marin-pour-le-secteur-de-la-restauration","7":"product_cat-sel-alimentaire","9":"first","10":"instock","11":"shipping-taxable","12":"purchasable","13":"product-type-simple"},"_links":{"self":[{"href":"https:\/\/mosesexport.com\/fr\/wp-json\/wp\/v2\/product\/531","targetHints":{"allow":["GET"]}}],"collection":[{"href":"https:\/\/mosesexport.com\/fr\/wp-json\/wp\/v2\/product"}],"about":[{"href":"https:\/\/mosesexport.com\/fr\/wp-json\/wp\/v2\/types\/product"}],"replies":[{"embeddable":true,"href":"https:\/\/mosesexport.com\/fr\/wp-json\/wp\/v2\/comments?post=531"}],"wp:featuredmedia":[{"embeddable":true,"href":"https:\/\/mosesexport.com\/fr\/wp-json\/wp\/v2\/media\/532"}],"wp:attachment":[{"href":"https:\/\/mosesexport.com\/fr\/wp-json\/wp\/v2\/media?parent=531"}],"wp:term":[{"taxonomy":"product_brand","embeddable":true,"href":"https:\/\/mosesexport.com\/fr\/wp-json\/wp\/v2\/product_brand?post=531"},{"taxonomy":"product_cat","embeddable":true,"href":"https:\/\/mosesexport.com\/fr\/wp-json\/wp\/v2\/product_cat?post=531"},{"taxonomy":"product_tag","embeddable":true,"href":"https:\/\/mosesexport.com\/fr\/wp-json\/wp\/v2\/product_tag?post=531"}],"curies":[{"name":"wp","href":"https:\/\/api.w.org\/{rel}","templated":true}]}}