{"id":536,"date":"2026-05-10T14:56:38","date_gmt":"2026-05-10T11:56:38","guid":{"rendered":"https:\/\/mosesexport.com\/fr\/?post_type=product&#038;p=536"},"modified":"2026-05-10T14:56:38","modified_gmt":"2026-05-10T11:56:38","slug":"moses-0-8-1-sel-de-mer-mi-fin","status":"publish","type":"product","link":"https:\/\/mosesexport.com\/fr\/product\/moses-0-8-1-sel-de-mer-mi-fin\/","title":{"rendered":"MOSES\u00ae 0.8-1, sel de mer mi-fin"},"content":{"rendered":"<p>MOSES 0.8\u20131 est un sel marin de haute qualit\u00e9, \u00e0 granulom\u00e9trie pr\u00e9cis\u00e9ment contr\u00f4l\u00e9e et exempt de particules grossi\u00e8res, garantissant des performances constantes m\u00eame dans des environnements de production exigeants. Sa composition sans additifs le rend particuli\u00e8rement adapt\u00e9 aux conditions humides o\u00f9 puret\u00e9 et stabilit\u00e9 sont essentielles.<\/p>\n","protected":false},"excerpt":{"rendered":"<p>MOSES 0.8\u20131 est un sel marin de haute qualit\u00e9, \u00e0 granulom\u00e9trie pr\u00e9cis\u00e9ment contr\u00f4l\u00e9e et exempt de particules grossi\u00e8res, garantissant des performances constantes m\u00eame dans des environnements de production exigeants. Sa composition sans additifs le rend particuli\u00e8rement adapt\u00e9 aux conditions humides o\u00f9 puret\u00e9 et stabilit\u00e9 sont essentielles.<\/p>\n","protected":false},"featured_media":537,"comment_status":"open","ping_status":"closed","template":"","meta":[],"product_brand":[],"product_cat":[40,38],"product_tag":[],"class_list":{"0":"post-536","1":"product","2":"type-product","3":"status-publish","4":"has-post-thumbnail","6":"product_cat-sel-marin-pour-le-secteur-de-la-restauration","7":"product_cat-sel-alimentaire","9":"first","10":"instock","11":"shipping-taxable","12":"purchasable","13":"product-type-simple"},"_links":{"self":[{"href":"https:\/\/mosesexport.com\/fr\/wp-json\/wp\/v2\/product\/536","targetHints":{"allow":["GET"]}}],"collection":[{"href":"https:\/\/mosesexport.com\/fr\/wp-json\/wp\/v2\/product"}],"about":[{"href":"https:\/\/mosesexport.com\/fr\/wp-json\/wp\/v2\/types\/product"}],"replies":[{"embeddable":true,"href":"https:\/\/mosesexport.com\/fr\/wp-json\/wp\/v2\/comments?post=536"}],"wp:featuredmedia":[{"embeddable":true,"href":"https:\/\/mosesexport.com\/fr\/wp-json\/wp\/v2\/media\/537"}],"wp:attachment":[{"href":"https:\/\/mosesexport.com\/fr\/wp-json\/wp\/v2\/media?parent=536"}],"wp:term":[{"taxonomy":"product_brand","embeddable":true,"href":"https:\/\/mosesexport.com\/fr\/wp-json\/wp\/v2\/product_brand?post=536"},{"taxonomy":"product_cat","embeddable":true,"href":"https:\/\/mosesexport.com\/fr\/wp-json\/wp\/v2\/product_cat?post=536"},{"taxonomy":"product_tag","embeddable":true,"href":"https:\/\/mosesexport.com\/fr\/wp-json\/wp\/v2\/product_tag?post=536"}],"curies":[{"name":"wp","href":"https:\/\/api.w.org\/{rel}","templated":true}]}}