{"id":541,"date":"2026-05-10T15:15:21","date_gmt":"2026-05-10T12:15:21","guid":{"rendered":"https:\/\/mosesexport.com\/fr\/?post_type=product&#038;p=541"},"modified":"2026-05-10T15:15:22","modified_gmt":"2026-05-10T12:15:22","slug":"moses-0-8-1-2-sel-de-mer-mi-fin","status":"publish","type":"product","link":"https:\/\/mosesexport.com\/fr\/product\/moses-0-8-1-2-sel-de-mer-mi-fin\/","title":{"rendered":"MOSES\u00ae 0.8-1.2, sel de mer mi-fin"},"content":{"rendered":"<p>Grain pur aux multiples usages. Id\u00e9al comme garniture pour les en-cas. Sel de finition pour bagels, bretzels et b\u00e2tonnets de sel. Production d&#8217;en-cas. Utilisation dans les fumoirs \u00e0 poisson ou comme sel d\u00e9coratif pour le poisson s\u00e9ch\u00e9. Transformation des produits carn\u00e9s. M\u00e9langes d&#8217;assaisonnements. Production de poisson et de viande. \u00c9galement disponible en vrac (en wagon-silo) sans additifs. Non agglom\u00e9rant.<\/p>\n","protected":false},"excerpt":{"rendered":"<p>Grain pur aux multiples usages. Id\u00e9al comme garniture pour les en-cas. Sel de finition pour bagels, bretzels et b\u00e2tonnets de sel. Production d&#8217;en-cas. Utilisation dans les fumoirs \u00e0 poisson ou comme sel d\u00e9coratif pour le poisson s\u00e9ch\u00e9. Transformation des produits carn\u00e9s. M\u00e9langes d&#8217;assaisonnements. Production de poisson et de viande. \u00c9galement disponible en vrac (en wagon-silo) [&hellip;]<\/p>\n","protected":false},"featured_media":542,"comment_status":"open","ping_status":"closed","template":"","meta":[],"product_brand":[],"product_cat":[40,38],"product_tag":[],"class_list":{"0":"post-541","1":"product","2":"type-product","3":"status-publish","4":"has-post-thumbnail","6":"product_cat-sel-marin-pour-le-secteur-de-la-restauration","7":"product_cat-sel-alimentaire","9":"first","10":"instock","11":"shipping-taxable","12":"purchasable","13":"product-type-simple"},"_links":{"self":[{"href":"https:\/\/mosesexport.com\/fr\/wp-json\/wp\/v2\/product\/541","targetHints":{"allow":["GET"]}}],"collection":[{"href":"https:\/\/mosesexport.com\/fr\/wp-json\/wp\/v2\/product"}],"about":[{"href":"https:\/\/mosesexport.com\/fr\/wp-json\/wp\/v2\/types\/product"}],"replies":[{"embeddable":true,"href":"https:\/\/mosesexport.com\/fr\/wp-json\/wp\/v2\/comments?post=541"}],"wp:featuredmedia":[{"embeddable":true,"href":"https:\/\/mosesexport.com\/fr\/wp-json\/wp\/v2\/media\/542"}],"wp:attachment":[{"href":"https:\/\/mosesexport.com\/fr\/wp-json\/wp\/v2\/media?parent=541"}],"wp:term":[{"taxonomy":"product_brand","embeddable":true,"href":"https:\/\/mosesexport.com\/fr\/wp-json\/wp\/v2\/product_brand?post=541"},{"taxonomy":"product_cat","embeddable":true,"href":"https:\/\/mosesexport.com\/fr\/wp-json\/wp\/v2\/product_cat?post=541"},{"taxonomy":"product_tag","embeddable":true,"href":"https:\/\/mosesexport.com\/fr\/wp-json\/wp\/v2\/product_tag?post=541"}],"curies":[{"name":"wp","href":"https:\/\/api.w.org\/{rel}","templated":true}]}}