{"id":546,"date":"2026-05-10T15:30:58","date_gmt":"2026-05-10T12:30:58","guid":{"rendered":"https:\/\/mosesexport.com\/fr\/?post_type=product&#038;p=546"},"modified":"2026-05-10T15:30:58","modified_gmt":"2026-05-10T12:30:58","slug":"moses-1-2-sel-de-mer-mi-gros","status":"publish","type":"product","link":"https:\/\/mosesexport.com\/fr\/product\/moses-1-2-sel-de-mer-mi-gros\/","title":{"rendered":"MOSES\u00ae 1-2, sel de mer mi-gros"},"content":{"rendered":"<p>D\u00e9couvrez notre sel de qualit\u00e9 sup\u00e9rieure \u00e0 gros grains, sp\u00e9cialement con\u00e7u pour se rapprocher au plus pr\u00e8s de la qualit\u00e9 du sel MOSES 0.8-1.2. Sa granulom\u00e9trie polyvalente le rend id\u00e9al pour la pr\u00e9paration de saumures, l&#8217;am\u00e9lioration du go\u00fbt des en-cas sal\u00e9s comme les crackers et les bretzels, ainsi que pour le fumage du poisson et de la viande. Parfait \u00e9galement pour les moulins \u00e0 sel et les m\u00e9langes d&#8217;herbes et d&#8217;\u00e9pices, ce sel garantit une texture et une saveur constantes en toutes circonstances. Fabriqu\u00e9 selon des normes de qualit\u00e9 \u00e9lev\u00e9es, notre sel \u00e0 gros grains est tout simplement parfait.\u2026<\/p>\n","protected":false},"excerpt":{"rendered":"<p>D\u00e9couvrez notre sel de qualit\u00e9 sup\u00e9rieure \u00e0 gros grains, sp\u00e9cialement con\u00e7u pour se rapprocher au plus pr\u00e8s de la qualit\u00e9 du sel MOSES 0.8-1.2. Sa granulom\u00e9trie polyvalente le rend id\u00e9al pour la pr\u00e9paration de saumures, l&#8217;am\u00e9lioration du go\u00fbt des en-cas sal\u00e9s comme les crackers et les bretzels, ainsi que pour le fumage du poisson et [&hellip;]<\/p>\n","protected":false},"featured_media":547,"comment_status":"open","ping_status":"closed","template":"","meta":[],"product_brand":[],"product_cat":[40,38],"product_tag":[],"class_list":{"0":"post-546","1":"product","2":"type-product","3":"status-publish","4":"has-post-thumbnail","6":"product_cat-sel-marin-pour-le-secteur-de-la-restauration","7":"product_cat-sel-alimentaire","9":"first","10":"instock","11":"shipping-taxable","12":"purchasable","13":"product-type-simple"},"_links":{"self":[{"href":"https:\/\/mosesexport.com\/fr\/wp-json\/wp\/v2\/product\/546","targetHints":{"allow":["GET"]}}],"collection":[{"href":"https:\/\/mosesexport.com\/fr\/wp-json\/wp\/v2\/product"}],"about":[{"href":"https:\/\/mosesexport.com\/fr\/wp-json\/wp\/v2\/types\/product"}],"replies":[{"embeddable":true,"href":"https:\/\/mosesexport.com\/fr\/wp-json\/wp\/v2\/comments?post=546"}],"wp:featuredmedia":[{"embeddable":true,"href":"https:\/\/mosesexport.com\/fr\/wp-json\/wp\/v2\/media\/547"}],"wp:attachment":[{"href":"https:\/\/mosesexport.com\/fr\/wp-json\/wp\/v2\/media?parent=546"}],"wp:term":[{"taxonomy":"product_brand","embeddable":true,"href":"https:\/\/mosesexport.com\/fr\/wp-json\/wp\/v2\/product_brand?post=546"},{"taxonomy":"product_cat","embeddable":true,"href":"https:\/\/mosesexport.com\/fr\/wp-json\/wp\/v2\/product_cat?post=546"},{"taxonomy":"product_tag","embeddable":true,"href":"https:\/\/mosesexport.com\/fr\/wp-json\/wp\/v2\/product_tag?post=546"}],"curies":[{"name":"wp","href":"https:\/\/api.w.org\/{rel}","templated":true}]}}