{"id":551,"date":"2026-05-10T15:46:16","date_gmt":"2026-05-10T12:46:16","guid":{"rendered":"https:\/\/mosesexport.com\/fr\/?post_type=product&#038;p=551"},"modified":"2026-05-10T15:46:16","modified_gmt":"2026-05-10T12:46:16","slug":"moses-1-3-sel-de-mer-mi-gros","status":"publish","type":"product","link":"https:\/\/mosesexport.com\/fr\/product\/moses-1-3-sel-de-mer-mi-gros\/","title":{"rendered":"MOSES\u00ae 1-3, sel de mer mi-gros"},"content":{"rendered":"<p>MOSES 1\u20133 est un sel de qualit\u00e9 sup\u00e9rieure \u00e0 granulom\u00e9trie moyenne, caract\u00e9ris\u00e9 par ses cristaux blancs et purs et sa structure granulaire homog\u00e8ne. Sa duret\u00e9 naturelle garantit une manipulation sans poussi\u00e8re, ce qui le rend id\u00e9al pour les applications pr\u00e9cises et propres.<\/p>\n","protected":false},"excerpt":{"rendered":"<p>MOSES 1\u20133 est un sel de qualit\u00e9 sup\u00e9rieure \u00e0 granulom\u00e9trie moyenne, caract\u00e9ris\u00e9 par ses cristaux blancs et purs et sa structure granulaire homog\u00e8ne. Sa duret\u00e9 naturelle garantit une manipulation sans poussi\u00e8re, ce qui le rend id\u00e9al pour les applications pr\u00e9cises et propres.<\/p>\n","protected":false},"featured_media":552,"comment_status":"open","ping_status":"closed","template":"","meta":[],"product_brand":[],"product_cat":[40,39],"product_tag":[],"class_list":{"0":"post-551","1":"product","2":"type-product","3":"status-publish","4":"has-post-thumbnail","6":"product_cat-sel-marin-pour-le-secteur-de-la-restauration","7":"product_cat-industrie","9":"first","10":"instock","11":"shipping-taxable","12":"purchasable","13":"product-type-simple"},"_links":{"self":[{"href":"https:\/\/mosesexport.com\/fr\/wp-json\/wp\/v2\/product\/551","targetHints":{"allow":["GET"]}}],"collection":[{"href":"https:\/\/mosesexport.com\/fr\/wp-json\/wp\/v2\/product"}],"about":[{"href":"https:\/\/mosesexport.com\/fr\/wp-json\/wp\/v2\/types\/product"}],"replies":[{"embeddable":true,"href":"https:\/\/mosesexport.com\/fr\/wp-json\/wp\/v2\/comments?post=551"}],"wp:featuredmedia":[{"embeddable":true,"href":"https:\/\/mosesexport.com\/fr\/wp-json\/wp\/v2\/media\/552"}],"wp:attachment":[{"href":"https:\/\/mosesexport.com\/fr\/wp-json\/wp\/v2\/media?parent=551"}],"wp:term":[{"taxonomy":"product_brand","embeddable":true,"href":"https:\/\/mosesexport.com\/fr\/wp-json\/wp\/v2\/product_brand?post=551"},{"taxonomy":"product_cat","embeddable":true,"href":"https:\/\/mosesexport.com\/fr\/wp-json\/wp\/v2\/product_cat?post=551"},{"taxonomy":"product_tag","embeddable":true,"href":"https:\/\/mosesexport.com\/fr\/wp-json\/wp\/v2\/product_tag?post=551"}],"curies":[{"name":"wp","href":"https:\/\/api.w.org\/{rel}","templated":true}]}}