{"id":556,"date":"2026-05-10T16:01:14","date_gmt":"2026-05-10T13:01:14","guid":{"rendered":"https:\/\/mosesexport.com\/fr\/?post_type=product&#038;p=556"},"modified":"2026-05-10T16:01:14","modified_gmt":"2026-05-10T13:01:14","slug":"moses-1-4-gros-sel-de-mer","status":"publish","type":"product","link":"https:\/\/mosesexport.com\/fr\/product\/moses-1-4-gros-sel-de-mer\/","title":{"rendered":"MOSES\u00ae 1-4, gros sel de mer"},"content":{"rendered":"<p>MOSES 1\u20134 est un sel de haute qualit\u00e9, dot\u00e9 d&#8217;une structure granulaire unique et d&#8217;excellentes propri\u00e9t\u00e9s de dissolution, ce qui le rend id\u00e9al pour la pr\u00e9paration de saumures. Il se dissout rapidement et uniform\u00e9ment, produisant une saumure propre et pure, sans formation de poussi\u00e8re.<\/p>\n","protected":false},"excerpt":{"rendered":"<p>MOSES 1\u20134 est un sel de haute qualit\u00e9, dot\u00e9 d&#8217;une structure granulaire unique et d&#8217;excellentes propri\u00e9t\u00e9s de dissolution, ce qui le rend id\u00e9al pour la pr\u00e9paration de saumures. Il se dissout rapidement et uniform\u00e9ment, produisant une saumure propre et pure, sans formation de poussi\u00e8re.<\/p>\n","protected":false},"featured_media":557,"comment_status":"open","ping_status":"closed","template":"","meta":[],"product_brand":[],"product_cat":[40,38],"product_tag":[],"class_list":{"0":"post-556","1":"product","2":"type-product","3":"status-publish","4":"has-post-thumbnail","6":"product_cat-sel-marin-pour-le-secteur-de-la-restauration","7":"product_cat-sel-alimentaire","9":"first","10":"instock","11":"shipping-taxable","12":"purchasable","13":"product-type-simple"},"_links":{"self":[{"href":"https:\/\/mosesexport.com\/fr\/wp-json\/wp\/v2\/product\/556","targetHints":{"allow":["GET"]}}],"collection":[{"href":"https:\/\/mosesexport.com\/fr\/wp-json\/wp\/v2\/product"}],"about":[{"href":"https:\/\/mosesexport.com\/fr\/wp-json\/wp\/v2\/types\/product"}],"replies":[{"embeddable":true,"href":"https:\/\/mosesexport.com\/fr\/wp-json\/wp\/v2\/comments?post=556"}],"wp:featuredmedia":[{"embeddable":true,"href":"https:\/\/mosesexport.com\/fr\/wp-json\/wp\/v2\/media\/557"}],"wp:attachment":[{"href":"https:\/\/mosesexport.com\/fr\/wp-json\/wp\/v2\/media?parent=556"}],"wp:term":[{"taxonomy":"product_brand","embeddable":true,"href":"https:\/\/mosesexport.com\/fr\/wp-json\/wp\/v2\/product_brand?post=556"},{"taxonomy":"product_cat","embeddable":true,"href":"https:\/\/mosesexport.com\/fr\/wp-json\/wp\/v2\/product_cat?post=556"},{"taxonomy":"product_tag","embeddable":true,"href":"https:\/\/mosesexport.com\/fr\/wp-json\/wp\/v2\/product_tag?post=556"}],"curies":[{"name":"wp","href":"https:\/\/api.w.org\/{rel}","templated":true}]}}