{"id":561,"date":"2026-05-10T16:15:46","date_gmt":"2026-05-10T13:15:46","guid":{"rendered":"https:\/\/mosesexport.com\/fr\/?post_type=product&#038;p=561"},"modified":"2026-05-10T16:15:46","modified_gmt":"2026-05-10T13:15:46","slug":"moses-2-4-gros-sel-de-mer","status":"publish","type":"product","link":"https:\/\/mosesexport.com\/fr\/product\/moses-2-4-gros-sel-de-mer\/","title":{"rendered":"MOSES\u00ae 2-4, gros sel de mer"},"content":{"rendered":"<p>MOSES 2\u20134 est un gros sel de qualit\u00e9 sup\u00e9rieure, caract\u00e9ris\u00e9 par ses cristaux clairs et uniformes et son aspect haut de gamme. Il est particuli\u00e8rement adapt\u00e9 aux utilisations o\u00f9 le sel reste visible pour le consommateur, comme dans les moulins \u00e0 sel, les m\u00e9langes d&#8217;herbes et d&#8217;\u00e9pices, et la pr\u00e9sentation des plats de poisson.<\/p>\n","protected":false},"excerpt":{"rendered":"<p>MOSES 2\u20134 est un gros sel de qualit\u00e9 sup\u00e9rieure, caract\u00e9ris\u00e9 par ses cristaux clairs et uniformes et son aspect haut de gamme. Il est particuli\u00e8rement adapt\u00e9 aux utilisations o\u00f9 le sel reste visible pour le consommateur, comme dans les moulins \u00e0 sel, les m\u00e9langes d&#8217;herbes et d&#8217;\u00e9pices, et la pr\u00e9sentation des plats de poisson.<\/p>\n","protected":false},"featured_media":562,"comment_status":"open","ping_status":"closed","template":"","meta":[],"product_brand":[],"product_cat":[40,38],"product_tag":[],"class_list":{"0":"post-561","1":"product","2":"type-product","3":"status-publish","4":"has-post-thumbnail","6":"product_cat-sel-marin-pour-le-secteur-de-la-restauration","7":"product_cat-sel-alimentaire","9":"first","10":"instock","11":"shipping-taxable","12":"purchasable","13":"product-type-simple"},"_links":{"self":[{"href":"https:\/\/mosesexport.com\/fr\/wp-json\/wp\/v2\/product\/561","targetHints":{"allow":["GET"]}}],"collection":[{"href":"https:\/\/mosesexport.com\/fr\/wp-json\/wp\/v2\/product"}],"about":[{"href":"https:\/\/mosesexport.com\/fr\/wp-json\/wp\/v2\/types\/product"}],"replies":[{"embeddable":true,"href":"https:\/\/mosesexport.com\/fr\/wp-json\/wp\/v2\/comments?post=561"}],"wp:featuredmedia":[{"embeddable":true,"href":"https:\/\/mosesexport.com\/fr\/wp-json\/wp\/v2\/media\/562"}],"wp:attachment":[{"href":"https:\/\/mosesexport.com\/fr\/wp-json\/wp\/v2\/media?parent=561"}],"wp:term":[{"taxonomy":"product_brand","embeddable":true,"href":"https:\/\/mosesexport.com\/fr\/wp-json\/wp\/v2\/product_brand?post=561"},{"taxonomy":"product_cat","embeddable":true,"href":"https:\/\/mosesexport.com\/fr\/wp-json\/wp\/v2\/product_cat?post=561"},{"taxonomy":"product_tag","embeddable":true,"href":"https:\/\/mosesexport.com\/fr\/wp-json\/wp\/v2\/product_tag?post=561"}],"curies":[{"name":"wp","href":"https:\/\/api.w.org\/{rel}","templated":true}]}}