{"id":566,"date":"2026-05-10T16:29:53","date_gmt":"2026-05-10T13:29:53","guid":{"rendered":"https:\/\/mosesexport.com\/fr\/?post_type=product&#038;p=566"},"modified":"2026-05-10T16:29:53","modified_gmt":"2026-05-10T13:29:53","slug":"moses-4-6-sel-de-mer-extra-gros","status":"publish","type":"product","link":"https:\/\/mosesexport.com\/fr\/product\/moses-4-6-sel-de-mer-extra-gros\/","title":{"rendered":"MOSES\u00ae 4-6, sel de mer extra gros"},"content":{"rendered":"<p>MOSES est un gros sel unique, caract\u00e9ris\u00e9 par sa structure cristalline pure et limpide et sa qualit\u00e9 constante. Tr\u00e8s polyvalent, il est particuli\u00e8rement adapt\u00e9 \u00e0 la production de saumure, \u00e0 la conservation de la viande et du poisson, aux moulins \u00e0 sel, \u00e0 la transformation de la viande et au fumage du poisson. De plus, il entre dans la composition des sels de bain, offrant des performances fiables pour des usages alimentaires et non alimentaires.<\/p>\n","protected":false},"excerpt":{"rendered":"<p>MOSES est un gros sel unique, caract\u00e9ris\u00e9 par sa structure cristalline pure et limpide et sa qualit\u00e9 constante. Tr\u00e8s polyvalent, il est particuli\u00e8rement adapt\u00e9 \u00e0 la production de saumure, \u00e0 la conservation de la viande et du poisson, aux moulins \u00e0 sel, \u00e0 la transformation de la viande et au fumage du poisson. De plus, [&hellip;]<\/p>\n","protected":false},"featured_media":567,"comment_status":"open","ping_status":"closed","template":"","meta":[],"product_brand":[],"product_cat":[40,38],"product_tag":[],"class_list":{"0":"post-566","1":"product","2":"type-product","3":"status-publish","4":"has-post-thumbnail","6":"product_cat-sel-marin-pour-le-secteur-de-la-restauration","7":"product_cat-sel-alimentaire","9":"first","10":"instock","11":"shipping-taxable","12":"purchasable","13":"product-type-simple"},"_links":{"self":[{"href":"https:\/\/mosesexport.com\/fr\/wp-json\/wp\/v2\/product\/566","targetHints":{"allow":["GET"]}}],"collection":[{"href":"https:\/\/mosesexport.com\/fr\/wp-json\/wp\/v2\/product"}],"about":[{"href":"https:\/\/mosesexport.com\/fr\/wp-json\/wp\/v2\/types\/product"}],"replies":[{"embeddable":true,"href":"https:\/\/mosesexport.com\/fr\/wp-json\/wp\/v2\/comments?post=566"}],"wp:featuredmedia":[{"embeddable":true,"href":"https:\/\/mosesexport.com\/fr\/wp-json\/wp\/v2\/media\/567"}],"wp:attachment":[{"href":"https:\/\/mosesexport.com\/fr\/wp-json\/wp\/v2\/media?parent=566"}],"wp:term":[{"taxonomy":"product_brand","embeddable":true,"href":"https:\/\/mosesexport.com\/fr\/wp-json\/wp\/v2\/product_brand?post=566"},{"taxonomy":"product_cat","embeddable":true,"href":"https:\/\/mosesexport.com\/fr\/wp-json\/wp\/v2\/product_cat?post=566"},{"taxonomy":"product_tag","embeddable":true,"href":"https:\/\/mosesexport.com\/fr\/wp-json\/wp\/v2\/product_tag?post=566"}],"curies":[{"name":"wp","href":"https:\/\/api.w.org\/{rel}","templated":true}]}}