{"id":571,"date":"2026-05-10T16:43:01","date_gmt":"2026-05-10T13:43:01","guid":{"rendered":"https:\/\/mosesexport.com\/fr\/?post_type=product&#038;p=571"},"modified":"2026-05-10T16:43:01","modified_gmt":"2026-05-10T13:43:01","slug":"moses-4-15-sel-de-mer-extra-gros","status":"publish","type":"product","link":"https:\/\/mosesexport.com\/fr\/product\/moses-4-15-sel-de-mer-extra-gros\/","title":{"rendered":"MOSES\u00ae 4-15, sel de mer extra gros"},"content":{"rendered":"<p>MOSES 4\u201315 est un sel extra-gros con\u00e7u pour une grande vari\u00e9t\u00e9 d&#8217;applications industrielles et commerciales. Il est particuli\u00e8rement appr\u00e9ci\u00e9 pour la conservation des produits alimentaires de base, notamment la conservation de la viande et la pr\u00e9paration de saumures.<\/p>\n","protected":false},"excerpt":{"rendered":"<p>MOSES 4\u201315 est un sel extra-gros con\u00e7u pour une grande vari\u00e9t\u00e9 d&#8217;applications industrielles et commerciales. Il est particuli\u00e8rement appr\u00e9ci\u00e9 pour la conservation des produits alimentaires de base, notamment la conservation de la viande et la pr\u00e9paration de saumures.<\/p>\n","protected":false},"featured_media":572,"comment_status":"open","ping_status":"closed","template":"","meta":[],"product_brand":[],"product_cat":[40,38],"product_tag":[],"class_list":{"0":"post-571","1":"product","2":"type-product","3":"status-publish","4":"has-post-thumbnail","6":"product_cat-sel-marin-pour-le-secteur-de-la-restauration","7":"product_cat-sel-alimentaire","9":"first","10":"instock","11":"shipping-taxable","12":"purchasable","13":"product-type-simple"},"_links":{"self":[{"href":"https:\/\/mosesexport.com\/fr\/wp-json\/wp\/v2\/product\/571","targetHints":{"allow":["GET"]}}],"collection":[{"href":"https:\/\/mosesexport.com\/fr\/wp-json\/wp\/v2\/product"}],"about":[{"href":"https:\/\/mosesexport.com\/fr\/wp-json\/wp\/v2\/types\/product"}],"replies":[{"embeddable":true,"href":"https:\/\/mosesexport.com\/fr\/wp-json\/wp\/v2\/comments?post=571"}],"wp:featuredmedia":[{"embeddable":true,"href":"https:\/\/mosesexport.com\/fr\/wp-json\/wp\/v2\/media\/572"}],"wp:attachment":[{"href":"https:\/\/mosesexport.com\/fr\/wp-json\/wp\/v2\/media?parent=571"}],"wp:term":[{"taxonomy":"product_brand","embeddable":true,"href":"https:\/\/mosesexport.com\/fr\/wp-json\/wp\/v2\/product_brand?post=571"},{"taxonomy":"product_cat","embeddable":true,"href":"https:\/\/mosesexport.com\/fr\/wp-json\/wp\/v2\/product_cat?post=571"},{"taxonomy":"product_tag","embeddable":true,"href":"https:\/\/mosesexport.com\/fr\/wp-json\/wp\/v2\/product_tag?post=571"}],"curies":[{"name":"wp","href":"https:\/\/api.w.org\/{rel}","templated":true}]}}