{"id":576,"date":"2026-05-10T16:57:47","date_gmt":"2026-05-10T13:57:47","guid":{"rendered":"https:\/\/mosesexport.com\/fr\/?post_type=product&#038;p=576"},"modified":"2026-05-10T16:57:48","modified_gmt":"2026-05-10T13:57:48","slug":"moses-6-15-sel-industriel-extra-gros","status":"publish","type":"product","link":"https:\/\/mosesexport.com\/fr\/product\/moses-6-15-sel-industriel-extra-gros\/","title":{"rendered":"MOSES\u00ae 6-15, sel industriel extra gros"},"content":{"rendered":"<p>Sel pur sec et extra-gros pour applications techniques. MOSES, notre sel technique ou industriel, a de multiples applications. Il est notamment utilis\u00e9 comme sel de forage sur les plateformes p\u00e9troli\u00e8res ou pour le raffinage dans les raffineries de p\u00e9trole. Par ailleurs, le sel industriel est \u00e9galement utilis\u00e9 dans la transformation du poisson et la p\u00eache, ainsi que pour le traitement des peaux. En p\u00eache, le sel sert \u00e0 la conservation du poisson. Pour le traitement des peaux, celles-ci sont recouvertes de plusieurs kilos de sel afin d&#8217;\u00e9liminer l&#8217;humidit\u00e9 et de d\u00e9truire les bact\u00e9ries.<\/p>\n","protected":false},"excerpt":{"rendered":"<p>Sel pur sec et extra-gros pour applications techniques. MOSES, notre sel technique ou industriel, a de multiples applications. Il est notamment utilis\u00e9 comme sel de forage sur les plateformes p\u00e9troli\u00e8res ou pour le raffinage dans les raffineries de p\u00e9trole. Par ailleurs, le sel industriel est \u00e9galement utilis\u00e9 dans la transformation du poisson et la p\u00eache, [&hellip;]<\/p>\n","protected":false},"featured_media":577,"comment_status":"open","ping_status":"closed","template":"","meta":[],"product_brand":[],"product_cat":[39,38],"product_tag":[],"class_list":{"0":"post-576","1":"product","2":"type-product","3":"status-publish","4":"has-post-thumbnail","6":"product_cat-industrie","7":"product_cat-sel-alimentaire","9":"first","10":"instock","11":"shipping-taxable","12":"purchasable","13":"product-type-simple"},"_links":{"self":[{"href":"https:\/\/mosesexport.com\/fr\/wp-json\/wp\/v2\/product\/576","targetHints":{"allow":["GET"]}}],"collection":[{"href":"https:\/\/mosesexport.com\/fr\/wp-json\/wp\/v2\/product"}],"about":[{"href":"https:\/\/mosesexport.com\/fr\/wp-json\/wp\/v2\/types\/product"}],"replies":[{"embeddable":true,"href":"https:\/\/mosesexport.com\/fr\/wp-json\/wp\/v2\/comments?post=576"}],"wp:featuredmedia":[{"embeddable":true,"href":"https:\/\/mosesexport.com\/fr\/wp-json\/wp\/v2\/media\/577"}],"wp:attachment":[{"href":"https:\/\/mosesexport.com\/fr\/wp-json\/wp\/v2\/media?parent=576"}],"wp:term":[{"taxonomy":"product_brand","embeddable":true,"href":"https:\/\/mosesexport.com\/fr\/wp-json\/wp\/v2\/product_brand?post=576"},{"taxonomy":"product_cat","embeddable":true,"href":"https:\/\/mosesexport.com\/fr\/wp-json\/wp\/v2\/product_cat?post=576"},{"taxonomy":"product_tag","embeddable":true,"href":"https:\/\/mosesexport.com\/fr\/wp-json\/wp\/v2\/product_tag?post=576"}],"curies":[{"name":"wp","href":"https:\/\/api.w.org\/{rel}","templated":true}]}}