{"id":28678,"date":"2024-12-26T15:04:27","date_gmt":"2024-12-26T13:04:27","guid":{"rendered":"https:\/\/mosesexport.com\/so-vizlagyitashoz\/"},"modified":"2026-02-03T14:42:23","modified_gmt":"2026-02-03T12:42:23","slug":"so-vizlagyitashoz","status":"publish","type":"page","link":"https:\/\/mosesexport.com\/hu\/so\/so-vizkezeleshez\/so-vizlagyitashoz\/","title":{"rendered":"S\u00f3 v\u00edzl\u00e1gy\u00edt\u00e1shoz"},"content":{"rendered":"\t\t<div data-elementor-type=\"wp-page\" data-elementor-id=\"28678\" class=\"elementor elementor-28678 elementor-16866\">\n\t\t\t\t<div class=\"elementor-element elementor-element-f5593c4 e-flex e-con-boxed e-con e-parent\" data-id=\"f5593c4\" data-element_type=\"container\" data-e-type=\"container\" data-settings=\"{&quot;background_background&quot;:&quot;classic&quot;}\">\n\t\t\t\t\t<div class=\"e-con-inner\">\n\t\t\t\t<div class=\"elementor-element elementor-element-c145dc6 elementor-widget elementor-widget-heading\" data-id=\"c145dc6\" data-element_type=\"widget\" data-e-type=\"widget\" data-settings=\"{&quot;wdt_animation_effect&quot;:&quot;none&quot;}\" data-widget_type=\"heading.default\">\n\t\t\t\t<div class=\"elementor-widget-container\">\n\t\t\t\t\t<h3 class=\"elementor-heading-title elementor-size-default\">MOSES, S\u00f3 v\u00edzl\u00e1gy\u00edt\u00e1shoz<\/h3>\t\t\t\t<\/div>\n\t\t\t\t<\/div>\n\t\t\t\t<div class=\"elementor-element elementor-element-5800ac6 elementor-widget elementor-widget-heading\" data-id=\"5800ac6\" data-element_type=\"widget\" data-e-type=\"widget\" data-settings=\"{&quot;wdt_animation_effect&quot;:&quot;none&quot;}\" data-widget_type=\"heading.default\">\n\t\t\t\t<div class=\"elementor-widget-container\">\n\t\t\t\t\t<p class=\"elementor-heading-title elementor-size-default\">Mit\u0151l jobb a l\u00e1gyabb v\u00edz? \u00c9s hogyan seg\u00edt a v\u00edzl\u00e1gy\u00edt\u00f3 s\u00f3? A v\u00edzl\u00e1gy\u00edt\u00f3val l\u00e1gy\u00edtott v\u00edz puh\u00e1v\u00e1 var\u00e1zsolja a hajat \u00e9s a b\u0151rt a reggeli zuhanyoz\u00e1s ut\u00e1n, \u00e9s jav\u00edthatja az iv\u00f3v\u00edz \u00edz\u00e9t. A v\u00edzl\u00e1gy\u00edt\u00f3 s\u00f3 seg\u00edt abban, hogy a v\u00edzl\u00e1gy\u00edt\u00f3k cs\u00facsform\u00e1ban legyenek, \u00edgy tov\u00e1bbra is l\u00e1gy vizet tudnak biztos\u00edtani.   <\/p>\t\t\t\t<\/div>\n\t\t\t\t<\/div>\n\t\t\t\t\t<\/div>\n\t\t\t\t<\/div>\n\t\t\t\t<section class=\"elementor-section elementor-top-section elementor-element elementor-element-73e3c6d wdt-no-full-section elementor-section-boxed elementor-section-height-default elementor-section-height-default\" data-id=\"73e3c6d\" data-element_type=\"section\" data-e-type=\"section\" data-settings=\"{&quot;background_background&quot;:&quot;classic&quot;,&quot;wdt_bg_image&quot;:{&quot;url&quot;:&quot;&quot;,&quot;id&quot;:&quot;&quot;,&quot;size&quot;:&quot;&quot;},&quot;wdt_bg_image_tablet&quot;:{&quot;url&quot;:&quot;&quot;,&quot;id&quot;:&quot;&quot;,&quot;size&quot;:&quot;&quot;},&quot;wdt_bg_image_mobile&quot;:{&quot;url&quot;:&quot;&quot;,&quot;id&quot;:&quot;&quot;,&quot;size&quot;:&quot;&quot;},&quot;wdt_bg_position&quot;:&quot;center center&quot;,&quot;wdt_animation_effect&quot;:&quot;none&quot;}\">\n\t\t\t\t\t\t<div class=\"elementor-container elementor-column-gap-no\">\n\t\t\t\t\t<div class=\"elementor-column elementor-col-50 elementor-top-column elementor-element elementor-element-5647eac animated-fast elementor-invisible\" data-id=\"5647eac\" data-element_type=\"column\" data-e-type=\"column\" data-settings=\"{&quot;animation&quot;:&quot;fadeInLeft&quot;,&quot;animation_delay&quot;:&quot;100&quot;}\">\n\t\t\t<div class=\"elementor-widget-wrap elementor-element-populated\">\n\t\t\t\t\t\t<div class=\"elementor-element elementor-element-9f85b57 start elementor-widget elementor-widget-wdt-heading\" data-id=\"9f85b57\" data-element_type=\"widget\" data-e-type=\"widget\" data-settings=\"{&quot;item_background_background&quot;:&quot;classic&quot;,&quot;wdt_animation_effect&quot;:&quot;none&quot;}\" data-widget_type=\"wdt-heading.default\">\n\t\t\t\t<div class=\"elementor-widget-container\">\n\t\t\t\t\t<div class=\"wdt-heading-holder \" id=\"wdt-heading-9f85b57\"><div class=\"wdt-heading-content-wrapper\">Ne v\u00e1lasszon ak\u00e1rmilyen s\u00f3t v\u00edzl\u00e1gy\u00edt\u00e1shoz. V\u00e9g\u00fcl is a v\u00edz min\u0151s\u00e9ge nagyban f\u00fcgg a haszn\u00e1lt s\u00f3t\u00f3l. A MOSES\u00ae \u00e9lelmiszeripari min\u0151s\u00e9g\u0171 s\u00f3. Gondtalanul biztos\u00edt l\u00e1gy \u00e9s tiszta vizet mindenkor. A MOSES\u00ae magas tisztas\u00e1gi szintje biztos\u00edtja, hogy v\u00edzl\u00e1gy\u00edt\u00f3ja jobban m\u0171k\u00f6dj\u00f6n \u00e9s hosszabb \u00e9lettartammal rendelkezzen.<\/div><\/div>\t\t\t\t<\/div>\n\t\t\t\t<\/div>\n\t\t\t\t\t<\/div>\n\t\t<\/div>\n\t\t\t\t<div class=\"wdt-sticky-column elementor-column elementor-col-50 elementor-top-column elementor-element elementor-element-796fc76 wdt-cus-grid-img-counter\" data-wdt-settings=\"{&quot;id&quot;:&quot;796fc76&quot;,&quot;sticky&quot;:true,&quot;topSpacing&quot;:50,&quot;bottomSpacing&quot;:50,&quot;stickyOn&quot;:[&quot;laptop&quot;,&quot;tablet_extra&quot;],&quot;overflowHidden&quot;:false}\" data-id=\"796fc76\" data-element_type=\"column\" data-e-type=\"column\">\n\t\t\t<div class=\"elementor-widget-wrap elementor-element-populated\">\n\t\t\t\t\t\t<div class=\"elementor-element elementor-element-3e2e91b elementor-widget elementor-widget-image\" data-id=\"3e2e91b\" data-element_type=\"widget\" data-e-type=\"widget\" data-settings=\"{&quot;wdt_animation_effect&quot;:&quot;none&quot;}\" data-widget_type=\"image.default\">\n\t\t\t\t<div class=\"elementor-widget-container\">\n\t\t\t\t\t\t\t\t\t\t\t\t\t\t\t<img fetchpriority=\"high\" decoding=\"async\" width=\"1138\" height=\"1200\" src=\"https:\/\/mosesexport.com\/wp-content\/uploads\/2024\/12\/\u0628\u062f\u0648\u0646-\u062e\u0644\u0641\u064a\u0629-\u062c\u0647\u0627\u0632-\u062a\u0646\u0642\u064a\u0629-\u0627\u0644\u0645\u064a\u0627\u06471.png\" class=\"attachment-full size-full wp-image-28680\" alt=\"s\u00f3mentes v\u00edzl\u00e1gy\u00edt\u00f3\" srcset=\"https:\/\/mosesexport.com\/wp-content\/uploads\/2024\/12\/\u0628\u062f\u0648\u0646-\u062e\u0644\u0641\u064a\u0629-\u062c\u0647\u0627\u0632-\u062a\u0646\u0642\u064a\u0629-\u0627\u0644\u0645\u064a\u0627\u06471.png 1138w, https:\/\/mosesexport.com\/wp-content\/uploads\/2024\/12\/\u0628\u062f\u0648\u0646-\u062e\u0644\u0641\u064a\u0629-\u062c\u0647\u0627\u0632-\u062a\u0646\u0642\u064a\u0629-\u0627\u0644\u0645\u064a\u0627\u06471-1000x1054.png 1000w, https:\/\/mosesexport.com\/wp-content\/uploads\/2024\/12\/\u0628\u062f\u0648\u0646-\u062e\u0644\u0641\u064a\u0629-\u062c\u0647\u0627\u0632-\u062a\u0646\u0642\u064a\u0629-\u0627\u0644\u0645\u064a\u0627\u06471-285x300.png 285w, https:\/\/mosesexport.com\/wp-content\/uploads\/2024\/12\/\u0628\u062f\u0648\u0646-\u062e\u0644\u0641\u064a\u0629-\u062c\u0647\u0627\u0632-\u062a\u0646\u0642\u064a\u0629-\u0627\u0644\u0645\u064a\u0627\u06471-971x1024.png 971w, https:\/\/mosesexport.com\/wp-content\/uploads\/2024\/12\/\u0628\u062f\u0648\u0646-\u062e\u0644\u0641\u064a\u0629-\u062c\u0647\u0627\u0632-\u062a\u0646\u0642\u064a\u0629-\u0627\u0644\u0645\u064a\u0627\u06471-768x810.png 768w\" sizes=\"(max-width: 1138px) 100vw, 1138px\" title=\"\">\t\t\t\t\t\t\t\t\t\t\t\t\t\t\t<\/div>\n\t\t\t\t<\/div>\n\t\t\t\t\t<\/div>\n\t\t<\/div>\n\t\t\t\t\t<\/div>\n\t\t<\/section>\n\t\t<div class=\"elementor-element elementor-element-5e15de5 e-flex e-con-boxed e-con e-parent\" data-id=\"5e15de5\" data-element_type=\"container\" data-e-type=\"container\" data-settings=\"{&quot;background_background&quot;:&quot;classic&quot;}\">\n\t\t\t\t\t<div class=\"e-con-inner\">\n\t\t\t\t<div class=\"elementor-element elementor-element-6d94779 elementor-widget elementor-widget-heading\" data-id=\"6d94779\" data-element_type=\"widget\" data-e-type=\"widget\" data-settings=\"{&quot;wdt_animation_effect&quot;:&quot;none&quot;}\" data-widget_type=\"heading.default\">\n\t\t\t\t<div class=\"elementor-widget-container\">\n\t\t\t\t\t<h4 class=\"elementor-heading-title elementor-size-default\">l\u00e1gy\u00edt\u00f3 s\u00f3<\/h4>\t\t\t\t<\/div>\n\t\t\t\t<\/div>\n\t\t\t\t<div class=\"elementor-element elementor-element-095208e elementor-widget elementor-widget-heading\" data-id=\"095208e\" data-element_type=\"widget\" data-e-type=\"widget\" data-settings=\"{&quot;wdt_animation_effect&quot;:&quot;none&quot;}\" data-widget_type=\"heading.default\">\n\t\t\t\t<div class=\"elementor-widget-container\">\n\t\t\t\t\t<p class=\"elementor-heading-title elementor-size-default\">A l\u00e1gy \u00e9s a kem\u00e9ny v\u00edz k\u00f6z\u00f6tti k\u00fcl\u00f6nbs\u00e9g a ragyog\u00f3bb ruh\u00e1k, a puh\u00e1bb t\u00f6r\u00f6lk\u00f6z\u0151k, a csillog\u00f3 ed\u00e9nyek, \u00e9s a kevesebb lerak\u00f3d\u00e1s a cs\u00f6veken \u00e9s a h\u00e1ztart\u00e1si g\u00e9peken. L\u00e1gyabb v\u00edzzel otthonosabb hangulatot teremthet.  <\/p>\t\t\t\t<\/div>\n\t\t\t\t<\/div>\n\t\t\t\t\t<\/div>\n\t\t\t\t<\/div>\n\t\t<div class=\"elementor-element elementor-element-5d13082 e-flex e-con-boxed e-con e-parent\" data-id=\"5d13082\" data-element_type=\"container\" data-e-type=\"container\">\n\t\t\t\t\t<div class=\"e-con-inner\">\n\t\t\t\t<div class=\"elementor-element elementor-element-8ae8894 start start wdt-cus-service-style-01 elementor-widget elementor-widget-wdt-image-box\" data-id=\"8ae8894\" data-element_type=\"widget\" data-e-type=\"widget\" data-settings=\"{&quot;button_normal_background_background&quot;:&quot;classic&quot;,&quot;button_normal_background_color&quot;:&quot;#FFC52700&quot;,&quot;button_hover_background_background&quot;:&quot;classic&quot;,&quot;button_hover_background_color&quot;:&quot;#FFC52700&quot;,&quot;columns&quot;:&quot;3&quot;,&quot;item_normal_background_background&quot;:&quot;classic&quot;,&quot;item_hover_background_background&quot;:&quot;gradient&quot;,&quot;_animation&quot;:&quot;none&quot;,&quot;columns_tablet&quot;:2,&quot;columns_mobile&quot;:1,&quot;carousel_arrows_prev_arrow_vertical_top_indent&quot;:{&quot;unit&quot;:&quot;%&quot;,&quot;size&quot;:&quot;&quot;,&quot;sizes&quot;:[]},&quot;carousel_arrows_prev_arrow_vertical_top_indent_tablet&quot;:{&quot;unit&quot;:&quot;%&quot;,&quot;size&quot;:&quot;&quot;,&quot;sizes&quot;:[]},&quot;carousel_arrows_prev_arrow_vertical_top_indent_mobile&quot;:{&quot;unit&quot;:&quot;%&quot;,&quot;size&quot;:&quot;&quot;,&quot;sizes&quot;:[]},&quot;carousel_arrows_prev_arrow_horizontal_left_indent&quot;:{&quot;unit&quot;:&quot;%&quot;,&quot;size&quot;:&quot;&quot;,&quot;sizes&quot;:[]},&quot;carousel_arrows_prev_arrow_horizontal_left_indent_tablet&quot;:{&quot;unit&quot;:&quot;%&quot;,&quot;size&quot;:&quot;&quot;,&quot;sizes&quot;:[]},&quot;carousel_arrows_prev_arrow_horizontal_left_indent_mobile&quot;:{&quot;unit&quot;:&quot;%&quot;,&quot;size&quot;:&quot;&quot;,&quot;sizes&quot;:[]},&quot;carousel_arrows_next_arrow_vertical_top_indent&quot;:{&quot;unit&quot;:&quot;%&quot;,&quot;size&quot;:&quot;&quot;,&quot;sizes&quot;:[]},&quot;carousel_arrows_next_arrow_vertical_top_indent_tablet&quot;:{&quot;unit&quot;:&quot;%&quot;,&quot;size&quot;:&quot;&quot;,&quot;sizes&quot;:[]},&quot;carousel_arrows_next_arrow_vertical_top_indent_mobile&quot;:{&quot;unit&quot;:&quot;%&quot;,&quot;size&quot;:&quot;&quot;,&quot;sizes&quot;:[]},&quot;carousel_arrows_next_arrow_horizontal_left_indent&quot;:{&quot;unit&quot;:&quot;%&quot;,&quot;size&quot;:&quot;&quot;,&quot;sizes&quot;:[]},&quot;carousel_arrows_next_arrow_horizontal_left_indent_tablet&quot;:{&quot;unit&quot;:&quot;%&quot;,&quot;size&quot;:&quot;&quot;,&quot;sizes&quot;:[]},&quot;carousel_arrows_next_arrow_horizontal_left_indent_mobile&quot;:{&quot;unit&quot;:&quot;%&quot;,&quot;size&quot;:&quot;&quot;,&quot;sizes&quot;:[]},&quot;wdt_animation_effect&quot;:&quot;none&quot;}\" data-widget_type=\"wdt-image-box.default\">\n\t\t\t\t<div class=\"elementor-widget-container\">\n\t\t\t\t\t<div class=\"wdt-image-box-holder wdt-content-item-holder wdt-column-holder wdt-rc-template-custom-template\" id=\"wdt-image-box-8ae8894\" data-settings=\"{&quot;enable_popup&quot;:&quot;&quot;,&quot;enable_hover_class&quot;:&quot;&quot;}\"><div class=\"wdt-column-wrapper wdt-column-gap-wide wdt-snap-scroll-enabled\" data-column-settings=\"{&quot;columnDevices&quot;:[&quot;tablet&quot;,&quot;mobile&quot;]}\" data-module-id=\"wdt-module-id-8ae8894\" id=\"wdt-module-id-8ae8894\"><div class=\"wdt-column\"><div class=\"wdt-content-item\"><div class=\"wdt-content-media-group\"><div class=\"wdt-content-elements-group wdt-media-group wdt-media-image-cover\"><div class=\"wdt-content-image-wrapper \"><div class=\"wdt-content-image\"><a href=\"https:\/\/mosesexport.com\/hu\/moses-regular-sotablettak\/\"><img decoding=\"async\" width=\"800\" height=\"600\" src=\"https:\/\/mosesexport.com\/wp-content\/uploads\/2024\/12\/\u0627\u0642\u0631\u0627\u0635.png\" class=\"attachment-full size-full wp-image-15943\" alt=\"MOSES\u00ae REGULAR, Salt Tablets\" srcset=\"https:\/\/mosesexport.com\/wp-content\/uploads\/2024\/12\/\u0627\u0642\u0631\u0627\u0635.png 800w, https:\/\/mosesexport.com\/wp-content\/uploads\/2024\/12\/\u0627\u0642\u0631\u0627\u0635-600x450.png 600w, https:\/\/mosesexport.com\/wp-content\/uploads\/2024\/12\/\u0627\u0642\u0631\u0627\u0635-300x225.png 300w, https:\/\/mosesexport.com\/wp-content\/uploads\/2024\/12\/\u0627\u0642\u0631\u0627\u0635-768x576.png 768w\" sizes=\"(max-width: 800px) 100vw, 800px\" title=\"\"><\/a><\/div><\/div><div class=\"wdt-media-image-cover-container\"><div class=\"wdt-content-button wdt-button-clone\"><a href=\"https:\/\/mosesexport.com\/hu\/moses-regular-sotablettak\/\"><div class=\"wdt-button-text\"><span>View<\/span><\/div><\/a><\/div><\/div><\/div><\/div><div class=\"wdt-content-detail-group\"><div class=\"wdt-content-title\"><h5><a href=\"https:\/\/mosesexport.com\/hu\/moses-regular-sotablettak\/\">MOSES\u00ae REGULAR, S\u00f3tablett\u00e1k<\/a><\/h5><\/div><div class=\"wdt-content-description\">Min\u0151s\u00e9gi s\u00f3tablett\u00e1k minden t\u00edpus\u00fa v\u00edzl\u00e1gy\u00edt\u00f3hoz.<\/div><\/div><\/div><\/div><div class=\"wdt-column\"><div class=\"wdt-content-item\"><div class=\"wdt-content-media-group\"><div class=\"wdt-content-elements-group wdt-media-group wdt-media-image-cover\"><div class=\"wdt-content-image-wrapper \"><div class=\"wdt-content-image\"><a href=\"https:\/\/mosesexport.com\/hu\/mozes-kristalyok-sokristalyok\/\"><img decoding=\"async\" width=\"800\" height=\"600\" src=\"https:\/\/mosesexport.com\/wp-content\/uploads\/2024\/12\/\u0645\u0644\u062d-\u0628\u062d\u0631.png\" class=\"attachment-full size-full wp-image-16308\" alt=\"\" srcset=\"https:\/\/mosesexport.com\/wp-content\/uploads\/2024\/12\/\u0645\u0644\u062d-\u0628\u062d\u0631.png 800w, https:\/\/mosesexport.com\/wp-content\/uploads\/2024\/12\/\u0645\u0644\u062d-\u0628\u062d\u0631-600x450.png 600w, https:\/\/mosesexport.com\/wp-content\/uploads\/2024\/12\/\u0645\u0644\u062d-\u0628\u062d\u0631-300x225.png 300w, https:\/\/mosesexport.com\/wp-content\/uploads\/2024\/12\/\u0645\u0644\u062d-\u0628\u062d\u0631-768x576.png 768w\" sizes=\"(max-width: 800px) 100vw, 800px\" title=\"\"><\/a><\/div><\/div><div class=\"wdt-media-image-cover-container\"><div class=\"wdt-content-button wdt-button-clone\"><a href=\"https:\/\/mosesexport.com\/hu\/mozes-kristalyok-sokristalyok\/\"><div class=\"wdt-button-text\"><span>View<\/span><\/div><\/a><\/div><\/div><\/div><\/div><div class=\"wdt-content-detail-group\"><div class=\"wdt-content-title\"><h5><a href=\"https:\/\/mosesexport.com\/hu\/mozes-kristalyok-sokristalyok\/\">MOSES\u00ae KRIST\u00c1LYOK, S\u00f3krist\u00e1lyok<\/a><\/h5><\/div><div class=\"wdt-content-description\">100%-ban term\u00e9szetes s\u00f3krist\u00e1lyok. A v\u00edzl\u00e1gy\u00edt\u00f3 s\u00f3 t\u00f6k\u00e9letes referenciaanyaga.<\/div><\/div><\/div><\/div><\/div><div class=\"wdt-column-pagination wdt-snap-scroll-pagination\">\n\t\t\t\t\t\t<button class=\"wdt-pagination-prev wdt-module-id-8ae8894\">Previous<\/button>\n\t\t\t\t\t\t<button class=\"wdt-pagination-next wdt-module-id-8ae8894\">Next<\/button><\/div><\/div>\t\t\t\t<\/div>\n\t\t\t\t<\/div>\n\t\t\t\t\t<\/div>\n\t\t\t\t<\/div>\n\t\t<div class=\"elementor-element elementor-element-5496e84 e-flex e-con-boxed e-con e-parent\" data-id=\"5496e84\" data-element_type=\"container\" data-e-type=\"container\">\n\t\t\t\t\t<div class=\"e-con-inner\">\n\t\t\t\t<div class=\"elementor-element elementor-element-125031a wdt-cus-accordion1 elementor-widget elementor-widget-wdt-accordion-and-toggle\" data-id=\"125031a\" data-element_type=\"widget\" data-e-type=\"widget\" data-settings=\"{&quot;wdt_animation_effect&quot;:&quot;none&quot;}\" data-widget_type=\"wdt-accordion-and-toggle.default\">\n\t\t\t\t<div class=\"elementor-widget-container\">\n\t\t\t\t\t<div class=\"wdt-accordion-toggle-holder wdt-module-toggle wdt-template-classic wdt-expand-collapse-position-end\" id=\"wdt-accordion-and-toggle-125031a\"><div class=\"wdt-accordion-toggle-wrapper\"><div class=\"wdt-accordion-toggle-title-holder\"><div class=\"wdt-accordion-toggle-title\"><div class=\"wdt-accordion-toggle-title-prefix number\">1<\/div>Mi\u00e9rt pont a s\u00f3?<\/div><div class=\"wdt-accordion-toggle-icon\"><div class=\"wdt-accordion-toggle-icon-expand\"><svg aria-hidden=\"true\" class=\"e-font-icon-svg e-fas-chevron-down\" viewBox=\"0 0 448 512\" xmlns=\"http:\/\/www.w3.org\/2000\/svg\"><path d=\"M207.029 381.476L12.686 187.132c-9.373-9.373-9.373-24.569 0-33.941l22.667-22.667c9.357-9.357 24.522-9.375 33.901-.04L224 284.505l154.745-154.021c9.379-9.335 24.544-9.317 33.901.04l22.667 22.667c9.373 9.373 9.373 24.569 0 33.941L240.971 381.476c-9.373 9.372-24.569 9.372-33.942 0z\"><\/path><\/svg><\/div><div class=\"wdt-accordion-toggle-icon-collapse\"><svg aria-hidden=\"true\" class=\"e-font-icon-svg e-fas-chevron-right\" viewBox=\"0 0 320 512\" xmlns=\"http:\/\/www.w3.org\/2000\/svg\"><path d=\"M285.476 272.971L91.132 467.314c-9.373 9.373-24.569 9.373-33.941 0l-22.667-22.667c-9.357-9.357-9.375-24.522-.04-33.901L188.505 256 34.484 101.255c-9.335-9.379-9.317-24.544.04-33.901l22.667-22.667c9.373-9.373 24.569-9.373 33.941 0L285.475 239.03c9.373 9.372 9.373 24.568.001 33.941z\"><\/path><\/svg><\/div><\/div><\/div><div class=\"wdt-accordion-toggle-description\">A s\u00f3t s\u00f3oldat k\u00e9sz\u00edt\u00e9s\u00e9re haszn\u00e1lj\u00e1k, hogy megtiszt\u00edts\u00e1k, vagy \u201eregener\u00e1lj\u00e1k\u201d a gyantagy\u00f6ngy\u00f6ket.\n\nMindig kifejezetten v\u00edzl\u00e1gy\u00edt\u00f3kban val\u00f3 haszn\u00e1latra tervezett, nagy tisztas\u00e1g\u00fa s\u00f3term\u00e9ket haszn\u00e1ljon. A finom f\u0151z\u0151- vagy asztali s\u00f3 befoly\u00e1solhatja a l\u00e1gy\u00edt\u00f3 teljes\u00edtm\u00e9ny\u00e9t, m\u00edg a durva tengeri vagy k\u0151s\u00f3 szennyez\u0151d\u00e9seket tartalmazhat.\n\nK\u00fcl\u00f6n\u00f6sen fontos \u201eioncser\u00e9l\u0151\u201d v\u00edzl\u00e1gy\u00edt\u00f3t haszn\u00e1lni \u2013 azaz olyat, amely s\u00f3t haszn\u00e1l a gyanta tiszt\u00edt\u00e1s\u00e1ra, amely megk\u00f6ti a kem\u00e9nys\u00e9get okoz\u00f3 \u00e1sv\u00e1nyokat. Azok az eszk\u00f6z\u00f6k, amelyek \u00e1ll\u00edt\u00f3lag m\u00e1gneses vagy elektromos er\u0151ket haszn\u00e1lnak, olcs\u00f3bbak lehetnek, de nem sz\u00fcntetik meg a kem\u00e9nys\u00e9get.<\/div><\/div><div class=\"wdt-accordion-toggle-wrapper\"><div class=\"wdt-accordion-toggle-title-holder\"><div class=\"wdt-accordion-toggle-title\"><div class=\"wdt-accordion-toggle-title-prefix number\">2<\/div>Mit\u0151l kem\u00e9ny a v\u00edz?<\/div><div class=\"wdt-accordion-toggle-icon\"><div class=\"wdt-accordion-toggle-icon-expand\"><svg aria-hidden=\"true\" class=\"e-font-icon-svg e-fas-chevron-down\" viewBox=\"0 0 448 512\" xmlns=\"http:\/\/www.w3.org\/2000\/svg\"><path d=\"M207.029 381.476L12.686 187.132c-9.373-9.373-9.373-24.569 0-33.941l22.667-22.667c9.357-9.357 24.522-9.375 33.901-.04L224 284.505l154.745-154.021c9.379-9.335 24.544-9.317 33.901.04l22.667 22.667c9.373 9.373 9.373 24.569 0 33.941L240.971 381.476c-9.373 9.372-24.569 9.372-33.942 0z\"><\/path><\/svg><\/div><div class=\"wdt-accordion-toggle-icon-collapse\"><svg aria-hidden=\"true\" class=\"e-font-icon-svg e-fas-chevron-right\" viewBox=\"0 0 320 512\" xmlns=\"http:\/\/www.w3.org\/2000\/svg\"><path d=\"M285.476 272.971L91.132 467.314c-9.373 9.373-24.569 9.373-33.941 0l-22.667-22.667c-9.357-9.357-9.375-24.522-.04-33.901L188.505 256 34.484 101.255c-9.335-9.379-9.317-24.544.04-33.901l22.667-22.667c9.373-9.373 24.569-9.373 33.941 0L285.475 239.03c9.373 9.372 9.373 24.568.001 33.941z\"><\/path><\/svg><\/div><\/div><\/div><div class=\"wdt-accordion-toggle-description\">A \u201ekem\u00e9ny v\u00edz\u201d kifejez\u00e9s olyan v\u00edzre utal, amely kalciumot \u00e9s magn\u00e9ziumot, a kem\u00e9nys\u00e9get okoz\u00f3 \u00e1sv\u00e1nyi anyagokat tartalmaz. Az es\u0151v\u00edz l\u00e1gy v\u00edzk\u00e9nt indul, mentes ezekt\u0151l az \u00e1sv\u00e1nyi anyagokt\u00f3l, \u00e9s ahogy \u00e1thalad a f\u00f6ld\u00f6n, tavakba, foly\u00f3kba, patakokba \u00e9s talajv\u00edzbe \u00f6mlik, felsz\u00edvja a kem\u00e9nys\u00e9get okoz\u00f3 \u00e1sv\u00e1nyi anyagokat. B\u00e1r ezek az \u00e1sv\u00e1nyi anyagok nem k\u00e1rosak az eg\u00e9szs\u00e9gre, befoly\u00e1solj\u00e1k a v\u00edz tulajdons\u00e1gait, valamint a mos\u00e1s \u00e9s tiszt\u00edt\u00e1s sor\u00e1n val\u00f3 hat\u00e9konys\u00e1g\u00e1t.<\/div><\/div><div class=\"wdt-accordion-toggle-wrapper\"><div class=\"wdt-accordion-toggle-title-holder\"><div class=\"wdt-accordion-toggle-title\"><div class=\"wdt-accordion-toggle-title-prefix number\">3<\/div>Mit csin\u00e1l a kem\u00e9ny v\u00edz?<\/div><div class=\"wdt-accordion-toggle-icon\"><div class=\"wdt-accordion-toggle-icon-expand\"><svg aria-hidden=\"true\" class=\"e-font-icon-svg e-fas-chevron-down\" viewBox=\"0 0 448 512\" xmlns=\"http:\/\/www.w3.org\/2000\/svg\"><path d=\"M207.029 381.476L12.686 187.132c-9.373-9.373-9.373-24.569 0-33.941l22.667-22.667c9.357-9.357 24.522-9.375 33.901-.04L224 284.505l154.745-154.021c9.379-9.335 24.544-9.317 33.901.04l22.667 22.667c9.373 9.373 9.373 24.569 0 33.941L240.971 381.476c-9.373 9.372-24.569 9.372-33.942 0z\"><\/path><\/svg><\/div><div class=\"wdt-accordion-toggle-icon-collapse\"><svg aria-hidden=\"true\" class=\"e-font-icon-svg e-fas-chevron-right\" viewBox=\"0 0 320 512\" xmlns=\"http:\/\/www.w3.org\/2000\/svg\"><path d=\"M285.476 272.971L91.132 467.314c-9.373 9.373-24.569 9.373-33.941 0l-22.667-22.667c-9.357-9.357-9.375-24.522-.04-33.901L188.505 256 34.484 101.255c-9.335-9.379-9.317-24.544.04-33.901l22.667-22.667c9.373-9.373 24.569-9.373 33.941 0L285.475 239.03c9.373 9.372 9.373 24.568.001 33.941z\"><\/path><\/svg><\/div><\/div><\/div><div class=\"wdt-accordion-toggle-description\">A kem\u00e9ny v\u00edz a legegyszer\u0171bb h\u00e1zimunk\u00e1t is neh\u00e9zz\u00e9 teheti. Az \u00fcveg\u00e1ruk \u00e9s a mosogat\u00f3szerek foltosodhatnak. A ruh\u00e1k fak\u00f3bbnak t\u0171nnek \u00e9s nem tapint\u00f3dnak olyan puh\u00e1knak. A f\u00fcrd\u0151szobai szerelv\u00e9nyeken cs\u00fanya r\u00e9teg k\u00e9pz\u0151dik. A szappanok \u00e9s a mos\u00f3szerek nem habzanak olyan j\u00f3l. M\u00e9g a b\u0151r\u00f6d \u00e9s a hajad sem \u00e9rz\u0151dik olyan tiszt\u00e1nak. A kem\u00e9ny v\u00edz a h\u00e1ztart\u00e1si g\u00e9peket is k\u00edm\u00e9li, k\u00fcl\u00f6n\u00f6sen a mos\u00f3g\u00e9peket, mosogat\u00f3g\u00e9peket \u00e9s a melegv\u00edz-bojlereket.<\/div><\/div><\/div>\t\t\t\t<\/div>\n\t\t\t\t<\/div>\n\t\t\t\t\t<\/div>\n\t\t\t\t<\/div>\n\t\t\t\t<\/div>\n\t\t","protected":false},"excerpt":{"rendered":"<p>MOSES, S\u00f3 v\u00edzl\u00e1gy\u00edt\u00e1shoz Mit\u0151l jobb a l\u00e1gyabb v\u00edz? \u00c9s hogyan seg\u00edt a v\u00edzl\u00e1gy\u00edt\u00f3 s\u00f3? A v\u00edzl\u00e1gy\u00edt\u00f3val l\u00e1gy\u00edtott v\u00edz puh\u00e1v\u00e1 var\u00e1zsolja a hajat \u00e9s a b\u0151rt a reggeli zuhanyoz\u00e1s ut\u00e1n, \u00e9s jav\u00edthatja az iv\u00f3v\u00edz \u00edz\u00e9t. A v\u00edzl\u00e1gy\u00edt\u00f3 s\u00f3 seg\u00edt abban, hogy a v\u00edzl\u00e1gy\u00edt\u00f3k cs\u00facsform\u00e1ban legyenek, \u00edgy tov\u00e1bbra is l\u00e1gy vizet tudnak biztos\u00edtani. Ne v\u00e1lasszon ak\u00e1rmilyen s\u00f3t [&hellip;]<\/p>\n","protected":false},"author":1,"featured_media":32089,"parent":28667,"menu_order":0,"comment_status":"closed","ping_status":"closed","template":"","meta":{"footnotes":""},"class_list":["post-28678","page","type-page","status-publish","has-post-thumbnail","hentry"],"_links":{"self":[{"href":"https:\/\/mosesexport.com\/hu\/wp-json\/wp\/v2\/pages\/28678","targetHints":{"allow":["GET"]}}],"collection":[{"href":"https:\/\/mosesexport.com\/hu\/wp-json\/wp\/v2\/pages"}],"about":[{"href":"https:\/\/mosesexport.com\/hu\/wp-json\/wp\/v2\/types\/page"}],"author":[{"embeddable":true,"href":"https:\/\/mosesexport.com\/hu\/wp-json\/wp\/v2\/users\/1"}],"replies":[{"embeddable":true,"href":"https:\/\/mosesexport.com\/hu\/wp-json\/wp\/v2\/comments?post=28678"}],"version-history":[{"count":0,"href":"https:\/\/mosesexport.com\/hu\/wp-json\/wp\/v2\/pages\/28678\/revisions"}],"up":[{"embeddable":true,"href":"https:\/\/mosesexport.com\/hu\/wp-json\/wp\/v2\/pages\/28667"}],"wp:featuredmedia":[{"embeddable":true,"href":"https:\/\/mosesexport.com\/hu\/wp-json\/wp\/v2\/media\/32089"}],"wp:attachment":[{"href":"https:\/\/mosesexport.com\/hu\/wp-json\/wp\/v2\/media?parent=28678"}],"curies":[{"name":"wp","href":"https:\/\/api.w.org\/{rel}","templated":true}]}}