{"id":22025,"date":"2024-12-24T13:52:20","date_gmt":"2024-12-24T11:52:20","guid":{"rendered":"https:\/\/mosesexport.com\/moses-6-15-bardzo-gruboziarnista-sol-techniczna\/"},"modified":"2026-02-03T15:05:43","modified_gmt":"2026-02-03T13:05:43","slug":"moses-6-15-bardzo-gruboziarnista-sol-techniczna","status":"publish","type":"page","link":"https:\/\/mosesexport.com\/pl\/sol\/sol-przemyslowa\/moses-6-15-bardzo-gruboziarnista-sol-techniczna\/","title":{"rendered":"MOSES 6-15, ekstra gruba s\u00f3l techniczna"},"content":{"rendered":"<p>MOSES 6-15, s\u00f3l techniczna ekstra gruba<br \/>\n<img fetchpriority=\"high\" decoding=\"async\" src=\"https:\/\/mosesexport.com\/wp-content\/uploads\/2024\/12\/f5c203e90310baa988191b2713ffa14dea5ecfe5_Korrel_MARSEL_SS_CRYSTALS_SALCO_5_15_1440x952px-1.png\" sizes=\"(max-width: 800px) 100vw, 800px\" srcset=\"https:\/\/mosesexport.com\/wp-content\/uploads\/2024\/12\/f5c203e90310baa988191b2713ffa14dea5ecfe5_Korrel_MARSEL_SS_CRYSTALS_SALCO_5_15_1440x952px-1.png 800w, https:\/\/mosesexport.com\/wp-content\/uploads\/2024\/12\/f5c203e90310baa988191b2713ffa14dea5ecfe5_Korrel_MARSEL_SS_CRYSTALS_SALCO_5_15_1440x952px-1-300x225.png 300w, https:\/\/mosesexport.com\/wp-content\/uploads\/2024\/12\/f5c203e90310baa988191b2713ffa14dea5ecfe5_Korrel_MARSEL_SS_CRYSTALS_SALCO_5_15_1440x952px-1-768x576.png 768w\" alt=\"\" width=\"800\" height=\"600\" title=\"\"><br \/>\nSuszona i ekstra gruboziarnista czysta s\u00f3l do zastosowa\u0144 technicznych.<br \/>\nMOSES, nasza s\u00f3l techniczna lub przemys\u0142owa, ma r\u00f3\u017cne zastosowania. Mi\u0119dzy innymi jest u\u017cywana jako s\u00f3l wiertnicza na platformach wiertniczych lub do rafinacji w rafineriach ropy naftowej. Z drugiej strony, s\u00f3l przemys\u0142owa jest r\u00f3wnie\u017c u\u017cywana w przetw\u00f3rstwie ryb lub rybo\u0142\u00f3wstwie oraz do obr\u00f3bki sk\u00f3r. W rybo\u0142\u00f3wstwie s\u00f3l jest u\u017cywana do peklowania ryb. W obr\u00f3bce sk\u00f3r, sk\u00f3ry s\u0105 pokrywane kilkoma kilogramami soli do obr\u00f3bki sk\u00f3r, aby usun\u0105\u0107 wilgo\u0107 i zabi\u0107 bakterie.<\/p>\n<h5>Na bazie bardzo czystej soli<\/h5>\n<p>Najwy\u017csza jako\u015b\u0107 od\u017cywcza.<\/p>\n<h5>Produkt naturalny<\/h5>\n<p>W komunikacji z klientami podkre\u015bl naturalne w\u0142a\u015bciwo\u015bci soli morskiej.<\/p>\n<h5>Suszone i kalibrowane<\/h5>\n<p>Najnowsze maszyny i eksperci<\/p>\n<h5>S\u00f3l bez numer\u00f3w E<\/h5>\n<p>Idealny do linii produkcyjnych zar\u00f3wno konwencjonalnych, jak i ekologicznych.<\/p>\n<h5>Wielko\u015b\u0107 ziarna<\/h5>\n<p>2000-4500 mikrometr\u00f3w<\/p>\n<h5>Rodzaje surowc\u00f3w<\/h5>\n<p>S\u00f3l morska &#8211; S\u00f3l kamienna<\/p>\n<h5>Opakowanie<\/h5>\n<p>5KG &#8211; 10KG &#8211; 20KG &#8211; 25KG (WORKI)<br \/>\n1000KG &#8211; 1250KG &#8211; 1500KG (JAMBO)<\/p>\n<h5>Dodatki<\/h5>\n<p>Dost\u0119pne bez dodatk\u00f3w<br \/>\n(Dost\u0119pne z jodanem potasu (jod)<\/p>\n<h5>Sk\u0142adowanie<\/h5>\n<p>Przechowywa\u0107 w suchym miejscu.<\/p>\n<h5>Wysy\u0142ka<\/h5>\n<p>Ci\u0119\u017car\u00f3wka z przyczep\u0105<br \/>\nPodobne przedmioty<br \/>\n<a href=\"https:\/\/mosesexport.com\/pl\/moses-0-1-drobna-sol-morska-2\/\"><img decoding=\"async\" src=\"https:\/\/mosesexport.com\/wp-content\/uploads\/2024\/12\/a2ec6995cd284aeb7318468f7dbc1eb24788a3bd_Korrel_MARSEL_SALCO_0_1_1440x952px.png\" sizes=\"(max-width: 450px) 100vw, 450px\" srcset=\"https:\/\/mosesexport.com\/wp-content\/uploads\/2024\/12\/a2ec6995cd284aeb7318468f7dbc1eb24788a3bd_Korrel_MARSEL_SALCO_0_1_1440x952px.png 450w, https:\/\/mosesexport.com\/wp-content\/uploads\/2024\/12\/a2ec6995cd284aeb7318468f7dbc1eb24788a3bd_Korrel_MARSEL_SALCO_0_1_1440x952px-300x227.png 300w\" alt=\"MOSES\u00ae 0-1, fine Coarse sea salt\" width=\"450\" height=\"340\" title=\"\"><\/a><\/p>\n<h5><a href=\"https:\/\/mosesexport.com\/pl\/moses-0-1-drobna-sol-morska-2\/\">Moses\u00ae0-1, drobna s\u00f3l morska<\/a><\/h5>\n<p><a href=\"https:\/\/mosesexport.com\/pl\/moses-1-3-srednio-gruboziarnista-sol-morska-2\/\"><img decoding=\"async\" src=\"https:\/\/mosesexport.com\/wp-content\/uploads\/2024\/12\/f1663efdfb1064d7a7346f0c68dd4d0b3237f637_Korrel_MARSEL_SALCO_VAATWASZOUT_1_3_1440x952px.png\" sizes=\"(max-width: 450px) 100vw, 450px\" srcset=\"https:\/\/mosesexport.com\/wp-content\/uploads\/2024\/12\/f1663efdfb1064d7a7346f0c68dd4d0b3237f637_Korrel_MARSEL_SALCO_VAATWASZOUT_1_3_1440x952px.png 450w, https:\/\/mosesexport.com\/wp-content\/uploads\/2024\/12\/f1663efdfb1064d7a7346f0c68dd4d0b3237f637_Korrel_MARSEL_SALCO_VAATWASZOUT_1_3_1440x952px-300x227.png 300w\" alt=\"MOSES\u00ae 1-3, medium coarse sea salt\" width=\"450\" height=\"340\" title=\"\"><\/a><\/p>\n<h5><a href=\"https:\/\/mosesexport.com\/pl\/moses-1-3-srednio-gruboziarnista-sol-morska-2\/\">MOSES\u00ae 1-3, \u015brednio gruba s\u00f3l morska<\/a><\/h5>\n<p><a href=\"https:\/\/mosesexport.com\/pl\/moses-2-4-gruboziarnista-sol-morska-2\/\"><img loading=\"lazy\" decoding=\"async\" src=\"https:\/\/mosesexport.com\/wp-content\/uploads\/2024\/12\/d63eadae9f475324fc1e6510cb83aef2967549a3_Korrel_MARSEL_SALCO_VAATWASZOUT_2_4_1440x952px-1.png\" sizes=\"(max-width: 800px) 100vw, 800px\" srcset=\"https:\/\/mosesexport.com\/wp-content\/uploads\/2024\/12\/d63eadae9f475324fc1e6510cb83aef2967549a3_Korrel_MARSEL_SALCO_VAATWASZOUT_2_4_1440x952px-1.png 800w, https:\/\/mosesexport.com\/wp-content\/uploads\/2024\/12\/d63eadae9f475324fc1e6510cb83aef2967549a3_Korrel_MARSEL_SALCO_VAATWASZOUT_2_4_1440x952px-1-300x225.png 300w, https:\/\/mosesexport.com\/wp-content\/uploads\/2024\/12\/d63eadae9f475324fc1e6510cb83aef2967549a3_Korrel_MARSEL_SALCO_VAATWASZOUT_2_4_1440x952px-1-768x576.png 768w\" alt=\"\" width=\"800\" height=\"600\" title=\"\"><\/a><\/p>\n<h5><a href=\"https:\/\/mosesexport.com\/pl\/moses-2-4-gruboziarnista-sol-morska-2\/\">MOSES\u00ae 2-4, gruba s\u00f3l morska<\/a><\/h5>\n<p><a href=\"https:\/\/mosesexport.com\/pl\/moses-4-6-bardzo-gruboziarnista-sol-morska-2\/\"><img loading=\"lazy\" decoding=\"async\" src=\"https:\/\/mosesexport.com\/wp-content\/uploads\/2024\/12\/0d7a1d4d232cf44b3600e62f4070a522c14b0449_Korrel_MARSEL_SALCO_VAATWASZOUT_SS_GRANULAR_4_6_1440x952px.png\" sizes=\"(max-width: 450px) 100vw, 450px\" srcset=\"https:\/\/mosesexport.com\/wp-content\/uploads\/2024\/12\/0d7a1d4d232cf44b3600e62f4070a522c14b0449_Korrel_MARSEL_SALCO_VAATWASZOUT_SS_GRANULAR_4_6_1440x952px.png 450w, https:\/\/mosesexport.com\/wp-content\/uploads\/2024\/12\/0d7a1d4d232cf44b3600e62f4070a522c14b0449_Korrel_MARSEL_SALCO_VAATWASZOUT_SS_GRANULAR_4_6_1440x952px-300x227.png 300w\" alt=\"MOSES\u00ae 4-6, extra coarse sea salt\" width=\"450\" height=\"340\" title=\"\"><\/a><\/p>\n<h5><a href=\"https:\/\/mosesexport.com\/pl\/moses-4-6-bardzo-gruboziarnista-sol-morska-2\/\">MOSES\u00ae 4-6, s\u00f3l morska gruboziarnista<\/a><\/h5>\n<p><a href=\"https:\/\/mosesexport.com\/pl\/moses-4-15-bardzo-gruboziarnista-sol-morska-2\/\"><img loading=\"lazy\" decoding=\"async\" src=\"https:\/\/mosesexport.com\/wp-content\/uploads\/2024\/12\/aaafb1d6a58d37e1e96890dcc17c9e63707177d5_Korrel_MARSEL_SS_CRYSTALS_5_15_1440x952px.png\" sizes=\"(max-width: 450px) 100vw, 450px\" srcset=\"https:\/\/mosesexport.com\/wp-content\/uploads\/2024\/12\/aaafb1d6a58d37e1e96890dcc17c9e63707177d5_Korrel_MARSEL_SS_CRYSTALS_5_15_1440x952px.png 450w, https:\/\/mosesexport.com\/wp-content\/uploads\/2024\/12\/aaafb1d6a58d37e1e96890dcc17c9e63707177d5_Korrel_MARSEL_SS_CRYSTALS_5_15_1440x952px-300x227.png 300w\" alt=\"MOSES\u00ae 4-15, extra coarse sea salt\" width=\"450\" height=\"340\" title=\"\"><\/a><\/p>\n<h5><a href=\"https:\/\/mosesexport.com\/pl\/moses-4-15-bardzo-gruboziarnista-sol-morska-2\/\">MOSES\u00ae 4-15, s\u00f3l morska gruboziarnista<\/a><\/h5>\n<p><button>Previous<\/button><br \/>\n<button>Next<\/button><\/p>\n","protected":false},"excerpt":{"rendered":"<p>MOSES 6-15, s\u00f3l techniczna ekstra gruba Suszona i ekstra gruboziarnista czysta s\u00f3l do zastosowa\u0144 technicznych. MOSES, nasza s\u00f3l techniczna lub przemys\u0142owa, ma r\u00f3\u017cne zastosowania. Mi\u0119dzy innymi jest u\u017cywana jako s\u00f3l wiertnicza na platformach wiertniczych lub do rafinacji w rafineriach ropy naftowej. Z drugiej strony, s\u00f3l przemys\u0142owa jest r\u00f3wnie\u017c u\u017cywana w przetw\u00f3rstwie ryb lub rybo\u0142\u00f3wstwie oraz [&hellip;]<\/p>\n","protected":false},"author":2,"featured_media":32306,"parent":22081,"menu_order":0,"comment_status":"closed","ping_status":"closed","template":"","meta":{"footnotes":""},"class_list":["post-22025","page","type-page","status-publish","has-post-thumbnail","hentry"],"_links":{"self":[{"href":"https:\/\/mosesexport.com\/pl\/wp-json\/wp\/v2\/pages\/22025","targetHints":{"allow":["GET"]}}],"collection":[{"href":"https:\/\/mosesexport.com\/pl\/wp-json\/wp\/v2\/pages"}],"about":[{"href":"https:\/\/mosesexport.com\/pl\/wp-json\/wp\/v2\/types\/page"}],"author":[{"embeddable":true,"href":"https:\/\/mosesexport.com\/pl\/wp-json\/wp\/v2\/users\/2"}],"replies":[{"embeddable":true,"href":"https:\/\/mosesexport.com\/pl\/wp-json\/wp\/v2\/comments?post=22025"}],"version-history":[{"count":0,"href":"https:\/\/mosesexport.com\/pl\/wp-json\/wp\/v2\/pages\/22025\/revisions"}],"up":[{"embeddable":true,"href":"https:\/\/mosesexport.com\/pl\/wp-json\/wp\/v2\/pages\/22081"}],"wp:featuredmedia":[{"embeddable":true,"href":"https:\/\/mosesexport.com\/pl\/wp-json\/wp\/v2\/media\/32306"}],"wp:attachment":[{"href":"https:\/\/mosesexport.com\/pl\/wp-json\/wp\/v2\/media?parent=22025"}],"curies":[{"name":"wp","href":"https:\/\/api.w.org\/{rel}","templated":true}]}}