{"id":28918,"date":"2024-12-26T15:04:27","date_gmt":"2024-12-26T13:04:27","guid":{"rendered":"https:\/\/mosesexport.com\/sal-para-amaciamento-de-agua\/"},"modified":"2026-02-03T15:10:12","modified_gmt":"2026-02-03T13:10:12","slug":"sal-para-amaciamento-de-agua","status":"publish","type":"page","link":"https:\/\/mosesexport.com\/pt-br\/sal\/sal-para-tratamento-de-agua\/sal-para-amaciamento-de-agua\/","title":{"rendered":"Sal para amaciamento de \u00e1gua"},"content":{"rendered":"\t\t<div data-elementor-type=\"wp-page\" data-elementor-id=\"28918\" class=\"elementor elementor-28918 elementor-16866\">\n\t\t\t\t<div class=\"elementor-element elementor-element-f5593c4 e-flex e-con-boxed e-con e-parent\" data-id=\"f5593c4\" data-element_type=\"container\" data-e-type=\"container\" data-settings=\"{&quot;background_background&quot;:&quot;classic&quot;}\">\n\t\t\t\t\t<div class=\"e-con-inner\">\n\t\t\t\t<div class=\"elementor-element elementor-element-c145dc6 elementor-widget elementor-widget-heading\" data-id=\"c145dc6\" data-element_type=\"widget\" data-e-type=\"widget\" data-settings=\"{&quot;wdt_animation_effect&quot;:&quot;none&quot;}\" data-widget_type=\"heading.default\">\n\t\t\t\t<div class=\"elementor-widget-container\">\n\t\t\t\t\t<h3 class=\"elementor-heading-title elementor-size-default\">MOSES, Sal para Abrandamento de \u00c1gua<\/h3>\t\t\t\t<\/div>\n\t\t\t\t<\/div>\n\t\t\t\t<div class=\"elementor-element elementor-element-5800ac6 elementor-widget elementor-widget-heading\" data-id=\"5800ac6\" data-element_type=\"widget\" data-e-type=\"widget\" data-settings=\"{&quot;wdt_animation_effect&quot;:&quot;none&quot;}\" data-widget_type=\"heading.default\">\n\t\t\t\t<div class=\"elementor-widget-container\">\n\t\t\t\t\t<p class=\"elementor-heading-title elementor-size-default\">O que torna a \u00e1gua mais macia uma \u00e1gua melhor? E como o sal para amaciador de \u00e1gua ajuda? A \u00e1gua amaciada por um amaciador deixa o cabelo e a pele macios ap\u00f3s o banho matinal e pode melhorar o sabor da \u00e1gua que voc\u00ea bebe. O sal para amaciador de \u00e1gua ajuda a manter os amaciadores em \u00f3timas condi\u00e7\u00f5es para que continuem a fornecer \u00e1gua macia.   <\/p>\t\t\t\t<\/div>\n\t\t\t\t<\/div>\n\t\t\t\t\t<\/div>\n\t\t\t\t<\/div>\n\t\t\t\t<section class=\"elementor-section elementor-top-section elementor-element elementor-element-73e3c6d wdt-no-full-section elementor-section-boxed elementor-section-height-default elementor-section-height-default\" data-id=\"73e3c6d\" data-element_type=\"section\" data-e-type=\"section\" data-settings=\"{&quot;background_background&quot;:&quot;classic&quot;,&quot;wdt_bg_image&quot;:{&quot;url&quot;:&quot;&quot;,&quot;id&quot;:&quot;&quot;,&quot;size&quot;:&quot;&quot;},&quot;wdt_bg_image_tablet&quot;:{&quot;url&quot;:&quot;&quot;,&quot;id&quot;:&quot;&quot;,&quot;size&quot;:&quot;&quot;},&quot;wdt_bg_image_mobile&quot;:{&quot;url&quot;:&quot;&quot;,&quot;id&quot;:&quot;&quot;,&quot;size&quot;:&quot;&quot;},&quot;wdt_bg_position&quot;:&quot;center center&quot;,&quot;wdt_animation_effect&quot;:&quot;none&quot;}\">\n\t\t\t\t\t\t<div class=\"elementor-container elementor-column-gap-no\">\n\t\t\t\t\t<div class=\"elementor-column elementor-col-50 elementor-top-column elementor-element elementor-element-5647eac animated-fast elementor-invisible\" data-id=\"5647eac\" data-element_type=\"column\" data-e-type=\"column\" data-settings=\"{&quot;animation&quot;:&quot;fadeInLeft&quot;,&quot;animation_delay&quot;:&quot;100&quot;}\">\n\t\t\t<div class=\"elementor-widget-wrap elementor-element-populated\">\n\t\t\t\t\t\t<div class=\"elementor-element elementor-element-9f85b57 start elementor-widget elementor-widget-wdt-heading\" data-id=\"9f85b57\" data-element_type=\"widget\" data-e-type=\"widget\" data-settings=\"{&quot;item_background_background&quot;:&quot;classic&quot;,&quot;wdt_animation_effect&quot;:&quot;none&quot;}\" data-widget_type=\"wdt-heading.default\">\n\t\t\t\t<div class=\"elementor-widget-container\">\n\t\t\t\t\t<div class=\"wdt-heading-holder \" id=\"wdt-heading-9f85b57\"><div class=\"wdt-heading-content-wrapper\">N\u00e3o escolha qualquer sal para o seu amaciador de \u00e1gua. Afinal, a qualidade da sua \u00e1gua depende muito do sal que voc\u00ea usa. O sal MOSES\u00ae \u00e9 de qualidade alimentar, proporcionando \u00e1gua macia e pura sem preocupa\u00e7\u00f5es. O alto n\u00edvel de pureza do MOSES\u00ae garante que seu amaciador de \u00e1gua funcione melhor e tenha uma vida \u00fatil mais longa.<\/div><\/div>\t\t\t\t<\/div>\n\t\t\t\t<\/div>\n\t\t\t\t\t<\/div>\n\t\t<\/div>\n\t\t\t\t<div class=\"wdt-sticky-column elementor-column elementor-col-50 elementor-top-column elementor-element elementor-element-796fc76 wdt-cus-grid-img-counter\" data-wdt-settings=\"{&quot;id&quot;:&quot;796fc76&quot;,&quot;sticky&quot;:true,&quot;topSpacing&quot;:50,&quot;bottomSpacing&quot;:50,&quot;stickyOn&quot;:[&quot;laptop&quot;,&quot;tablet_extra&quot;],&quot;overflowHidden&quot;:false}\" data-id=\"796fc76\" data-element_type=\"column\" data-e-type=\"column\">\n\t\t\t<div class=\"elementor-widget-wrap elementor-element-populated\">\n\t\t\t\t\t\t<div class=\"elementor-element elementor-element-3e2e91b elementor-widget elementor-widget-image\" data-id=\"3e2e91b\" data-element_type=\"widget\" data-e-type=\"widget\" data-settings=\"{&quot;wdt_animation_effect&quot;:&quot;none&quot;}\" data-widget_type=\"image.default\">\n\t\t\t\t<div class=\"elementor-widget-container\">\n\t\t\t\t\t\t\t\t\t\t\t\t\t\t\t<img fetchpriority=\"high\" decoding=\"async\" width=\"1138\" height=\"1200\" src=\"https:\/\/mosesexport.com\/wp-content\/uploads\/2024\/12\/\u0628\u062f\u0648\u0646-\u062e\u0644\u0641\u064a\u0629-\u062c\u0647\u0627\u0632-\u062a\u0646\u0642\u064a\u0629-\u0627\u0644\u0645\u064a\u0627\u06471.png\" class=\"attachment-full size-full wp-image-28921\" alt=\"amaciador de \u00e1gua sem sal\" srcset=\"https:\/\/mosesexport.com\/wp-content\/uploads\/2024\/12\/\u0628\u062f\u0648\u0646-\u062e\u0644\u0641\u064a\u0629-\u062c\u0647\u0627\u0632-\u062a\u0646\u0642\u064a\u0629-\u0627\u0644\u0645\u064a\u0627\u06471.png 1138w, https:\/\/mosesexport.com\/wp-content\/uploads\/2024\/12\/\u0628\u062f\u0648\u0646-\u062e\u0644\u0641\u064a\u0629-\u062c\u0647\u0627\u0632-\u062a\u0646\u0642\u064a\u0629-\u0627\u0644\u0645\u064a\u0627\u06471-1000x1054.png 1000w, https:\/\/mosesexport.com\/wp-content\/uploads\/2024\/12\/\u0628\u062f\u0648\u0646-\u062e\u0644\u0641\u064a\u0629-\u062c\u0647\u0627\u0632-\u062a\u0646\u0642\u064a\u0629-\u0627\u0644\u0645\u064a\u0627\u06471-285x300.png 285w, https:\/\/mosesexport.com\/wp-content\/uploads\/2024\/12\/\u0628\u062f\u0648\u0646-\u062e\u0644\u0641\u064a\u0629-\u062c\u0647\u0627\u0632-\u062a\u0646\u0642\u064a\u0629-\u0627\u0644\u0645\u064a\u0627\u06471-971x1024.png 971w, https:\/\/mosesexport.com\/wp-content\/uploads\/2024\/12\/\u0628\u062f\u0648\u0646-\u062e\u0644\u0641\u064a\u0629-\u062c\u0647\u0627\u0632-\u062a\u0646\u0642\u064a\u0629-\u0627\u0644\u0645\u064a\u0627\u06471-768x810.png 768w\" sizes=\"(max-width: 1138px) 100vw, 1138px\" title=\"\">\t\t\t\t\t\t\t\t\t\t\t\t\t\t\t<\/div>\n\t\t\t\t<\/div>\n\t\t\t\t\t<\/div>\n\t\t<\/div>\n\t\t\t\t\t<\/div>\n\t\t<\/section>\n\t\t<div class=\"elementor-element elementor-element-5e15de5 e-flex e-con-boxed e-con e-parent\" data-id=\"5e15de5\" data-element_type=\"container\" data-e-type=\"container\" data-settings=\"{&quot;background_background&quot;:&quot;classic&quot;}\">\n\t\t\t\t\t<div class=\"e-con-inner\">\n\t\t\t\t<div class=\"elementor-element elementor-element-6d94779 elementor-widget elementor-widget-heading\" data-id=\"6d94779\" data-element_type=\"widget\" data-e-type=\"widget\" data-settings=\"{&quot;wdt_animation_effect&quot;:&quot;none&quot;}\" data-widget_type=\"heading.default\">\n\t\t\t\t<div class=\"elementor-widget-container\">\n\t\t\t\t\t<h4 class=\"elementor-heading-title elementor-size-default\">sal amaciante<\/h4>\t\t\t\t<\/div>\n\t\t\t\t<\/div>\n\t\t\t\t<div class=\"elementor-element elementor-element-095208e elementor-widget elementor-widget-heading\" data-id=\"095208e\" data-element_type=\"widget\" data-e-type=\"widget\" data-settings=\"{&quot;wdt_animation_effect&quot;:&quot;none&quot;}\" data-widget_type=\"heading.default\">\n\t\t\t\t<div class=\"elementor-widget-container\">\n\t\t\t\t\t<p class=\"elementor-heading-title elementor-size-default\">A diferen\u00e7a entre \u00e1gua macia e \u00e1gua dura se traduz em roupas mais brancas, toalhas mais macias, lou\u00e7as brilhantes e menos ac\u00famulo de res\u00edduos em canos e eletrodom\u00e9sticos. Com \u00e1gua mais macia, voc\u00ea pode desfrutar de um lar mais acolhedor.  <\/p>\t\t\t\t<\/div>\n\t\t\t\t<\/div>\n\t\t\t\t\t<\/div>\n\t\t\t\t<\/div>\n\t\t<div class=\"elementor-element elementor-element-5d13082 e-flex e-con-boxed e-con e-parent\" data-id=\"5d13082\" data-element_type=\"container\" data-e-type=\"container\">\n\t\t\t\t\t<div class=\"e-con-inner\">\n\t\t\t\t<div class=\"elementor-element elementor-element-8ae8894 start start wdt-cus-service-style-01 elementor-widget elementor-widget-wdt-image-box\" data-id=\"8ae8894\" data-element_type=\"widget\" data-e-type=\"widget\" data-settings=\"{&quot;button_normal_background_background&quot;:&quot;classic&quot;,&quot;button_normal_background_color&quot;:&quot;#FFC52700&quot;,&quot;button_hover_background_background&quot;:&quot;classic&quot;,&quot;button_hover_background_color&quot;:&quot;#FFC52700&quot;,&quot;columns&quot;:&quot;3&quot;,&quot;item_normal_background_background&quot;:&quot;classic&quot;,&quot;item_hover_background_background&quot;:&quot;gradient&quot;,&quot;_animation&quot;:&quot;none&quot;,&quot;columns_tablet&quot;:2,&quot;columns_mobile&quot;:1,&quot;carousel_arrows_prev_arrow_vertical_top_indent&quot;:{&quot;unit&quot;:&quot;%&quot;,&quot;size&quot;:&quot;&quot;,&quot;sizes&quot;:[]},&quot;carousel_arrows_prev_arrow_vertical_top_indent_tablet&quot;:{&quot;unit&quot;:&quot;%&quot;,&quot;size&quot;:&quot;&quot;,&quot;sizes&quot;:[]},&quot;carousel_arrows_prev_arrow_vertical_top_indent_mobile&quot;:{&quot;unit&quot;:&quot;%&quot;,&quot;size&quot;:&quot;&quot;,&quot;sizes&quot;:[]},&quot;carousel_arrows_prev_arrow_horizontal_left_indent&quot;:{&quot;unit&quot;:&quot;%&quot;,&quot;size&quot;:&quot;&quot;,&quot;sizes&quot;:[]},&quot;carousel_arrows_prev_arrow_horizontal_left_indent_tablet&quot;:{&quot;unit&quot;:&quot;%&quot;,&quot;size&quot;:&quot;&quot;,&quot;sizes&quot;:[]},&quot;carousel_arrows_prev_arrow_horizontal_left_indent_mobile&quot;:{&quot;unit&quot;:&quot;%&quot;,&quot;size&quot;:&quot;&quot;,&quot;sizes&quot;:[]},&quot;carousel_arrows_next_arrow_vertical_top_indent&quot;:{&quot;unit&quot;:&quot;%&quot;,&quot;size&quot;:&quot;&quot;,&quot;sizes&quot;:[]},&quot;carousel_arrows_next_arrow_vertical_top_indent_tablet&quot;:{&quot;unit&quot;:&quot;%&quot;,&quot;size&quot;:&quot;&quot;,&quot;sizes&quot;:[]},&quot;carousel_arrows_next_arrow_vertical_top_indent_mobile&quot;:{&quot;unit&quot;:&quot;%&quot;,&quot;size&quot;:&quot;&quot;,&quot;sizes&quot;:[]},&quot;carousel_arrows_next_arrow_horizontal_left_indent&quot;:{&quot;unit&quot;:&quot;%&quot;,&quot;size&quot;:&quot;&quot;,&quot;sizes&quot;:[]},&quot;carousel_arrows_next_arrow_horizontal_left_indent_tablet&quot;:{&quot;unit&quot;:&quot;%&quot;,&quot;size&quot;:&quot;&quot;,&quot;sizes&quot;:[]},&quot;carousel_arrows_next_arrow_horizontal_left_indent_mobile&quot;:{&quot;unit&quot;:&quot;%&quot;,&quot;size&quot;:&quot;&quot;,&quot;sizes&quot;:[]},&quot;wdt_animation_effect&quot;:&quot;none&quot;}\" data-widget_type=\"wdt-image-box.default\">\n\t\t\t\t<div class=\"elementor-widget-container\">\n\t\t\t\t\t<div class=\"wdt-image-box-holder wdt-content-item-holder wdt-column-holder wdt-rc-template-custom-template\" id=\"wdt-image-box-8ae8894\" data-settings=\"{&quot;enable_popup&quot;:&quot;&quot;,&quot;enable_hover_class&quot;:&quot;&quot;}\"><div class=\"wdt-column-wrapper wdt-column-gap-wide wdt-snap-scroll-enabled\" data-column-settings=\"{&quot;columnDevices&quot;:[&quot;tablet&quot;,&quot;mobile&quot;]}\" data-module-id=\"wdt-module-id-8ae8894\" id=\"wdt-module-id-8ae8894\"><div class=\"wdt-column\"><div class=\"wdt-content-item\"><div class=\"wdt-content-media-group\"><div class=\"wdt-content-elements-group wdt-media-group wdt-media-image-cover\"><div class=\"wdt-content-image-wrapper \"><div class=\"wdt-content-image\"><a href=\"https:\/\/mosesexport.com\/pt-br\/moses-regular-comprimidos-de-sal\/\"><img decoding=\"async\" width=\"800\" height=\"600\" src=\"https:\/\/mosesexport.com\/wp-content\/uploads\/2024\/12\/\u0627\u0642\u0631\u0627\u0635.png\" class=\"attachment-full size-full wp-image-15943\" alt=\"MOSES\u00ae REGULAR, Salt Tablets\" srcset=\"https:\/\/mosesexport.com\/wp-content\/uploads\/2024\/12\/\u0627\u0642\u0631\u0627\u0635.png 800w, https:\/\/mosesexport.com\/wp-content\/uploads\/2024\/12\/\u0627\u0642\u0631\u0627\u0635-600x450.png 600w, https:\/\/mosesexport.com\/wp-content\/uploads\/2024\/12\/\u0627\u0642\u0631\u0627\u0635-300x225.png 300w, https:\/\/mosesexport.com\/wp-content\/uploads\/2024\/12\/\u0627\u0642\u0631\u0627\u0635-768x576.png 768w\" sizes=\"(max-width: 800px) 100vw, 800px\" title=\"\"><\/a><\/div><\/div><div class=\"wdt-media-image-cover-container\"><div class=\"wdt-content-button wdt-button-clone\"><a href=\"https:\/\/mosesexport.com\/pt-br\/moses-regular-comprimidos-de-sal\/\"><div class=\"wdt-button-text\"><span>View<\/span><\/div><\/a><\/div><\/div><\/div><\/div><div class=\"wdt-content-detail-group\"><div class=\"wdt-content-title\"><h5><a href=\"https:\/\/mosesexport.com\/pt-br\/moses-regular-comprimidos-de-sal\/\">MOSES\u00ae REGULAR, Comprimidos de Sal<\/a><\/h5><\/div><div class=\"wdt-content-description\">Pastilhas de sal de alta qualidade para todos os tipos de amaciadores de \u00e1gua.<\/div><\/div><\/div><\/div><div class=\"wdt-column\"><div class=\"wdt-content-item\"><div class=\"wdt-content-media-group\"><div class=\"wdt-content-elements-group wdt-media-group wdt-media-image-cover\"><div class=\"wdt-content-image-wrapper \"><div class=\"wdt-content-image\"><a href=\"https:\/\/mosesexport.com\/pt-br\/cristais-moses-cristais-de-sal\/\"><img decoding=\"async\" width=\"800\" height=\"600\" src=\"https:\/\/mosesexport.com\/wp-content\/uploads\/2024\/12\/\u0645\u0644\u062d-\u0628\u062d\u0631.png\" class=\"attachment-full size-full wp-image-16308\" alt=\"\" srcset=\"https:\/\/mosesexport.com\/wp-content\/uploads\/2024\/12\/\u0645\u0644\u062d-\u0628\u062d\u0631.png 800w, https:\/\/mosesexport.com\/wp-content\/uploads\/2024\/12\/\u0645\u0644\u062d-\u0628\u062d\u0631-600x450.png 600w, https:\/\/mosesexport.com\/wp-content\/uploads\/2024\/12\/\u0645\u0644\u062d-\u0628\u062d\u0631-300x225.png 300w, https:\/\/mosesexport.com\/wp-content\/uploads\/2024\/12\/\u0645\u0644\u062d-\u0628\u062d\u0631-768x576.png 768w\" sizes=\"(max-width: 800px) 100vw, 800px\" title=\"\"><\/a><\/div><\/div><div class=\"wdt-media-image-cover-container\"><div class=\"wdt-content-button wdt-button-clone\"><a href=\"https:\/\/mosesexport.com\/pt-br\/cristais-moses-cristais-de-sal\/\"><div class=\"wdt-button-text\"><span>View<\/span><\/div><\/a><\/div><\/div><\/div><\/div><div class=\"wdt-content-detail-group\"><div class=\"wdt-content-title\"><h5><a href=\"https:\/\/mosesexport.com\/pt-br\/cristais-moses-cristais-de-sal\/\">MOSES\u00ae CRYSTALS, Cristais de Sal<\/a><\/h5><\/div><div class=\"wdt-content-description\">Cristais de sal 100% naturais. A refer\u00eancia definitiva em sal para amaciamento de \u00e1gua.<\/div><\/div><\/div><\/div><\/div><div class=\"wdt-column-pagination wdt-snap-scroll-pagination\">\n\t\t\t\t\t\t<button class=\"wdt-pagination-prev wdt-module-id-8ae8894\">Previous<\/button>\n\t\t\t\t\t\t<button class=\"wdt-pagination-next wdt-module-id-8ae8894\">Next<\/button><\/div><\/div>\t\t\t\t<\/div>\n\t\t\t\t<\/div>\n\t\t\t\t\t<\/div>\n\t\t\t\t<\/div>\n\t\t<div class=\"elementor-element elementor-element-5496e84 e-flex e-con-boxed e-con e-parent\" data-id=\"5496e84\" data-element_type=\"container\" data-e-type=\"container\">\n\t\t\t\t\t<div class=\"e-con-inner\">\n\t\t\t\t<div class=\"elementor-element elementor-element-125031a wdt-cus-accordion1 elementor-widget elementor-widget-wdt-accordion-and-toggle\" data-id=\"125031a\" data-element_type=\"widget\" data-e-type=\"widget\" data-settings=\"{&quot;wdt_animation_effect&quot;:&quot;none&quot;}\" data-widget_type=\"wdt-accordion-and-toggle.default\">\n\t\t\t\t<div class=\"elementor-widget-container\">\n\t\t\t\t\t<div class=\"wdt-accordion-toggle-holder wdt-module-toggle wdt-template-classic wdt-expand-collapse-position-end\" id=\"wdt-accordion-and-toggle-125031a\"><div class=\"wdt-accordion-toggle-wrapper\"><div class=\"wdt-accordion-toggle-title-holder\"><div class=\"wdt-accordion-toggle-title\"><div class=\"wdt-accordion-toggle-title-prefix number\">1<\/div>Por que o sal?<\/div><div class=\"wdt-accordion-toggle-icon\"><div class=\"wdt-accordion-toggle-icon-expand\"><svg aria-hidden=\"true\" class=\"e-font-icon-svg e-fas-chevron-down\" viewBox=\"0 0 448 512\" xmlns=\"http:\/\/www.w3.org\/2000\/svg\"><path d=\"M207.029 381.476L12.686 187.132c-9.373-9.373-9.373-24.569 0-33.941l22.667-22.667c9.357-9.357 24.522-9.375 33.901-.04L224 284.505l154.745-154.021c9.379-9.335 24.544-9.317 33.901.04l22.667 22.667c9.373 9.373 9.373 24.569 0 33.941L240.971 381.476c-9.373 9.372-24.569 9.372-33.942 0z\"><\/path><\/svg><\/div><div class=\"wdt-accordion-toggle-icon-collapse\"><svg aria-hidden=\"true\" class=\"e-font-icon-svg e-fas-chevron-right\" viewBox=\"0 0 320 512\" xmlns=\"http:\/\/www.w3.org\/2000\/svg\"><path d=\"M285.476 272.971L91.132 467.314c-9.373 9.373-24.569 9.373-33.941 0l-22.667-22.667c-9.357-9.357-9.375-24.522-.04-33.901L188.505 256 34.484 101.255c-9.335-9.379-9.317-24.544.04-33.901l22.667-22.667c9.373-9.373 24.569-9.373 33.941 0L285.475 239.03c9.373 9.372 9.373 24.568.001 33.941z\"><\/path><\/svg><\/div><\/div><\/div><div class=\"wdt-accordion-toggle-description\">O sal \u00e9 usado para preparar a salmoura que limpa, ou \"regenera\", as resinas.\n\nUse sempre um sal de alta pureza, especificamente formulado para uso em amaciadores de \u00e1gua. O sal de cozinha fino ou o sal de mesa podem interferir no desempenho do amaciador, enquanto o sal marinho grosso ou o sal grosso podem conter impurezas.\n\n\u00c9 particularmente importante usar um amaciador de \u00e1gua de \"troca i\u00f4nica\" \u2013 ou seja, um que utiliza sal para limpar a resina que ret\u00e9m os minerais respons\u00e1veis \u200b\u200bpela dureza da \u00e1gua. Aparelhos que alegam usar for\u00e7as magn\u00e9ticas ou el\u00e9tricas podem ser mais baratos, mas n\u00e3o removem a dureza.<\/div><\/div><div class=\"wdt-accordion-toggle-wrapper\"><div class=\"wdt-accordion-toggle-title-holder\"><div class=\"wdt-accordion-toggle-title\"><div class=\"wdt-accordion-toggle-title-prefix number\">2<\/div>O que torna a \u00e1gua dura?<\/div><div class=\"wdt-accordion-toggle-icon\"><div class=\"wdt-accordion-toggle-icon-expand\"><svg aria-hidden=\"true\" class=\"e-font-icon-svg e-fas-chevron-down\" viewBox=\"0 0 448 512\" xmlns=\"http:\/\/www.w3.org\/2000\/svg\"><path d=\"M207.029 381.476L12.686 187.132c-9.373-9.373-9.373-24.569 0-33.941l22.667-22.667c9.357-9.357 24.522-9.375 33.901-.04L224 284.505l154.745-154.021c9.379-9.335 24.544-9.317 33.901.04l22.667 22.667c9.373 9.373 9.373 24.569 0 33.941L240.971 381.476c-9.373 9.372-24.569 9.372-33.942 0z\"><\/path><\/svg><\/div><div class=\"wdt-accordion-toggle-icon-collapse\"><svg aria-hidden=\"true\" class=\"e-font-icon-svg e-fas-chevron-right\" viewBox=\"0 0 320 512\" xmlns=\"http:\/\/www.w3.org\/2000\/svg\"><path d=\"M285.476 272.971L91.132 467.314c-9.373 9.373-24.569 9.373-33.941 0l-22.667-22.667c-9.357-9.357-9.375-24.522-.04-33.901L188.505 256 34.484 101.255c-9.335-9.379-9.317-24.544.04-33.901l22.667-22.667c9.373-9.373 24.569-9.373 33.941 0L285.475 239.03c9.373 9.372 9.373 24.568.001 33.941z\"><\/path><\/svg><\/div><\/div><\/div><div class=\"wdt-accordion-toggle-description\">A express\u00e3o \"\u00e1gua dura\" descreve a \u00e1gua que cont\u00e9m c\u00e1lcio e magn\u00e9sio, os minerais respons\u00e1veis \u200b\u200bpela dureza. A \u00e1gua da chuva come\u00e7a como \u00e1gua mole, livre desses minerais, e \u00e0 medida que passa pela superf\u00edcie e pelo solo, fluindo para lagos, rios, c\u00f3rregos e len\u00e7\u00f3is fre\u00e1ticos, absorve os minerais que conferem dureza. Embora esses minerais n\u00e3o sejam prejudiciais \u00e0 sa\u00fade, eles afetam as propriedades da \u00e1gua e sua efic\u00e1cia na lavagem e limpeza.<\/div><\/div><div class=\"wdt-accordion-toggle-wrapper\"><div class=\"wdt-accordion-toggle-title-holder\"><div class=\"wdt-accordion-toggle-title\"><div class=\"wdt-accordion-toggle-title-prefix number\">3<\/div>Quais os efeitos da \u00e1gua dura?<\/div><div class=\"wdt-accordion-toggle-icon\"><div class=\"wdt-accordion-toggle-icon-expand\"><svg aria-hidden=\"true\" class=\"e-font-icon-svg e-fas-chevron-down\" viewBox=\"0 0 448 512\" xmlns=\"http:\/\/www.w3.org\/2000\/svg\"><path d=\"M207.029 381.476L12.686 187.132c-9.373-9.373-9.373-24.569 0-33.941l22.667-22.667c9.357-9.357 24.522-9.375 33.901-.04L224 284.505l154.745-154.021c9.379-9.335 24.544-9.317 33.901.04l22.667 22.667c9.373 9.373 9.373 24.569 0 33.941L240.971 381.476c-9.373 9.372-24.569 9.372-33.942 0z\"><\/path><\/svg><\/div><div class=\"wdt-accordion-toggle-icon-collapse\"><svg aria-hidden=\"true\" class=\"e-font-icon-svg e-fas-chevron-right\" viewBox=\"0 0 320 512\" xmlns=\"http:\/\/www.w3.org\/2000\/svg\"><path d=\"M285.476 272.971L91.132 467.314c-9.373 9.373-24.569 9.373-33.941 0l-22.667-22.667c-9.357-9.357-9.375-24.522-.04-33.901L188.505 256 34.484 101.255c-9.335-9.379-9.317-24.544.04-33.901l22.667-22.667c9.373-9.373 24.569-9.373 33.941 0L285.475 239.03c9.373 9.372 9.373 24.568.001 33.941z\"><\/path><\/svg><\/div><\/div><\/div><div class=\"wdt-accordion-toggle-description\">A \u00e1gua dura pode transformar as tarefas dom\u00e9sticas mais simples em um verdadeiro trabalho \u00e1rduo. Copos e pratos ficam com manchas. As roupas parecem mais opacas e n\u00e3o s\u00e3o t\u00e3o macias. Os acess\u00f3rios do banheiro desenvolvem uma pel\u00edcula desagrad\u00e1vel. Sabonetes e detergentes para roupa n\u00e3o fazem espuma adequadamente. At\u00e9 mesmo a pele e o cabelo n\u00e3o ficam t\u00e3o limpos. A \u00e1gua dura tamb\u00e9m danifica os eletrodom\u00e9sticos, principalmente m\u00e1quinas de lavar roupa, lava-lou\u00e7as e aquecedores de \u00e1gua.<\/div><\/div><\/div>\t\t\t\t<\/div>\n\t\t\t\t<\/div>\n\t\t\t\t\t<\/div>\n\t\t\t\t<\/div>\n\t\t\t\t<\/div>\n\t\t","protected":false},"excerpt":{"rendered":"<p>MOSES, Sal para Abrandamento de \u00c1gua O que torna a \u00e1gua mais macia uma \u00e1gua melhor? E como o sal para amaciador de \u00e1gua ajuda? A \u00e1gua amaciada por um amaciador deixa o cabelo e a pele macios ap\u00f3s o banho matinal e pode melhorar o sabor da \u00e1gua que voc\u00ea bebe. O sal para [&hellip;]<\/p>\n","protected":false},"author":1,"featured_media":32095,"parent":28905,"menu_order":0,"comment_status":"closed","ping_status":"closed","template":"","meta":{"footnotes":""},"class_list":["post-28918","page","type-page","status-publish","has-post-thumbnail","hentry"],"_links":{"self":[{"href":"https:\/\/mosesexport.com\/pt-br\/wp-json\/wp\/v2\/pages\/28918","targetHints":{"allow":["GET"]}}],"collection":[{"href":"https:\/\/mosesexport.com\/pt-br\/wp-json\/wp\/v2\/pages"}],"about":[{"href":"https:\/\/mosesexport.com\/pt-br\/wp-json\/wp\/v2\/types\/page"}],"author":[{"embeddable":true,"href":"https:\/\/mosesexport.com\/pt-br\/wp-json\/wp\/v2\/users\/1"}],"replies":[{"embeddable":true,"href":"https:\/\/mosesexport.com\/pt-br\/wp-json\/wp\/v2\/comments?post=28918"}],"version-history":[{"count":0,"href":"https:\/\/mosesexport.com\/pt-br\/wp-json\/wp\/v2\/pages\/28918\/revisions"}],"up":[{"embeddable":true,"href":"https:\/\/mosesexport.com\/pt-br\/wp-json\/wp\/v2\/pages\/28905"}],"wp:featuredmedia":[{"embeddable":true,"href":"https:\/\/mosesexport.com\/pt-br\/wp-json\/wp\/v2\/media\/32095"}],"wp:attachment":[{"href":"https:\/\/mosesexport.com\/pt-br\/wp-json\/wp\/v2\/media?parent=28918"}],"curies":[{"name":"wp","href":"https:\/\/api.w.org\/{rel}","templated":true}]}}